{"id":21892,"date":"2025-10-20T23:15:59","date_gmt":"2025-10-20T21:15:59","guid":{"rendered":"https:\/\/vegaconsultants.no\/jobbsoker\/ledige-stillinger\/mc-commissioning-engineer-eit-3004330\/"},"modified":"2025-10-20T23:15:59","modified_gmt":"2025-10-20T21:15:59","slug":"mc-commissioning-engineer-eit-3004330","status":"publish","type":"page","link":"https:\/\/vegaconsultants.no\/en\/jobbsoker\/ledige-stillinger\/mc-commissioning-engineer-eit-3004330\/","title":{"rendered":"MC, Commissioning Engineer EIT"},"content":{"rendered":"<div class='vacancy-detail'>\n<div class='bold'>Vega Consultants AS<\/div>\n<div class='bold'>MC, Commissioning Engineer EIT<\/div>\n<div class='vacancy-body'>\n<h3><strong>Job duties:<\/strong><\/h3>\n<ul>\n<li>MC\/COMM. engineer for the EIT subject.<\/li>\n<li>Mainly study work and design.<\/li>\n<li>If needed, it is possible to assist as a field engineer in the field.<\/li>\n<li>5 day work week<\/li>\n<\/ul>\n<h3><strong>Qualifications:<\/strong><\/h3>\n<ul>\n<li>Bachelor&#039;s degree\/Technical college preferred.&nbsp;<\/li>\n<li>Minimum relevant professional certificate.<\/li>\n<li>Basic EX course \u2013 Minimum 6-8 hours online<\/li>\n<li>FSE high and low voltage with first aid<\/li>\n<li>1-2 years of experience in study work or project realization.&nbsp;<\/li>\n<li>Experience with Procosys, and building the structure (MC\/Comm.Pkg).&nbsp;<\/li>\n<li>Responsibility for testing procedures.<\/li>\n<li>The candidate must be fluent in Norwegian and English (fluent and oral).&nbsp;<\/li>\n<li>IT systems such as ProCoSys and PIMS365 are used during the realization phase.<\/li>\n<\/ul>\n<p><strong><em>For more information about this position, please call Grethe Borg on 905 21 929.<\/em><\/strong><\/p>\n<h3><\/h3>\n<\/div>\n<div class='vega-button'><span><a href='https:\/\/secure.webtemp.no\/WebtempCVPortal\/startsession.aspx?page=stillingsingle&amp;k=169&amp;id_utleie=3004330'>More info\/search here<\/a><\/span><\/div>\n<p><\/p>\n<hr>\n<div>\n<h4>REFNR<\/h4>\n<p>403200<\/p><\/div>\n<div>\n<h4>POSITION TYPE<\/h4>\n<p>Full-time<br \/>Temporary position\/engagement<\/div>\n<div>\n<h4>APPLICATION DEADLINE<\/h4>\n<p>ASAP<\/p><\/div>\n<div class='vacancy-consultant'>\n<h4>CONTACT PERSON(S)<\/h4>\n<div>Grethe Borg<\/div>\n<div>90 52 19 29<\/div>\n<div>grethe.borg@vegaconsultants.no<\/div>\n<\/div>\n<\/div>","protected":false},"excerpt":{"rendered":"<p>Vega Consultants AS MC, Commissioning Engineer EIT Arbeidsoppgaver: MC\/COMM. engineer for EIT faget. I hovedesak studie arbeid og prosjektering. Ved behov er det mulig \u00e5 bist\u00e5 som feltingeni\u00f8r i felt. 5 dagers arbeidsuke Kvalifikasjoner: \u00d8nskelig med Bachelor\/Teknisk fagskole.&nbsp; Minimum relevant fagbrev. Grunnleggende EX kurs &#8211; Minimum 6-8 timer online FSE h\u00f8y og lavtspent med f\u00f8rstehjelp [&hellip;]<\/p>\n","protected":false},"author":1,"featured_media":0,"parent":4051,"menu_order":0,"comment_status":"closed","ping_status":"closed","template":"","meta":{"_et_pb_use_builder":"","_et_pb_old_content":"","_et_gb_content_width":"","footnotes":""},"class_list":["post-21892","page","type-page","status-publish","hentry"],"yoast_head":"<!-- This site is optimized with the Yoast SEO plugin v27.4 - https:\/\/yoast.com\/product\/yoast-seo-wordpress\/ -->\n<title>MC, Commissioning Engineer EIT - Vega Consultants<\/title>\n<meta name=\"robots\" content=\"index, follow, max-snippet:-1, max-image-preview:large, max-video-preview:-1\" \/>\n<link rel=\"canonical\" href=\"https:\/\/vegaconsultants.no\/en\/jobbsoker\/ledige-stillinger\/mc-commissioning-engineer-eit-3004330\/\" \/>\n<meta property=\"og:locale\" content=\"en_GB\" \/>\n<meta property=\"og:type\" content=\"article\" \/>\n<meta property=\"og:title\" content=\"MC, Commissioning Engineer EIT - Vega Consultants\" \/>\n<meta property=\"og:description\" content=\"Vega Consultants AS MC, Commissioning Engineer EIT Arbeidsoppgaver: MC\/COMM. engineer for EIT faget. I hovedesak studie arbeid og prosjektering. Ved behov er det mulig \u00e5 bist\u00e5 som feltingeni\u00f8r i felt. 5 dagers arbeidsuke Kvalifikasjoner: \u00d8nskelig med Bachelor\/Teknisk fagskole.&nbsp; Minimum relevant fagbrev. Grunnleggende EX kurs &#8211; Minimum 6-8 timer online FSE h\u00f8y og lavtspent med f\u00f8rstehjelp [&hellip;]\" \/>\n<meta property=\"og:url\" content=\"https:\/\/vegaconsultants.no\/en\/jobbsoker\/ledige-stillinger\/mc-commissioning-engineer-eit-3004330\/\" \/>\n<meta property=\"og:site_name\" content=\"Vega Consultants\" \/>\n<meta name=\"twitter:card\" content=\"summary_large_image\" \/>\n<meta name=\"twitter:label1\" content=\"Estimated reading time\" \/>\n\t<meta name=\"twitter:data1\" content=\"1 minute\" \/>\n<script type=\"application\/ld+json\" class=\"yoast-schema-graph\">{\"@context\":\"https:\\\/\\\/schema.org\",\"@graph\":[{\"@type\":\"WebPage\",\"@id\":\"https:\\\/\\\/vegaconsultants.no\\\/jobbsoker\\\/ledige-stillinger\\\/mc-commissioning-engineer-eit-3004330\\\/\",\"url\":\"https:\\\/\\\/vegaconsultants.no\\\/jobbsoker\\\/ledige-stillinger\\\/mc-commissioning-engineer-eit-3004330\\\/\",\"name\":\"MC, Commissioning Engineer EIT - Vega Consultants\",\"isPartOf\":{\"@id\":\"https:\\\/\\\/vegaconsultants.no\\\/#website\"},\"datePublished\":\"2025-10-20T21:15:59+00:00\",\"breadcrumb\":{\"@id\":\"https:\\\/\\\/vegaconsultants.no\\\/jobbsoker\\\/ledige-stillinger\\\/mc-commissioning-engineer-eit-3004330\\\/#breadcrumb\"},\"inLanguage\":\"en-GB\",\"potentialAction\":[{\"@type\":\"ReadAction\",\"target\":[\"https:\\\/\\\/vegaconsultants.no\\\/jobbsoker\\\/ledige-stillinger\\\/mc-commissioning-engineer-eit-3004330\\\/\"]}]},{\"@type\":\"BreadcrumbList\",\"@id\":\"https:\\\/\\\/vegaconsultants.no\\\/jobbsoker\\\/ledige-stillinger\\\/mc-commissioning-engineer-eit-3004330\\\/#breadcrumb\",\"itemListElement\":[{\"@type\":\"ListItem\",\"position\":1,\"name\":\"Home\",\"item\":\"https:\\\/\\\/vegaconsultants.no\\\/\"},{\"@type\":\"ListItem\",\"position\":2,\"name\":\"Jobbs\u00f8ker\",\"item\":\"https:\\\/\\\/vegaconsultants.no\\\/jobbsoker\\\/\"},{\"@type\":\"ListItem\",\"position\":3,\"name\":\"Ledige stillinger\",\"item\":\"https:\\\/\\\/vegaconsultants.no\\\/jobbsoker\\\/ledige-stillinger\\\/\"},{\"@type\":\"ListItem\",\"position\":4,\"name\":\"MC, Commissioning Engineer EIT\"}]},{\"@type\":\"WebSite\",\"@id\":\"https:\\\/\\\/vegaconsultants.no\\\/#website\",\"url\":\"https:\\\/\\\/vegaconsultants.no\\\/\",\"name\":\"Vega Consultants\",\"description\":\"Rett person p\u00e5 rett plass\",\"potentialAction\":[{\"@type\":\"SearchAction\",\"target\":{\"@type\":\"EntryPoint\",\"urlTemplate\":\"https:\\\/\\\/vegaconsultants.no\\\/?s={search_term_string}\"},\"query-input\":{\"@type\":\"PropertyValueSpecification\",\"valueRequired\":true,\"valueName\":\"search_term_string\"}}],\"inLanguage\":\"en-GB\"}]}<\/script>\n<!-- \/ Yoast SEO plugin. -->","yoast_head_json":{"title":"MC, Commissioning Engineer EIT - Vega Consultants","robots":{"index":"index","follow":"follow","max-snippet":"max-snippet:-1","max-image-preview":"max-image-preview:large","max-video-preview":"max-video-preview:-1"},"canonical":"https:\/\/vegaconsultants.no\/en\/jobbsoker\/ledige-stillinger\/mc-commissioning-engineer-eit-3004330\/","og_locale":"en_GB","og_type":"article","og_title":"MC, Commissioning Engineer EIT - Vega Consultants","og_description":"Vega Consultants AS MC, Commissioning Engineer EIT Arbeidsoppgaver: MC\/COMM. engineer for EIT faget. I hovedesak studie arbeid og prosjektering. Ved behov er det mulig \u00e5 bist\u00e5 som feltingeni\u00f8r i felt. 5 dagers arbeidsuke Kvalifikasjoner: \u00d8nskelig med Bachelor\/Teknisk fagskole.&nbsp; Minimum relevant fagbrev. Grunnleggende EX kurs &#8211; Minimum 6-8 timer online FSE h\u00f8y og lavtspent med f\u00f8rstehjelp [&hellip;]","og_url":"https:\/\/vegaconsultants.no\/en\/jobbsoker\/ledige-stillinger\/mc-commissioning-engineer-eit-3004330\/","og_site_name":"Vega Consultants","twitter_card":"summary_large_image","twitter_misc":{"Estimated reading time":"1 minute"},"schema":{"@context":"https:\/\/schema.org","@graph":[{"@type":"WebPage","@id":"https:\/\/vegaconsultants.no\/jobbsoker\/ledige-stillinger\/mc-commissioning-engineer-eit-3004330\/","url":"https:\/\/vegaconsultants.no\/jobbsoker\/ledige-stillinger\/mc-commissioning-engineer-eit-3004330\/","name":"MC, Commissioning Engineer EIT - Vega Consultants","isPartOf":{"@id":"https:\/\/vegaconsultants.no\/#website"},"datePublished":"2025-10-20T21:15:59+00:00","breadcrumb":{"@id":"https:\/\/vegaconsultants.no\/jobbsoker\/ledige-stillinger\/mc-commissioning-engineer-eit-3004330\/#breadcrumb"},"inLanguage":"en-GB","potentialAction":[{"@type":"ReadAction","target":["https:\/\/vegaconsultants.no\/jobbsoker\/ledige-stillinger\/mc-commissioning-engineer-eit-3004330\/"]}]},{"@type":"BreadcrumbList","@id":"https:\/\/vegaconsultants.no\/jobbsoker\/ledige-stillinger\/mc-commissioning-engineer-eit-3004330\/#breadcrumb","itemListElement":[{"@type":"ListItem","position":1,"name":"Home","item":"https:\/\/vegaconsultants.no\/"},{"@type":"ListItem","position":2,"name":"Jobbs\u00f8ker","item":"https:\/\/vegaconsultants.no\/jobbsoker\/"},{"@type":"ListItem","position":3,"name":"Ledige stillinger","item":"https:\/\/vegaconsultants.no\/jobbsoker\/ledige-stillinger\/"},{"@type":"ListItem","position":4,"name":"MC, Commissioning Engineer EIT"}]},{"@type":"WebSite","@id":"https:\/\/vegaconsultants.no\/#website","url":"https:\/\/vegaconsultants.no\/","name":"Vega Consultants","description":"The right person for the right job","potentialAction":[{"@type":"SearchAction","target":{"@type":"EntryPoint","urlTemplate":"https:\/\/vegaconsultants.no\/?s={search_term_string}"},"query-input":{"@type":"PropertyValueSpecification","valueRequired":true,"valueName":"search_term_string"}}],"inLanguage":"en-GB"}]}},"_links":{"self":[{"href":"https:\/\/vegaconsultants.no\/en\/wp-json\/wp\/v2\/pages\/21892","targetHints":{"allow":["GET"]}}],"collection":[{"href":"https:\/\/vegaconsultants.no\/en\/wp-json\/wp\/v2\/pages"}],"about":[{"href":"https:\/\/vegaconsultants.no\/en\/wp-json\/wp\/v2\/types\/page"}],"author":[{"embeddable":true,"href":"https:\/\/vegaconsultants.no\/en\/wp-json\/wp\/v2\/users\/1"}],"replies":[{"embeddable":true,"href":"https:\/\/vegaconsultants.no\/en\/wp-json\/wp\/v2\/comments?post=21892"}],"version-history":[{"count":0,"href":"https:\/\/vegaconsultants.no\/en\/wp-json\/wp\/v2\/pages\/21892\/revisions"}],"up":[{"embeddable":true,"href":"https:\/\/vegaconsultants.no\/en\/wp-json\/wp\/v2\/pages\/4051"}],"wp:attachment":[{"href":"https:\/\/vegaconsultants.no\/en\/wp-json\/wp\/v2\/media?parent=21892"}],"curies":[{"name":"wp","href":"https:\/\/api.w.org\/{rel}","templated":true}]}}