{"id":21911,"date":"2025-10-27T23:12:09","date_gmt":"2025-10-27T22:12:09","guid":{"rendered":"https:\/\/vegaconsultants.no\/jobbsoker\/ledige-stillinger\/procurement-inventory-professional-3004354\/"},"modified":"2025-10-27T23:12:09","modified_gmt":"2025-10-27T22:12:09","slug":"procurement-inventory-professional-3004354","status":"publish","type":"page","link":"https:\/\/vegaconsultants.no\/en\/jobbsoker\/ledige-stillinger\/procurement-inventory-professional-3004354\/","title":{"rendered":"Procurement &amp; Inventory Professional"},"content":{"rendered":"<div class='vacancy-detail'>\n<div class='bold'>Vega Consultants AS<\/div>\n<div class='bold'>Procurement &amp; Inventory Professional<\/div>\n<div class='vacancy-body'>\n<h3><strong>The overall purpose of the position: <\/strong><\/h3>\n<p>I<em>nventory controller skal st\u00f8tte alle aktiviteter innenfor fagfeltet inventory. Inventory controller jobber tett med SCR (Supply Chain Responsible). Inventory controller skal bidra til \u00e5 sette retning for forbedringer og styring av risiko i fagfeltet i henhold til v\u00e5r kundes Business Management System og kulturelle rammeverk.<\/em><\/p>\n<h3><strong>Responsibilities and tasks: <\/strong><\/h3>\n<ul>\n<li>Etterleve v\u00e5r kundes verdier, overordnede strategi og styringssystem<\/li>\n<li>Standardisering og forbedring av arbeidsoppgaver, \u00abLike ting likt\u00bb<\/li>\n<li>Sikre at vi jobber i samsvar med Supply Chain Management Prosesser<\/li>\n<li>Ansvarlig for oppf\u00f8lging av lagerfunksjon<\/li>\n<li>Bidra til optimal utnyttelse av basekontrakter og 3.parts lagerkontrakter<\/li>\n<li>Support innenfor fagfeltet<\/li>\n<\/ul>\n<h3><strong>Education:<\/strong>&nbsp;<\/h3>\n<ul>\n<li>H\u00f8yere relevant utdanning innen \u00d8konomi&amp; Administrasjon, Logistikk, Ingeni\u00f8rfag eller andre relevante fagomr\u00e5der.<\/li>\n<\/ul>\n<p><strong><em>For more information about the position, please contact Grethe Borg at 905 21 929.<\/em><\/strong><\/p>\n<h3><\/h3>\n<\/div>\n<div class='vega-button'><span><a href='https:\/\/secure.webtemp.no\/WebtempCVPortal\/startsession.aspx?page=stillingsingle&amp;k=169&amp;id_utleie=3004354'>More info\/search here<\/a><\/span><\/div>\n<p><\/p>\n<hr>\n<div>\n<h4>REFNR<\/h4>\n<p>403220<\/p><\/div>\n<div>\n<h4>POSITION TYPE<\/h4>\n<p>Full-time<br \/>Temporary position\/engagement<\/div>\n<div>\n<h4>APPLICATION DEADLINE<\/h4>\n<p>ASAP<\/p><\/div>\n<div class='vacancy-consultant'>\n<h4>CONTACT PERSON(S)<\/h4>\n<div>Grethe Borg<\/div>\n<div>90 52 19 29<\/div>\n<div>grethe.borg@vegaconsultants.no<\/div>\n<\/div>\n<\/div>","protected":false},"excerpt":{"rendered":"<p>Vega Consultants AS Procurement &amp; Inventory Professional Stillingens overordnede form\u00e5l: Inventory controller skal st\u00f8tte alle aktiviteter innenfor fagfeltet inventory. Inventory controller jobber tett med SCR (Supply Chain Responsible). Inventory controller skal bidra til \u00e5 sette retning for forbedringer og styring av risiko i fagfeltet i henhold til v\u00e5r kundes Business Management System og kulturelle rammeverk. [&hellip;]<\/p>\n","protected":false},"author":1,"featured_media":0,"parent":4051,"menu_order":0,"comment_status":"closed","ping_status":"closed","template":"","meta":{"_et_pb_use_builder":"","_et_pb_old_content":"","_et_gb_content_width":"","footnotes":""},"class_list":["post-21911","page","type-page","status-publish","hentry"],"yoast_head":"<!-- This site is optimized with the Yoast SEO plugin v27.4 - https:\/\/yoast.com\/product\/yoast-seo-wordpress\/ -->\n<title>Procurement &amp; Inventory Professional - Vega Consultants<\/title>\n<meta name=\"robots\" content=\"index, follow, max-snippet:-1, max-image-preview:large, max-video-preview:-1\" \/>\n<link rel=\"canonical\" href=\"https:\/\/vegaconsultants.no\/en\/jobbsoker\/ledige-stillinger\/procurement-inventory-professional-3004354\/\" \/>\n<meta property=\"og:locale\" content=\"en_GB\" \/>\n<meta property=\"og:type\" content=\"article\" \/>\n<meta property=\"og:title\" content=\"Procurement &amp; Inventory Professional - Vega Consultants\" \/>\n<meta property=\"og:description\" content=\"Vega Consultants AS Procurement &amp; Inventory Professional Stillingens overordnede form\u00e5l: Inventory controller skal st\u00f8tte alle aktiviteter innenfor fagfeltet inventory. Inventory controller jobber tett med SCR (Supply Chain Responsible). Inventory controller skal bidra til \u00e5 sette retning for forbedringer og styring av risiko i fagfeltet i henhold til v\u00e5r kundes Business Management System og kulturelle rammeverk. [&hellip;]\" \/>\n<meta property=\"og:url\" content=\"https:\/\/vegaconsultants.no\/en\/jobbsoker\/ledige-stillinger\/procurement-inventory-professional-3004354\/\" \/>\n<meta property=\"og:site_name\" content=\"Vega Consultants\" \/>\n<meta name=\"twitter:card\" content=\"summary_large_image\" \/>\n<meta name=\"twitter:label1\" content=\"Estimated reading time\" \/>\n\t<meta name=\"twitter:data1\" content=\"1 minute\" \/>\n<script type=\"application\/ld+json\" class=\"yoast-schema-graph\">{\"@context\":\"https:\\\/\\\/schema.org\",\"@graph\":[{\"@type\":\"WebPage\",\"@id\":\"https:\\\/\\\/vegaconsultants.no\\\/jobbsoker\\\/ledige-stillinger\\\/procurement-inventory-professional-3004354\\\/\",\"url\":\"https:\\\/\\\/vegaconsultants.no\\\/jobbsoker\\\/ledige-stillinger\\\/procurement-inventory-professional-3004354\\\/\",\"name\":\"Procurement &amp; Inventory Professional - Vega Consultants\",\"isPartOf\":{\"@id\":\"https:\\\/\\\/vegaconsultants.no\\\/#website\"},\"datePublished\":\"2025-10-27T22:12:09+00:00\",\"breadcrumb\":{\"@id\":\"https:\\\/\\\/vegaconsultants.no\\\/jobbsoker\\\/ledige-stillinger\\\/procurement-inventory-professional-3004354\\\/#breadcrumb\"},\"inLanguage\":\"en-GB\",\"potentialAction\":[{\"@type\":\"ReadAction\",\"target\":[\"https:\\\/\\\/vegaconsultants.no\\\/jobbsoker\\\/ledige-stillinger\\\/procurement-inventory-professional-3004354\\\/\"]}]},{\"@type\":\"BreadcrumbList\",\"@id\":\"https:\\\/\\\/vegaconsultants.no\\\/jobbsoker\\\/ledige-stillinger\\\/procurement-inventory-professional-3004354\\\/#breadcrumb\",\"itemListElement\":[{\"@type\":\"ListItem\",\"position\":1,\"name\":\"Home\",\"item\":\"https:\\\/\\\/vegaconsultants.no\\\/\"},{\"@type\":\"ListItem\",\"position\":2,\"name\":\"Jobbs\u00f8ker\",\"item\":\"https:\\\/\\\/vegaconsultants.no\\\/jobbsoker\\\/\"},{\"@type\":\"ListItem\",\"position\":3,\"name\":\"Ledige stillinger\",\"item\":\"https:\\\/\\\/vegaconsultants.no\\\/jobbsoker\\\/ledige-stillinger\\\/\"},{\"@type\":\"ListItem\",\"position\":4,\"name\":\"Procurement &amp; Inventory Professional\"}]},{\"@type\":\"WebSite\",\"@id\":\"https:\\\/\\\/vegaconsultants.no\\\/#website\",\"url\":\"https:\\\/\\\/vegaconsultants.no\\\/\",\"name\":\"Vega Consultants\",\"description\":\"Rett person p\u00e5 rett plass\",\"potentialAction\":[{\"@type\":\"SearchAction\",\"target\":{\"@type\":\"EntryPoint\",\"urlTemplate\":\"https:\\\/\\\/vegaconsultants.no\\\/?s={search_term_string}\"},\"query-input\":{\"@type\":\"PropertyValueSpecification\",\"valueRequired\":true,\"valueName\":\"search_term_string\"}}],\"inLanguage\":\"en-GB\"}]}<\/script>\n<!-- \/ Yoast SEO plugin. -->","yoast_head_json":{"title":"Procurement &amp; Inventory Professional - Vega Consultants","robots":{"index":"index","follow":"follow","max-snippet":"max-snippet:-1","max-image-preview":"max-image-preview:large","max-video-preview":"max-video-preview:-1"},"canonical":"https:\/\/vegaconsultants.no\/en\/jobbsoker\/ledige-stillinger\/procurement-inventory-professional-3004354\/","og_locale":"en_GB","og_type":"article","og_title":"Procurement &amp; Inventory Professional - Vega Consultants","og_description":"Vega Consultants AS Procurement &amp; Inventory Professional Stillingens overordnede form\u00e5l: Inventory controller skal st\u00f8tte alle aktiviteter innenfor fagfeltet inventory. Inventory controller jobber tett med SCR (Supply Chain Responsible). Inventory controller skal bidra til \u00e5 sette retning for forbedringer og styring av risiko i fagfeltet i henhold til v\u00e5r kundes Business Management System og kulturelle rammeverk. [&hellip;]","og_url":"https:\/\/vegaconsultants.no\/en\/jobbsoker\/ledige-stillinger\/procurement-inventory-professional-3004354\/","og_site_name":"Vega Consultants","twitter_card":"summary_large_image","twitter_misc":{"Estimated reading time":"1 minute"},"schema":{"@context":"https:\/\/schema.org","@graph":[{"@type":"WebPage","@id":"https:\/\/vegaconsultants.no\/jobbsoker\/ledige-stillinger\/procurement-inventory-professional-3004354\/","url":"https:\/\/vegaconsultants.no\/jobbsoker\/ledige-stillinger\/procurement-inventory-professional-3004354\/","name":"Procurement &amp; Inventory Professional - Vega Consultants","isPartOf":{"@id":"https:\/\/vegaconsultants.no\/#website"},"datePublished":"2025-10-27T22:12:09+00:00","breadcrumb":{"@id":"https:\/\/vegaconsultants.no\/jobbsoker\/ledige-stillinger\/procurement-inventory-professional-3004354\/#breadcrumb"},"inLanguage":"en-GB","potentialAction":[{"@type":"ReadAction","target":["https:\/\/vegaconsultants.no\/jobbsoker\/ledige-stillinger\/procurement-inventory-professional-3004354\/"]}]},{"@type":"BreadcrumbList","@id":"https:\/\/vegaconsultants.no\/jobbsoker\/ledige-stillinger\/procurement-inventory-professional-3004354\/#breadcrumb","itemListElement":[{"@type":"ListItem","position":1,"name":"Home","item":"https:\/\/vegaconsultants.no\/"},{"@type":"ListItem","position":2,"name":"Jobbs\u00f8ker","item":"https:\/\/vegaconsultants.no\/jobbsoker\/"},{"@type":"ListItem","position":3,"name":"Ledige stillinger","item":"https:\/\/vegaconsultants.no\/jobbsoker\/ledige-stillinger\/"},{"@type":"ListItem","position":4,"name":"Procurement &amp; Inventory Professional"}]},{"@type":"WebSite","@id":"https:\/\/vegaconsultants.no\/#website","url":"https:\/\/vegaconsultants.no\/","name":"Vega Consultants","description":"The right person for the right job","potentialAction":[{"@type":"SearchAction","target":{"@type":"EntryPoint","urlTemplate":"https:\/\/vegaconsultants.no\/?s={search_term_string}"},"query-input":{"@type":"PropertyValueSpecification","valueRequired":true,"valueName":"search_term_string"}}],"inLanguage":"en-GB"}]}},"_links":{"self":[{"href":"https:\/\/vegaconsultants.no\/en\/wp-json\/wp\/v2\/pages\/21911","targetHints":{"allow":["GET"]}}],"collection":[{"href":"https:\/\/vegaconsultants.no\/en\/wp-json\/wp\/v2\/pages"}],"about":[{"href":"https:\/\/vegaconsultants.no\/en\/wp-json\/wp\/v2\/types\/page"}],"author":[{"embeddable":true,"href":"https:\/\/vegaconsultants.no\/en\/wp-json\/wp\/v2\/users\/1"}],"replies":[{"embeddable":true,"href":"https:\/\/vegaconsultants.no\/en\/wp-json\/wp\/v2\/comments?post=21911"}],"version-history":[{"count":0,"href":"https:\/\/vegaconsultants.no\/en\/wp-json\/wp\/v2\/pages\/21911\/revisions"}],"up":[{"embeddable":true,"href":"https:\/\/vegaconsultants.no\/en\/wp-json\/wp\/v2\/pages\/4051"}],"wp:attachment":[{"href":"https:\/\/vegaconsultants.no\/en\/wp-json\/wp\/v2\/media?parent=21911"}],"curies":[{"name":"wp","href":"https:\/\/api.w.org\/{rel}","templated":true}]}}