{"id":21942,"date":"2025-11-02T23:12:09","date_gmt":"2025-11-02T22:12:09","guid":{"rendered":"https:\/\/vegaconsultants.no\/jobbsoker\/ledige-stillinger\/statisk-mekanisk-ingenior-3004386\/"},"modified":"2025-11-02T23:12:09","modified_gmt":"2025-11-02T22:12:09","slug":"statisk-mekanisk-ingenior-3004386","status":"publish","type":"page","link":"https:\/\/vegaconsultants.no\/en\/jobbsoker\/ledige-stillinger\/statisk-mekanisk-ingenior-3004386\/","title":{"rendered":"Statisk Mekanisk Ingeni\u00f8r"},"content":{"rendered":"<div class='vacancy-detail'>\n<div class='bold'>Vega Consultants AS<\/div>\n<div class='bold'>Statisk Mekanisk Ingeni\u00f8r<\/div>\n<div class='vacancy-body'>\n<p>Vi s\u00f8ker n\u00e5 en Statisk Mekanisk Ingeni\u00f8r konsulent som skal inng\u00e5 i et multidisiplint team innen fagene Automasjon, Elektro, Prosess og Mekanisk best\u00e5ende av 8 ingeni\u00f8rer og leder. Enheten har ansvar for \u00e5 styre og f\u00f8lge opp teknisk integritet p\u00e5 anlegget innen tildelte fag, yte teknisk st\u00f8tte til drift og vedlikehold, samt identifisere og utrede klima\/CO2 reduserende tiltak. Enheten har varierte oppgaver, hvor hvert teammedlem har fleksibilitet og styrerett over egne oppgaver.\u00a0<\/p>\n<p><\/p>\n<h3>Areas of responsibility<\/h3>\n<ul>\n<li>F\u00f8lge opp og monitorere den tekniske tilstanden til relevant utstyr og systemer, samt iverksette forbedringer eller levetidserstatninger.\u00a0<\/li>\n<li>Sette rammene for hvordan utstyr skal driftes og vedlikeholdes.\u00a0<\/li>\n<li>Yte teknisk st\u00f8tte til Drift og Vedlikehold<\/li>\n<li>V\u00e5re en p\u00e5driver for tilstandsoverv\u00e5kning, digitalisering og teknologiutvikling for utstyr innen eget fag.\u00a0<\/li>\n<li>V\u00e6re en aktiv bidragsyter innen risikostyring i samarbeid med Drift, Vedlikehold og \u00f8vrige tekniske avdelinger.<\/li>\n<li>Optimalisere anlegg innen eget fagomr\u00e5de, inkl. forbedringer innen energi og utslippsreduksjon\u00a0<\/li>\n<\/ul>\n<p><\/p>\n<h3>Qualifications<\/h3>\n<ul>\n<li>Innehar relevant bachelor- eller mastergrad innen statisk mekanisk fagdisiplin. Har kunnskap og erfaring fra minst ett eller flere av f\u00f8lgende omr\u00e5der: R\u00f8r, varmevekslere, trykktanker, ventil og\/eller levedyktighetsvurderinger (Fitness for service).\u00a0<\/li>\n<li>Evner \u00e5 jobbe systematisk med \u00e5 identifisere risiko og tar eierskap til at dette h\u00e5ndteres p\u00e5 en trygg m\u00e5te.\u00a0<\/li>\n<li>En lagspiller med erfaring fra \u00e5 jobbe i tverrfaglige team og du tar ansvar ut over eget fag om forsvarlig slik at teamet n\u00e5r sine m\u00e5l.\u00a0<\/li>\n<li>Gode kommunikasjonsferdigheter som underst\u00f8tter godt samarbeid, b\u00e5de p\u00e5 engelsk og norsk.\u00a0<\/li>\n<\/ul>\n<p><\/p>\n<p>Kontraktsperiode: 02.11.2025-03.09.2026\u00a0<\/p>\n<p>Arbeidslokasjon: Aure, mulighet for pendling.\u00a0<\/p>\n<p><\/p>\n<p>Please contact Kjersti Jonker, +47 97704446, kjersti.jonker@vegaconsultants.no for more information about the role.\u00a0<\/p>\n<\/div>\n<div class='vega-button'><span><a href='https:\/\/secure.webtemp.no\/WebtempCVPortal\/startsession.aspx?page=stillingsingle&amp;k=169&amp;id_utleie=3004386'>More info\/search here<\/a><\/span><\/div>\n<p><\/p>\n<hr>\n<div>\n<h4>REFNR<\/h4>\n<p>403250<\/p><\/div>\n<div>\n<h4>POSITION TYPE<\/h4>\n<p>Full-time<br \/>Temporary position\/engagement<\/div>\n<div>\n<h4>APPLICATION DEADLINE<\/h4>\n<p>03.11.2025<\/p><\/div>\n<div class='vacancy-consultant'>\n<h4>CONTACT PERSON(S)<\/h4>\n<div>Kjersti Jonker<\/div>\n<div>97 70 44 46<\/div>\n<div>kjersti.jonker@vegaconsultants.no<\/div>\n<\/div>\n<\/div>","protected":false},"excerpt":{"rendered":"<p>Vega Consultants AS Statisk Mekanisk Ingeni\u00f8r Vi s\u00f8ker n\u00e5 en Statisk Mekanisk Ingeni\u00f8r konsulent som skal inng\u00e5 i et multidisiplint team innen fagene Automasjon, Elektro, Prosess og Mekanisk best\u00e5ende av 8 ingeni\u00f8rer og leder. Enheten har ansvar for \u00e5 styre og f\u00f8lge opp teknisk integritet p\u00e5 anlegget innen tildelte fag, yte teknisk st\u00f8tte til drift [&hellip;]<\/p>\n","protected":false},"author":1,"featured_media":0,"parent":4051,"menu_order":0,"comment_status":"closed","ping_status":"closed","template":"","meta":{"_et_pb_use_builder":"","_et_pb_old_content":"","_et_gb_content_width":"","footnotes":""},"class_list":["post-21942","page","type-page","status-publish","hentry"],"yoast_head":"<!-- This site is optimized with the Yoast SEO plugin v27.4 - https:\/\/yoast.com\/product\/yoast-seo-wordpress\/ -->\n<title>Statisk Mekanisk Ingeni\u00f8r - Vega Consultants<\/title>\n<meta name=\"robots\" content=\"index, follow, max-snippet:-1, max-image-preview:large, max-video-preview:-1\" \/>\n<link rel=\"canonical\" href=\"https:\/\/vegaconsultants.no\/en\/jobbsoker\/ledige-stillinger\/statisk-mekanisk-ingenior-3004386\/\" \/>\n<meta property=\"og:locale\" content=\"en_GB\" \/>\n<meta property=\"og:type\" content=\"article\" \/>\n<meta property=\"og:title\" content=\"Statisk Mekanisk Ingeni\u00f8r - Vega Consultants\" \/>\n<meta property=\"og:description\" content=\"Vega Consultants AS Statisk Mekanisk Ingeni\u00f8r Vi s\u00f8ker n\u00e5 en Statisk Mekanisk Ingeni\u00f8r konsulent som skal inng\u00e5 i et multidisiplint team innen fagene Automasjon, Elektro, Prosess og Mekanisk best\u00e5ende av 8 ingeni\u00f8rer og leder. Enheten har ansvar for \u00e5 styre og f\u00f8lge opp teknisk integritet p\u00e5 anlegget innen tildelte fag, yte teknisk st\u00f8tte til drift [&hellip;]\" \/>\n<meta property=\"og:url\" content=\"https:\/\/vegaconsultants.no\/en\/jobbsoker\/ledige-stillinger\/statisk-mekanisk-ingenior-3004386\/\" \/>\n<meta property=\"og:site_name\" content=\"Vega Consultants\" \/>\n<meta name=\"twitter:card\" content=\"summary_large_image\" \/>\n<meta name=\"twitter:label1\" content=\"Estimated reading time\" \/>\n\t<meta name=\"twitter:data1\" content=\"1 minute\" \/>\n<script type=\"application\/ld+json\" class=\"yoast-schema-graph\">{\"@context\":\"https:\\\/\\\/schema.org\",\"@graph\":[{\"@type\":\"WebPage\",\"@id\":\"https:\\\/\\\/vegaconsultants.no\\\/jobbsoker\\\/ledige-stillinger\\\/statisk-mekanisk-ingenior-3004386\\\/\",\"url\":\"https:\\\/\\\/vegaconsultants.no\\\/jobbsoker\\\/ledige-stillinger\\\/statisk-mekanisk-ingenior-3004386\\\/\",\"name\":\"Statisk Mekanisk Ingeni\u00f8r - Vega Consultants\",\"isPartOf\":{\"@id\":\"https:\\\/\\\/vegaconsultants.no\\\/#website\"},\"datePublished\":\"2025-11-02T22:12:09+00:00\",\"breadcrumb\":{\"@id\":\"https:\\\/\\\/vegaconsultants.no\\\/jobbsoker\\\/ledige-stillinger\\\/statisk-mekanisk-ingenior-3004386\\\/#breadcrumb\"},\"inLanguage\":\"en-GB\",\"potentialAction\":[{\"@type\":\"ReadAction\",\"target\":[\"https:\\\/\\\/vegaconsultants.no\\\/jobbsoker\\\/ledige-stillinger\\\/statisk-mekanisk-ingenior-3004386\\\/\"]}]},{\"@type\":\"BreadcrumbList\",\"@id\":\"https:\\\/\\\/vegaconsultants.no\\\/jobbsoker\\\/ledige-stillinger\\\/statisk-mekanisk-ingenior-3004386\\\/#breadcrumb\",\"itemListElement\":[{\"@type\":\"ListItem\",\"position\":1,\"name\":\"Home\",\"item\":\"https:\\\/\\\/vegaconsultants.no\\\/\"},{\"@type\":\"ListItem\",\"position\":2,\"name\":\"Jobbs\u00f8ker\",\"item\":\"https:\\\/\\\/vegaconsultants.no\\\/jobbsoker\\\/\"},{\"@type\":\"ListItem\",\"position\":3,\"name\":\"Ledige stillinger\",\"item\":\"https:\\\/\\\/vegaconsultants.no\\\/jobbsoker\\\/ledige-stillinger\\\/\"},{\"@type\":\"ListItem\",\"position\":4,\"name\":\"Statisk Mekanisk Ingeni\u00f8r\"}]},{\"@type\":\"WebSite\",\"@id\":\"https:\\\/\\\/vegaconsultants.no\\\/#website\",\"url\":\"https:\\\/\\\/vegaconsultants.no\\\/\",\"name\":\"Vega Consultants\",\"description\":\"Rett person p\u00e5 rett plass\",\"potentialAction\":[{\"@type\":\"SearchAction\",\"target\":{\"@type\":\"EntryPoint\",\"urlTemplate\":\"https:\\\/\\\/vegaconsultants.no\\\/?s={search_term_string}\"},\"query-input\":{\"@type\":\"PropertyValueSpecification\",\"valueRequired\":true,\"valueName\":\"search_term_string\"}}],\"inLanguage\":\"en-GB\"}]}<\/script>\n<!-- \/ Yoast SEO plugin. -->","yoast_head_json":{"title":"Statisk Mekanisk Ingeni\u00f8r - Vega Consultants","robots":{"index":"index","follow":"follow","max-snippet":"max-snippet:-1","max-image-preview":"max-image-preview:large","max-video-preview":"max-video-preview:-1"},"canonical":"https:\/\/vegaconsultants.no\/en\/jobbsoker\/ledige-stillinger\/statisk-mekanisk-ingenior-3004386\/","og_locale":"en_GB","og_type":"article","og_title":"Statisk Mekanisk Ingeni\u00f8r - Vega Consultants","og_description":"Vega Consultants AS Statisk Mekanisk Ingeni\u00f8r Vi s\u00f8ker n\u00e5 en Statisk Mekanisk Ingeni\u00f8r konsulent som skal inng\u00e5 i et multidisiplint team innen fagene Automasjon, Elektro, Prosess og Mekanisk best\u00e5ende av 8 ingeni\u00f8rer og leder. Enheten har ansvar for \u00e5 styre og f\u00f8lge opp teknisk integritet p\u00e5 anlegget innen tildelte fag, yte teknisk st\u00f8tte til drift [&hellip;]","og_url":"https:\/\/vegaconsultants.no\/en\/jobbsoker\/ledige-stillinger\/statisk-mekanisk-ingenior-3004386\/","og_site_name":"Vega Consultants","twitter_card":"summary_large_image","twitter_misc":{"Estimated reading time":"1 minute"},"schema":{"@context":"https:\/\/schema.org","@graph":[{"@type":"WebPage","@id":"https:\/\/vegaconsultants.no\/jobbsoker\/ledige-stillinger\/statisk-mekanisk-ingenior-3004386\/","url":"https:\/\/vegaconsultants.no\/jobbsoker\/ledige-stillinger\/statisk-mekanisk-ingenior-3004386\/","name":"Statisk Mekanisk Ingeni\u00f8r - Vega Consultants","isPartOf":{"@id":"https:\/\/vegaconsultants.no\/#website"},"datePublished":"2025-11-02T22:12:09+00:00","breadcrumb":{"@id":"https:\/\/vegaconsultants.no\/jobbsoker\/ledige-stillinger\/statisk-mekanisk-ingenior-3004386\/#breadcrumb"},"inLanguage":"en-GB","potentialAction":[{"@type":"ReadAction","target":["https:\/\/vegaconsultants.no\/jobbsoker\/ledige-stillinger\/statisk-mekanisk-ingenior-3004386\/"]}]},{"@type":"BreadcrumbList","@id":"https:\/\/vegaconsultants.no\/jobbsoker\/ledige-stillinger\/statisk-mekanisk-ingenior-3004386\/#breadcrumb","itemListElement":[{"@type":"ListItem","position":1,"name":"Home","item":"https:\/\/vegaconsultants.no\/"},{"@type":"ListItem","position":2,"name":"Jobbs\u00f8ker","item":"https:\/\/vegaconsultants.no\/jobbsoker\/"},{"@type":"ListItem","position":3,"name":"Ledige stillinger","item":"https:\/\/vegaconsultants.no\/jobbsoker\/ledige-stillinger\/"},{"@type":"ListItem","position":4,"name":"Statisk Mekanisk Ingeni\u00f8r"}]},{"@type":"WebSite","@id":"https:\/\/vegaconsultants.no\/#website","url":"https:\/\/vegaconsultants.no\/","name":"Vega Consultants","description":"The right person for the right job","potentialAction":[{"@type":"SearchAction","target":{"@type":"EntryPoint","urlTemplate":"https:\/\/vegaconsultants.no\/?s={search_term_string}"},"query-input":{"@type":"PropertyValueSpecification","valueRequired":true,"valueName":"search_term_string"}}],"inLanguage":"en-GB"}]}},"_links":{"self":[{"href":"https:\/\/vegaconsultants.no\/en\/wp-json\/wp\/v2\/pages\/21942","targetHints":{"allow":["GET"]}}],"collection":[{"href":"https:\/\/vegaconsultants.no\/en\/wp-json\/wp\/v2\/pages"}],"about":[{"href":"https:\/\/vegaconsultants.no\/en\/wp-json\/wp\/v2\/types\/page"}],"author":[{"embeddable":true,"href":"https:\/\/vegaconsultants.no\/en\/wp-json\/wp\/v2\/users\/1"}],"replies":[{"embeddable":true,"href":"https:\/\/vegaconsultants.no\/en\/wp-json\/wp\/v2\/comments?post=21942"}],"version-history":[{"count":0,"href":"https:\/\/vegaconsultants.no\/en\/wp-json\/wp\/v2\/pages\/21942\/revisions"}],"up":[{"embeddable":true,"href":"https:\/\/vegaconsultants.no\/en\/wp-json\/wp\/v2\/pages\/4051"}],"wp:attachment":[{"href":"https:\/\/vegaconsultants.no\/en\/wp-json\/wp\/v2\/media?parent=21942"}],"curies":[{"name":"wp","href":"https:\/\/api.w.org\/{rel}","templated":true}]}}