{"id":21990,"date":"2025-11-07T23:16:06","date_gmt":"2025-11-07T22:16:06","guid":{"rendered":"https:\/\/vegaconsultants.no\/jobbsoker\/ledige-stillinger\/metode-workprep-elektro-3004427\/"},"modified":"2025-11-07T23:16:06","modified_gmt":"2025-11-07T22:16:06","slug":"metode-workprep-elektro-3004427","status":"publish","type":"page","link":"https:\/\/vegaconsultants.no\/en\/jobbsoker\/ledige-stillinger\/metode-workprep-elektro-3004427\/","title":{"rendered":"Metode &#8211; Workprep Elektro"},"content":{"rendered":"<div class='vacancy-detail'>\n<div class='bold'>Vega Consultants AS<\/div>\n<div class='bold'>Metode &#8211; Workprep Elektro <\/div>\n<div class='vacancy-body'>\n<h3><strong>Arbeidsoppgaver:<\/strong><\/h3>\n<ul>\n<li>Kontrollere tegninger \u2013 sjekk om materiell er bestilt<\/li>\n<li>Fokus p\u00e5 HMS<\/li>\n<li>Utarbeide en god installasjonsmetode<\/li>\n<li>Gi innspill til plan om innstallasjonsrekkef\u00f8lge<\/li>\n<li>M\u00e5 kunne ta sporadiske offshore-turer<\/li>\n<li>Utarbeide arbeidspakker for installasjon offshore<\/li>\n<li>Gi innspill til timeestimater for installasjonsaktiviteter<\/li>\n<\/ul>\n<h3><strong>Kvalifikasjoner:<\/strong><\/h3>\n<ul>\n<li>Fagbrev innen E&amp;IT fagene<\/li>\n<li>Annen relevant erfaring, kurs og utdanning som kan kompensere for punktet over<\/li>\n<li>Lang jobberfaring fra onshore\/offshore arbeid<\/li>\n<li>V\u00e6re kjent med krav til arbeid p\u00e5 plattform og siter<\/li>\n<li>Erfaring med jobbsetting er en fordel<\/li>\n<li>God forst\u00e5else for tegninger<\/li>\n<li>Gode norsk- og engelskkunnskaper<\/li>\n<li>Liker \u00e5 jobbe i team<\/li>\n<li>Construction Metode erfaring en fordel<\/li>\n<li>Gode datakunnskaper<\/li>\n<li>God p\u00e5 kommunikasjon og samarbeid<\/li>\n<li>Fokus p\u00e5 HMS<\/li>\n<li>Offshore sertifikat og helseattest<\/li>\n<li>FSE h\u00f8y- og lavspent med f\u00f8rstehjelp<\/li>\n<li>Grunnleggende EX kurs &#8211; enten 22,5 timer i klasserom eller 6-8 timer p\u00e5 nett<\/li>\n<li>AT og SJA<\/li>\n<\/ul>\n<p><strong><em>For mer informasjon om stillingen kan du ringe Grethe Borg p\u00e5 telefon 905 21 929<\/em><\/strong><\/p>\n<\/div>\n<div class='vega-button'><span><a href='https:\/\/secure.webtemp.no\/WebtempCVPortal\/startsession.aspx?page=stillingsingle&amp;k=169&amp;id_utleie=3004427'>Mer info\/s\u00f8k her<\/a><\/span><\/div>\n<p><\/p>\n<hr>\n<div>\n<h4>REFNR<\/h4>\n<p>403288<\/p><\/div>\n<div>\n<h4>STILLINGSTYPE<\/h4>\n<p>Heltid<br \/>Vikariat\/engasjement<\/div>\n<div>\n<h4>S\u00d8KNADSFRIST<\/h4>\n<p>07.11.2025<\/p><\/div>\n<div class='vacancy-consultant'>\n<h4>KONTAKTPERSON(ER)<\/h4>\n<div>Grethe Borg<\/div>\n<div>90 52 19 29<\/div>\n<div>grethe.borg@vegaconsultants.no<\/div>\n<\/div>\n<\/div>","protected":false},"excerpt":{"rendered":"<p>Vega Consultants AS Metode &#8211; Workprep Elektro Arbeidsoppgaver: Kontrollere tegninger \u2013 sjekk om materiell er bestilt Fokus p\u00e5 HMS Utarbeide en god installasjonsmetode Gi innspill til plan om innstallasjonsrekkef\u00f8lge M\u00e5 kunne ta sporadiske offshore-turer Utarbeide arbeidspakker for installasjon offshore Gi innspill til timeestimater for installasjonsaktiviteter Kvalifikasjoner: Fagbrev innen E&amp;IT fagene Annen relevant erfaring, kurs og [&hellip;]<\/p>\n","protected":false},"author":1,"featured_media":0,"parent":4051,"menu_order":0,"comment_status":"closed","ping_status":"closed","template":"","meta":{"_et_pb_use_builder":"","_et_pb_old_content":"","_et_gb_content_width":"","footnotes":""},"class_list":["post-21990","page","type-page","status-publish","hentry"],"yoast_head":"<!-- This site is optimized with the Yoast SEO plugin v27.3 - https:\/\/yoast.com\/product\/yoast-seo-wordpress\/ -->\n<title>Metode - Workprep Elektro - Vega Consultants<\/title>\n<meta name=\"robots\" content=\"index, follow, max-snippet:-1, max-image-preview:large, max-video-preview:-1\" \/>\n<link rel=\"canonical\" href=\"https:\/\/vegaconsultants.no\/en\/jobbsoker\/ledige-stillinger\/metode-workprep-elektro-3004427\/\" \/>\n<meta property=\"og:locale\" content=\"en_GB\" \/>\n<meta property=\"og:type\" content=\"article\" \/>\n<meta property=\"og:title\" content=\"Metode - Workprep Elektro - Vega Consultants\" \/>\n<meta property=\"og:description\" content=\"Vega Consultants AS Metode &#8211; Workprep Elektro Arbeidsoppgaver: Kontrollere tegninger \u2013 sjekk om materiell er bestilt Fokus p\u00e5 HMS Utarbeide en god installasjonsmetode Gi innspill til plan om innstallasjonsrekkef\u00f8lge M\u00e5 kunne ta sporadiske offshore-turer Utarbeide arbeidspakker for installasjon offshore Gi innspill til timeestimater for installasjonsaktiviteter Kvalifikasjoner: Fagbrev innen E&amp;IT fagene Annen relevant erfaring, kurs og [&hellip;]\" \/>\n<meta property=\"og:url\" content=\"https:\/\/vegaconsultants.no\/en\/jobbsoker\/ledige-stillinger\/metode-workprep-elektro-3004427\/\" \/>\n<meta property=\"og:site_name\" content=\"Vega Consultants\" \/>\n<meta name=\"twitter:card\" content=\"summary_large_image\" \/>\n<meta name=\"twitter:label1\" content=\"Estimated reading time\" \/>\n\t<meta name=\"twitter:data1\" content=\"1 minute\" \/>\n<script type=\"application\/ld+json\" class=\"yoast-schema-graph\">{\"@context\":\"https:\\\/\\\/schema.org\",\"@graph\":[{\"@type\":\"WebPage\",\"@id\":\"https:\\\/\\\/vegaconsultants.no\\\/jobbsoker\\\/ledige-stillinger\\\/metode-workprep-elektro-3004427\\\/\",\"url\":\"https:\\\/\\\/vegaconsultants.no\\\/jobbsoker\\\/ledige-stillinger\\\/metode-workprep-elektro-3004427\\\/\",\"name\":\"Metode - Workprep Elektro - Vega Consultants\",\"isPartOf\":{\"@id\":\"https:\\\/\\\/vegaconsultants.no\\\/#website\"},\"datePublished\":\"2025-11-07T22:16:06+00:00\",\"breadcrumb\":{\"@id\":\"https:\\\/\\\/vegaconsultants.no\\\/jobbsoker\\\/ledige-stillinger\\\/metode-workprep-elektro-3004427\\\/#breadcrumb\"},\"inLanguage\":\"en-GB\",\"potentialAction\":[{\"@type\":\"ReadAction\",\"target\":[\"https:\\\/\\\/vegaconsultants.no\\\/jobbsoker\\\/ledige-stillinger\\\/metode-workprep-elektro-3004427\\\/\"]}]},{\"@type\":\"BreadcrumbList\",\"@id\":\"https:\\\/\\\/vegaconsultants.no\\\/jobbsoker\\\/ledige-stillinger\\\/metode-workprep-elektro-3004427\\\/#breadcrumb\",\"itemListElement\":[{\"@type\":\"ListItem\",\"position\":1,\"name\":\"Home\",\"item\":\"https:\\\/\\\/vegaconsultants.no\\\/\"},{\"@type\":\"ListItem\",\"position\":2,\"name\":\"Jobbs\u00f8ker\",\"item\":\"https:\\\/\\\/vegaconsultants.no\\\/jobbsoker\\\/\"},{\"@type\":\"ListItem\",\"position\":3,\"name\":\"Ledige stillinger\",\"item\":\"https:\\\/\\\/vegaconsultants.no\\\/jobbsoker\\\/ledige-stillinger\\\/\"},{\"@type\":\"ListItem\",\"position\":4,\"name\":\"Metode &#8211; Workprep Elektro\"}]},{\"@type\":\"WebSite\",\"@id\":\"https:\\\/\\\/vegaconsultants.no\\\/#website\",\"url\":\"https:\\\/\\\/vegaconsultants.no\\\/\",\"name\":\"Vega Consultants\",\"description\":\"Rett person p\u00e5 rett plass\",\"potentialAction\":[{\"@type\":\"SearchAction\",\"target\":{\"@type\":\"EntryPoint\",\"urlTemplate\":\"https:\\\/\\\/vegaconsultants.no\\\/?s={search_term_string}\"},\"query-input\":{\"@type\":\"PropertyValueSpecification\",\"valueRequired\":true,\"valueName\":\"search_term_string\"}}],\"inLanguage\":\"en-GB\"}]}<\/script>\n<!-- \/ Yoast SEO plugin. -->","yoast_head_json":{"title":"Metode - Workprep Elektro - Vega Consultants","robots":{"index":"index","follow":"follow","max-snippet":"max-snippet:-1","max-image-preview":"max-image-preview:large","max-video-preview":"max-video-preview:-1"},"canonical":"https:\/\/vegaconsultants.no\/en\/jobbsoker\/ledige-stillinger\/metode-workprep-elektro-3004427\/","og_locale":"en_GB","og_type":"article","og_title":"Metode - Workprep Elektro - Vega Consultants","og_description":"Vega Consultants AS Metode &#8211; Workprep Elektro Arbeidsoppgaver: Kontrollere tegninger \u2013 sjekk om materiell er bestilt Fokus p\u00e5 HMS Utarbeide en god installasjonsmetode Gi innspill til plan om innstallasjonsrekkef\u00f8lge M\u00e5 kunne ta sporadiske offshore-turer Utarbeide arbeidspakker for installasjon offshore Gi innspill til timeestimater for installasjonsaktiviteter Kvalifikasjoner: Fagbrev innen E&amp;IT fagene Annen relevant erfaring, kurs og [&hellip;]","og_url":"https:\/\/vegaconsultants.no\/en\/jobbsoker\/ledige-stillinger\/metode-workprep-elektro-3004427\/","og_site_name":"Vega Consultants","twitter_card":"summary_large_image","twitter_misc":{"Estimated reading time":"1 minute"},"schema":{"@context":"https:\/\/schema.org","@graph":[{"@type":"WebPage","@id":"https:\/\/vegaconsultants.no\/jobbsoker\/ledige-stillinger\/metode-workprep-elektro-3004427\/","url":"https:\/\/vegaconsultants.no\/jobbsoker\/ledige-stillinger\/metode-workprep-elektro-3004427\/","name":"Metode - Workprep Elektro - Vega Consultants","isPartOf":{"@id":"https:\/\/vegaconsultants.no\/#website"},"datePublished":"2025-11-07T22:16:06+00:00","breadcrumb":{"@id":"https:\/\/vegaconsultants.no\/jobbsoker\/ledige-stillinger\/metode-workprep-elektro-3004427\/#breadcrumb"},"inLanguage":"en-GB","potentialAction":[{"@type":"ReadAction","target":["https:\/\/vegaconsultants.no\/jobbsoker\/ledige-stillinger\/metode-workprep-elektro-3004427\/"]}]},{"@type":"BreadcrumbList","@id":"https:\/\/vegaconsultants.no\/jobbsoker\/ledige-stillinger\/metode-workprep-elektro-3004427\/#breadcrumb","itemListElement":[{"@type":"ListItem","position":1,"name":"Home","item":"https:\/\/vegaconsultants.no\/"},{"@type":"ListItem","position":2,"name":"Jobbs\u00f8ker","item":"https:\/\/vegaconsultants.no\/jobbsoker\/"},{"@type":"ListItem","position":3,"name":"Ledige stillinger","item":"https:\/\/vegaconsultants.no\/jobbsoker\/ledige-stillinger\/"},{"@type":"ListItem","position":4,"name":"Metode &#8211; Workprep Elektro"}]},{"@type":"WebSite","@id":"https:\/\/vegaconsultants.no\/#website","url":"https:\/\/vegaconsultants.no\/","name":"Vega Consultants","description":"The right person for the right job","potentialAction":[{"@type":"SearchAction","target":{"@type":"EntryPoint","urlTemplate":"https:\/\/vegaconsultants.no\/?s={search_term_string}"},"query-input":{"@type":"PropertyValueSpecification","valueRequired":true,"valueName":"search_term_string"}}],"inLanguage":"en-GB"}]}},"_links":{"self":[{"href":"https:\/\/vegaconsultants.no\/en\/wp-json\/wp\/v2\/pages\/21990","targetHints":{"allow":["GET"]}}],"collection":[{"href":"https:\/\/vegaconsultants.no\/en\/wp-json\/wp\/v2\/pages"}],"about":[{"href":"https:\/\/vegaconsultants.no\/en\/wp-json\/wp\/v2\/types\/page"}],"author":[{"embeddable":true,"href":"https:\/\/vegaconsultants.no\/en\/wp-json\/wp\/v2\/users\/1"}],"replies":[{"embeddable":true,"href":"https:\/\/vegaconsultants.no\/en\/wp-json\/wp\/v2\/comments?post=21990"}],"version-history":[{"count":0,"href":"https:\/\/vegaconsultants.no\/en\/wp-json\/wp\/v2\/pages\/21990\/revisions"}],"up":[{"embeddable":true,"href":"https:\/\/vegaconsultants.no\/en\/wp-json\/wp\/v2\/pages\/4051"}],"wp:attachment":[{"href":"https:\/\/vegaconsultants.no\/en\/wp-json\/wp\/v2\/media?parent=21990"}],"curies":[{"name":"wp","href":"https:\/\/api.w.org\/{rel}","templated":true}]}}