{"id":22006,"date":"2025-12-18T11:13:21","date_gmt":"2025-12-18T10:13:21","guid":{"rendered":"https:\/\/vegaconsultants.no\/jobbsoker\/ledige-stillinger\/project-completion-engineer-3004444\/"},"modified":"2025-12-18T11:13:21","modified_gmt":"2025-12-18T10:13:21","slug":"project-completion-engineer-3004444","status":"publish","type":"page","link":"https:\/\/vegaconsultants.no\/en\/jobbsoker\/ledige-stillinger\/project-completion-engineer-3004444\/","title":{"rendered":"Project Completion Engineer"},"content":{"rendered":"<div class='vacancy-detail'>\n<div class='bold'>Vega Consultants AS<\/div>\n<div class='bold'>Project Completion Engineer<\/div>\n<div class='vacancy-body'>\n<h3><strong>Job duties: <\/strong><\/h3>\n<ul>\n<li>Delta p\u00e5 MC-gjennomganger (walk-downs), registrere ferdigstillelsesarbeid og avklare tekniske sp\u00f8rsm\u00e5l.<\/li>\n<li>Sikre at all dokumentasjon for mekanisk ferdigstillelse er fullf\u00f8rt og korrekt.<\/li>\n<li>S\u00f8rge for at Red Line Mark-Up inkluderer P&amp;ID-er og SCD-er.<\/li>\n<li>Ha ansvar for elektro, instrument, automasjon og telekommunikasjon.<\/li>\n<li>Utstede ferdigstillelsessertifikater og gjennomf\u00f8re overlevering til commissioning til rett tid.<\/li>\n<li>V\u00e6re bindeledd mellom MC og ingeni\u00f8rorganisasjonen.<\/li>\n<li>Skape gode relasjoner mellom teammedlemmer og leverand\u00f8rer.<\/li>\n<li>Vurdere HMS-risiko knyttet til egne oppgaver og f\u00f8lge n\u00f8dvendige tiltak.<\/li>\n<li>St\u00f8tte ingeni\u00f8r, konstruksjon og leverand\u00f8rer i MC-relaterte saker.<\/li>\n<li>Verifisere og godkjenne MC-dokumentasjon fra leverand\u00f8rer og oppdatere relevante systemer.<\/li>\n<li>Implementere, f\u00f8lge opp og rapportere MC-aktiviteter i henhold til plan.<\/li>\n<li>Oppn\u00e5 prosjektets HMS-m\u00e5l innen eget ansvarsomr\u00e5de.<\/li>\n<li>V\u00e6re kjent med gjeldende lovkrav, regler og forskrifter.<\/li>\n<li>Bidra til kostnads- og tidsforbedringer i prosjektet.<\/li>\n<li>Identifisere og f\u00f8lge opp avvik mellom design og installasjon innen relevant fagomr\u00e5de.<\/li>\n<li>F\u00f8lge opp og signere utst\u00e5ende punchlister.<\/li>\n<li>Rapportere fremdrift og utfordringer til MC-leder.<\/li>\n<li>Sikre at all n\u00f8dvendig informasjon legges inn i relevante systemer.<\/li>\n<li>Bist\u00e5 commissioning n\u00e5r det er relevant.<\/li>\n<\/ul>\n<h3><strong>Qualifications:<\/strong><\/h3>\n<ul>\n<li>Technical college or engineering education in mechanical, electrical, automation or equivalent.<\/li>\n<li>Minimum 5\u201310 years of experience from MC work in oil and gas projects, preferably offshore and\/or Power from Shore.<\/li>\n<li>Experience with MC processes, project coordination and use of completion tools such as PIMS.<\/li>\n<li>Good understanding of interdisciplinary work, system-oriented completion and relevant standards (NORSOK, ATEX, IEC, etc.)<\/li>\n<li>Structured, solution-oriented and proactive with high execution ability.<\/li>\n<li>Good collaboration skills and ability to communicate effectively across disciplines and organizations.<\/li>\n<li>Motivating and inspiring, with a strong focus on creating a positive team spirit.<\/li>\n<li>Confident in the role of coordinator, driver and leader.<\/li>\n<li>HSE focused and quality conscious.<\/li>\n<\/ul>\n<h3><strong>Arbeidstid:<\/strong><\/h3>\n<ul>\n<li>Stillingen er tiltenkt p\u00e5 B\u00f8rdalen hvor det vil v\u00e6re en rotasjonsordning (13\/15).<\/li>\n<\/ul>\n<p><strong><em>For more information about this position, please contact Grethe Borg on 905 21 929.<\/em><\/strong><\/p>\n<\/div>\n<div class='vega-button'><span><a href='https:\/\/secure.webtemp.no\/WebtempCVPortal\/startsession.aspx?page=stillingsingle&amp;k=169&amp;id_utleie=3004444'>More info\/search here<\/a><\/span><\/div>\n<p><\/p>\n<hr>\n<div>\n<h4>REFNR<\/h4>\n<p>403303<\/p><\/div>\n<div>\n<h4>POSITION TYPE<\/h4>\n<p>Full-time<br \/>Temporary position\/engagement<\/div>\n<div>\n<h4>APPLICATION DEADLINE<\/h4>\n<p>ASAP<\/p><\/div>\n<div class='vacancy-consultant'>\n<h4>CONTACT PERSON(S)<\/h4>\n<div>Grethe Borg<\/div>\n<div>90 52 19 29<\/div>\n<div>grethe.borg@vegaconsultants.no<\/div>\n<\/div>\n<\/div>","protected":false},"excerpt":{"rendered":"<p>Vega Consultants AS Project Completion Engineer Arbeidsoppgaver: Delta p\u00e5 MC-gjennomganger (walk-downs), registrere ferdigstillelsesarbeid og avklare tekniske sp\u00f8rsm\u00e5l. Sikre at all dokumentasjon for mekanisk ferdigstillelse er fullf\u00f8rt og korrekt. S\u00f8rge for at Red Line Mark-Up inkluderer P&amp;ID-er og SCD-er. Ha ansvar for elektro, instrument, automasjon og telekommunikasjon. Utstede ferdigstillelsessertifikater og gjennomf\u00f8re overlevering til commissioning til rett [&hellip;]<\/p>\n","protected":false},"author":1,"featured_media":0,"parent":4051,"menu_order":0,"comment_status":"closed","ping_status":"closed","template":"","meta":{"_et_pb_use_builder":"","_et_pb_old_content":"","_et_gb_content_width":"","footnotes":""},"class_list":["post-22006","page","type-page","status-publish","hentry"],"yoast_head":"<!-- This site is optimized with the Yoast SEO plugin v27.4 - https:\/\/yoast.com\/product\/yoast-seo-wordpress\/ -->\n<title>Project Completion Engineer - Vega Consultants<\/title>\n<meta name=\"robots\" content=\"index, follow, max-snippet:-1, max-image-preview:large, max-video-preview:-1\" \/>\n<link rel=\"canonical\" href=\"https:\/\/vegaconsultants.no\/en\/jobbsoker\/ledige-stillinger\/project-completion-engineer-3004444\/\" \/>\n<meta property=\"og:locale\" content=\"en_GB\" \/>\n<meta property=\"og:type\" content=\"article\" \/>\n<meta property=\"og:title\" content=\"Project Completion Engineer - Vega Consultants\" \/>\n<meta property=\"og:description\" content=\"Vega Consultants AS Project Completion Engineer Arbeidsoppgaver: Delta p\u00e5 MC-gjennomganger (walk-downs), registrere ferdigstillelsesarbeid og avklare tekniske sp\u00f8rsm\u00e5l. Sikre at all dokumentasjon for mekanisk ferdigstillelse er fullf\u00f8rt og korrekt. S\u00f8rge for at Red Line Mark-Up inkluderer P&amp;ID-er og SCD-er. Ha ansvar for elektro, instrument, automasjon og telekommunikasjon. Utstede ferdigstillelsessertifikater og gjennomf\u00f8re overlevering til commissioning til rett [&hellip;]\" \/>\n<meta property=\"og:url\" content=\"https:\/\/vegaconsultants.no\/en\/jobbsoker\/ledige-stillinger\/project-completion-engineer-3004444\/\" \/>\n<meta property=\"og:site_name\" content=\"Vega Consultants\" \/>\n<meta name=\"twitter:card\" content=\"summary_large_image\" \/>\n<meta name=\"twitter:label1\" content=\"Estimated reading time\" \/>\n\t<meta name=\"twitter:data1\" content=\"2 minutes\" \/>\n<script type=\"application\/ld+json\" class=\"yoast-schema-graph\">{\"@context\":\"https:\\\/\\\/schema.org\",\"@graph\":[{\"@type\":\"WebPage\",\"@id\":\"https:\\\/\\\/vegaconsultants.no\\\/jobbsoker\\\/ledige-stillinger\\\/project-completion-engineer-3004444\\\/\",\"url\":\"https:\\\/\\\/vegaconsultants.no\\\/jobbsoker\\\/ledige-stillinger\\\/project-completion-engineer-3004444\\\/\",\"name\":\"Project Completion Engineer - Vega Consultants\",\"isPartOf\":{\"@id\":\"https:\\\/\\\/vegaconsultants.no\\\/#website\"},\"datePublished\":\"2025-12-18T10:13:21+00:00\",\"breadcrumb\":{\"@id\":\"https:\\\/\\\/vegaconsultants.no\\\/jobbsoker\\\/ledige-stillinger\\\/project-completion-engineer-3004444\\\/#breadcrumb\"},\"inLanguage\":\"en-GB\",\"potentialAction\":[{\"@type\":\"ReadAction\",\"target\":[\"https:\\\/\\\/vegaconsultants.no\\\/jobbsoker\\\/ledige-stillinger\\\/project-completion-engineer-3004444\\\/\"]}]},{\"@type\":\"BreadcrumbList\",\"@id\":\"https:\\\/\\\/vegaconsultants.no\\\/jobbsoker\\\/ledige-stillinger\\\/project-completion-engineer-3004444\\\/#breadcrumb\",\"itemListElement\":[{\"@type\":\"ListItem\",\"position\":1,\"name\":\"Home\",\"item\":\"https:\\\/\\\/vegaconsultants.no\\\/\"},{\"@type\":\"ListItem\",\"position\":2,\"name\":\"Jobbs\u00f8ker\",\"item\":\"https:\\\/\\\/vegaconsultants.no\\\/jobbsoker\\\/\"},{\"@type\":\"ListItem\",\"position\":3,\"name\":\"Ledige stillinger\",\"item\":\"https:\\\/\\\/vegaconsultants.no\\\/jobbsoker\\\/ledige-stillinger\\\/\"},{\"@type\":\"ListItem\",\"position\":4,\"name\":\"Project Completion Engineer\"}]},{\"@type\":\"WebSite\",\"@id\":\"https:\\\/\\\/vegaconsultants.no\\\/#website\",\"url\":\"https:\\\/\\\/vegaconsultants.no\\\/\",\"name\":\"Vega Consultants\",\"description\":\"Rett person p\u00e5 rett plass\",\"potentialAction\":[{\"@type\":\"SearchAction\",\"target\":{\"@type\":\"EntryPoint\",\"urlTemplate\":\"https:\\\/\\\/vegaconsultants.no\\\/?s={search_term_string}\"},\"query-input\":{\"@type\":\"PropertyValueSpecification\",\"valueRequired\":true,\"valueName\":\"search_term_string\"}}],\"inLanguage\":\"en-GB\"}]}<\/script>\n<!-- \/ Yoast SEO plugin. -->","yoast_head_json":{"title":"Project Completion Engineer - Vega Consultants","robots":{"index":"index","follow":"follow","max-snippet":"max-snippet:-1","max-image-preview":"max-image-preview:large","max-video-preview":"max-video-preview:-1"},"canonical":"https:\/\/vegaconsultants.no\/en\/jobbsoker\/ledige-stillinger\/project-completion-engineer-3004444\/","og_locale":"en_GB","og_type":"article","og_title":"Project Completion Engineer - Vega Consultants","og_description":"Vega Consultants AS Project Completion Engineer Arbeidsoppgaver: Delta p\u00e5 MC-gjennomganger (walk-downs), registrere ferdigstillelsesarbeid og avklare tekniske sp\u00f8rsm\u00e5l. Sikre at all dokumentasjon for mekanisk ferdigstillelse er fullf\u00f8rt og korrekt. S\u00f8rge for at Red Line Mark-Up inkluderer P&amp;ID-er og SCD-er. Ha ansvar for elektro, instrument, automasjon og telekommunikasjon. Utstede ferdigstillelsessertifikater og gjennomf\u00f8re overlevering til commissioning til rett [&hellip;]","og_url":"https:\/\/vegaconsultants.no\/en\/jobbsoker\/ledige-stillinger\/project-completion-engineer-3004444\/","og_site_name":"Vega Consultants","twitter_card":"summary_large_image","twitter_misc":{"Estimated reading time":"2 minutes"},"schema":{"@context":"https:\/\/schema.org","@graph":[{"@type":"WebPage","@id":"https:\/\/vegaconsultants.no\/jobbsoker\/ledige-stillinger\/project-completion-engineer-3004444\/","url":"https:\/\/vegaconsultants.no\/jobbsoker\/ledige-stillinger\/project-completion-engineer-3004444\/","name":"Project Completion Engineer - Vega Consultants","isPartOf":{"@id":"https:\/\/vegaconsultants.no\/#website"},"datePublished":"2025-12-18T10:13:21+00:00","breadcrumb":{"@id":"https:\/\/vegaconsultants.no\/jobbsoker\/ledige-stillinger\/project-completion-engineer-3004444\/#breadcrumb"},"inLanguage":"en-GB","potentialAction":[{"@type":"ReadAction","target":["https:\/\/vegaconsultants.no\/jobbsoker\/ledige-stillinger\/project-completion-engineer-3004444\/"]}]},{"@type":"BreadcrumbList","@id":"https:\/\/vegaconsultants.no\/jobbsoker\/ledige-stillinger\/project-completion-engineer-3004444\/#breadcrumb","itemListElement":[{"@type":"ListItem","position":1,"name":"Home","item":"https:\/\/vegaconsultants.no\/"},{"@type":"ListItem","position":2,"name":"Jobbs\u00f8ker","item":"https:\/\/vegaconsultants.no\/jobbsoker\/"},{"@type":"ListItem","position":3,"name":"Ledige stillinger","item":"https:\/\/vegaconsultants.no\/jobbsoker\/ledige-stillinger\/"},{"@type":"ListItem","position":4,"name":"Project Completion Engineer"}]},{"@type":"WebSite","@id":"https:\/\/vegaconsultants.no\/#website","url":"https:\/\/vegaconsultants.no\/","name":"Vega Consultants","description":"The right person for the right job","potentialAction":[{"@type":"SearchAction","target":{"@type":"EntryPoint","urlTemplate":"https:\/\/vegaconsultants.no\/?s={search_term_string}"},"query-input":{"@type":"PropertyValueSpecification","valueRequired":true,"valueName":"search_term_string"}}],"inLanguage":"en-GB"}]}},"_links":{"self":[{"href":"https:\/\/vegaconsultants.no\/en\/wp-json\/wp\/v2\/pages\/22006","targetHints":{"allow":["GET"]}}],"collection":[{"href":"https:\/\/vegaconsultants.no\/en\/wp-json\/wp\/v2\/pages"}],"about":[{"href":"https:\/\/vegaconsultants.no\/en\/wp-json\/wp\/v2\/types\/page"}],"author":[{"embeddable":true,"href":"https:\/\/vegaconsultants.no\/en\/wp-json\/wp\/v2\/users\/1"}],"replies":[{"embeddable":true,"href":"https:\/\/vegaconsultants.no\/en\/wp-json\/wp\/v2\/comments?post=22006"}],"version-history":[{"count":0,"href":"https:\/\/vegaconsultants.no\/en\/wp-json\/wp\/v2\/pages\/22006\/revisions"}],"up":[{"embeddable":true,"href":"https:\/\/vegaconsultants.no\/en\/wp-json\/wp\/v2\/pages\/4051"}],"wp:attachment":[{"href":"https:\/\/vegaconsultants.no\/en\/wp-json\/wp\/v2\/media?parent=22006"}],"curies":[{"name":"wp","href":"https:\/\/api.w.org\/{rel}","templated":true}]}}