{"id":22085,"date":"2025-11-24T12:15:23","date_gmt":"2025-11-24T11:15:23","guid":{"rendered":"https:\/\/vegaconsultants.no\/jobbsoker\/ledige-stillinger\/myndighetskontakt-boring-og-bronn-3004450\/"},"modified":"2025-11-24T12:15:23","modified_gmt":"2025-11-24T11:15:23","slug":"myndighetskontakt-boring-og-bronn-3004450","status":"publish","type":"page","link":"https:\/\/vegaconsultants.no\/en\/jobbsoker\/ledige-stillinger\/myndighetskontakt-boring-og-bronn-3004450\/","title":{"rendered":"Myndighetskontakt Boring og Br\u00f8nn"},"content":{"rendered":"<div class='vacancy-detail'>\n<div class='bold'>Vega Consultants AS<\/div>\n<div class='bold'>Myndighetskontakt Boring og Br\u00f8nn<\/div>\n<div class='vacancy-body'>\n<p>Vi s\u00f8ker n\u00e5 en konsulent som skal ha rollen som Myndighetskontakt Boring og Br\u00f8nn hos et operat\u00f8rselskap. Stillingen inng\u00e5r i en avdeling med godt arbeidsmil\u00f8 og takh\u00f8yde. De leverer st\u00f8tte og r\u00e5dgivning inn til alle forretningsomr\u00e5der i Selskapet. Leveransegruppen &laquo;Boring og br\u00f8nn&raquo; best\u00e5r av 2 medarbeidere der denne stillingen inng\u00e5r som 3.medarbeider for en periode.<\/p>\n<h3><\/h3>\n<h3>Job duties and responsibilities<\/h3>\n<p>Varierte oppgaver innen myndighetskontaktfaget med tema leteboring og produksjonsboring. Konkrete aktiviteter vil v\u00e6re, men er ikke begrenset til:\u00a0<\/p>\n<ul>\n<li>Oppf\u00f8lging av utvinningsbr\u00f8nner med letem\u00e5l\u00a0<\/li>\n<li>Sikre systematikk i oppf\u00f8lging av assuranceaktiviteter i MIS (m\u00e5lstyringsverkt\u00f8y og verkt\u00f8y for oppf\u00f8lging av tilsyn, verifikasjoner), samt i EIMAR (journalsystem for myndighetskontakt)\u00a0<\/li>\n<li>Bist\u00e5 etter behov p\u00e5 tvers i laget\u00a0<\/li>\n<li>Produksjonsboring og leteboring<\/li>\n<\/ul>\n<p><\/p>\n<h3>Qualifications<\/h3>\n<ul>\n<li>HMS kompetanse innen boring og br\u00f8nn\u00a0<\/li>\n<li>Gjerne kjennskap til Selskapets organisering innen boring og br\u00f8nn\u00a0<\/li>\n<li>Forst\u00e5else av HMS regelverk p\u00e5 norsk sokkel, spesielt innen boring og br\u00f8nn\u00a0<\/li>\n<li>Kunnskap om s\u00f8knader, tillatelser, samtykker, br\u00f8nnregistrering, tilsy og granskinger\u00a0<\/li>\n<li>God formuleringsevne, muntlig og skriftlig, gode kommunikasjonsevner\u00a0<\/li>\n<li>God forst\u00e5else og kunskap om Kunstig intelligens og bruk av Copilot\/spr\u00e5kmodeller<\/li>\n<\/ul>\n<p><\/p>\n<p>Kontraktsperiode: 08.12.2025 (etter avtale)-31.12.2026, opsjonsperiode 3&#215;6 m\u00e5neder<\/p>\n<p>Work location: Stavanger<\/p>\n<p><\/p>\n<p>Please contact Kjersti Jonker, +47 97704446, kjersti.jonker@vegaconsultants.no for more information about the role.\u00a0<\/p>\n<\/div>\n<div class='vega-button'><span><a href='https:\/\/secure.webtemp.no\/WebtempCVPortal\/startsession.aspx?page=stillingsingle&amp;k=169&amp;id_utleie=3004450'>More info\/search here<\/a><\/span><\/div>\n<p><\/p>\n<hr>\n<div>\n<h4>REFNR<\/h4>\n<p>403309<\/p><\/div>\n<div>\n<h4>POSITION TYPE<\/h4>\n<p>Full-time<br \/>Temporary position\/engagement<\/div>\n<div>\n<h4>APPLICATION DEADLINE<\/h4>\n<p>24.11.2025<\/p><\/div>\n<div class='vacancy-consultant'>\n<h4>CONTACT PERSON(S)<\/h4>\n<div>Kjersti Jonker<\/div>\n<div>97 70 44 46<\/div>\n<div>kjersti.jonker@vegaconsultants.no<\/div>\n<\/div>\n<\/div>","protected":false},"excerpt":{"rendered":"<p>Vega Consultants AS Myndighetskontakt Boring og Br\u00f8nn Vi s\u00f8ker n\u00e5 en konsulent som skal ha rollen som Myndighetskontakt Boring og Br\u00f8nn hos et operat\u00f8rselskap. Stillingen inng\u00e5r i en avdeling med godt arbeidsmil\u00f8 og takh\u00f8yde. De leverer st\u00f8tte og r\u00e5dgivning inn til alle forretningsomr\u00e5der i Selskapet. Leveransegruppen &laquo;Boring og br\u00f8nn&raquo; best\u00e5r av 2 medarbeidere der denne [&hellip;]<\/p>\n","protected":false},"author":1,"featured_media":0,"parent":4051,"menu_order":0,"comment_status":"closed","ping_status":"closed","template":"","meta":{"_et_pb_use_builder":"","_et_pb_old_content":"","_et_gb_content_width":"","footnotes":""},"class_list":["post-22085","page","type-page","status-publish","hentry"],"yoast_head":"<!-- This site is optimized with the Yoast SEO plugin v27.4 - https:\/\/yoast.com\/product\/yoast-seo-wordpress\/ -->\n<title>Myndighetskontakt Boring og Br\u00f8nn - Vega Consultants<\/title>\n<meta name=\"robots\" content=\"index, follow, max-snippet:-1, max-image-preview:large, max-video-preview:-1\" \/>\n<link rel=\"canonical\" href=\"https:\/\/vegaconsultants.no\/en\/jobbsoker\/ledige-stillinger\/myndighetskontakt-boring-og-bronn-3004450\/\" \/>\n<meta property=\"og:locale\" content=\"en_GB\" \/>\n<meta property=\"og:type\" content=\"article\" \/>\n<meta property=\"og:title\" content=\"Myndighetskontakt Boring og Br\u00f8nn - Vega Consultants\" \/>\n<meta property=\"og:description\" content=\"Vega Consultants AS Myndighetskontakt Boring og Br\u00f8nn Vi s\u00f8ker n\u00e5 en konsulent som skal ha rollen som Myndighetskontakt Boring og Br\u00f8nn hos et operat\u00f8rselskap. Stillingen inng\u00e5r i en avdeling med godt arbeidsmil\u00f8 og takh\u00f8yde. De leverer st\u00f8tte og r\u00e5dgivning inn til alle forretningsomr\u00e5der i Selskapet. Leveransegruppen &laquo;Boring og br\u00f8nn&raquo; best\u00e5r av 2 medarbeidere der denne [&hellip;]\" \/>\n<meta property=\"og:url\" content=\"https:\/\/vegaconsultants.no\/en\/jobbsoker\/ledige-stillinger\/myndighetskontakt-boring-og-bronn-3004450\/\" \/>\n<meta property=\"og:site_name\" content=\"Vega Consultants\" \/>\n<meta name=\"twitter:card\" content=\"summary_large_image\" \/>\n<meta name=\"twitter:label1\" content=\"Estimated reading time\" \/>\n\t<meta name=\"twitter:data1\" content=\"1 minute\" \/>\n<script type=\"application\/ld+json\" class=\"yoast-schema-graph\">{\"@context\":\"https:\\\/\\\/schema.org\",\"@graph\":[{\"@type\":\"WebPage\",\"@id\":\"https:\\\/\\\/vegaconsultants.no\\\/jobbsoker\\\/ledige-stillinger\\\/myndighetskontakt-boring-og-bronn-3004450\\\/\",\"url\":\"https:\\\/\\\/vegaconsultants.no\\\/jobbsoker\\\/ledige-stillinger\\\/myndighetskontakt-boring-og-bronn-3004450\\\/\",\"name\":\"Myndighetskontakt Boring og Br\u00f8nn - Vega Consultants\",\"isPartOf\":{\"@id\":\"https:\\\/\\\/vegaconsultants.no\\\/#website\"},\"datePublished\":\"2025-11-24T11:15:23+00:00\",\"breadcrumb\":{\"@id\":\"https:\\\/\\\/vegaconsultants.no\\\/jobbsoker\\\/ledige-stillinger\\\/myndighetskontakt-boring-og-bronn-3004450\\\/#breadcrumb\"},\"inLanguage\":\"en-GB\",\"potentialAction\":[{\"@type\":\"ReadAction\",\"target\":[\"https:\\\/\\\/vegaconsultants.no\\\/jobbsoker\\\/ledige-stillinger\\\/myndighetskontakt-boring-og-bronn-3004450\\\/\"]}]},{\"@type\":\"BreadcrumbList\",\"@id\":\"https:\\\/\\\/vegaconsultants.no\\\/jobbsoker\\\/ledige-stillinger\\\/myndighetskontakt-boring-og-bronn-3004450\\\/#breadcrumb\",\"itemListElement\":[{\"@type\":\"ListItem\",\"position\":1,\"name\":\"Home\",\"item\":\"https:\\\/\\\/vegaconsultants.no\\\/\"},{\"@type\":\"ListItem\",\"position\":2,\"name\":\"Jobbs\u00f8ker\",\"item\":\"https:\\\/\\\/vegaconsultants.no\\\/jobbsoker\\\/\"},{\"@type\":\"ListItem\",\"position\":3,\"name\":\"Ledige stillinger\",\"item\":\"https:\\\/\\\/vegaconsultants.no\\\/jobbsoker\\\/ledige-stillinger\\\/\"},{\"@type\":\"ListItem\",\"position\":4,\"name\":\"Myndighetskontakt Boring og Br\u00f8nn\"}]},{\"@type\":\"WebSite\",\"@id\":\"https:\\\/\\\/vegaconsultants.no\\\/#website\",\"url\":\"https:\\\/\\\/vegaconsultants.no\\\/\",\"name\":\"Vega Consultants\",\"description\":\"Rett person p\u00e5 rett plass\",\"potentialAction\":[{\"@type\":\"SearchAction\",\"target\":{\"@type\":\"EntryPoint\",\"urlTemplate\":\"https:\\\/\\\/vegaconsultants.no\\\/?s={search_term_string}\"},\"query-input\":{\"@type\":\"PropertyValueSpecification\",\"valueRequired\":true,\"valueName\":\"search_term_string\"}}],\"inLanguage\":\"en-GB\"}]}<\/script>\n<!-- \/ Yoast SEO plugin. -->","yoast_head_json":{"title":"Myndighetskontakt Boring og Br\u00f8nn - Vega Consultants","robots":{"index":"index","follow":"follow","max-snippet":"max-snippet:-1","max-image-preview":"max-image-preview:large","max-video-preview":"max-video-preview:-1"},"canonical":"https:\/\/vegaconsultants.no\/en\/jobbsoker\/ledige-stillinger\/myndighetskontakt-boring-og-bronn-3004450\/","og_locale":"en_GB","og_type":"article","og_title":"Myndighetskontakt Boring og Br\u00f8nn - Vega Consultants","og_description":"Vega Consultants AS Myndighetskontakt Boring og Br\u00f8nn Vi s\u00f8ker n\u00e5 en konsulent som skal ha rollen som Myndighetskontakt Boring og Br\u00f8nn hos et operat\u00f8rselskap. Stillingen inng\u00e5r i en avdeling med godt arbeidsmil\u00f8 og takh\u00f8yde. De leverer st\u00f8tte og r\u00e5dgivning inn til alle forretningsomr\u00e5der i Selskapet. Leveransegruppen &laquo;Boring og br\u00f8nn&raquo; best\u00e5r av 2 medarbeidere der denne [&hellip;]","og_url":"https:\/\/vegaconsultants.no\/en\/jobbsoker\/ledige-stillinger\/myndighetskontakt-boring-og-bronn-3004450\/","og_site_name":"Vega Consultants","twitter_card":"summary_large_image","twitter_misc":{"Estimated reading time":"1 minute"},"schema":{"@context":"https:\/\/schema.org","@graph":[{"@type":"WebPage","@id":"https:\/\/vegaconsultants.no\/jobbsoker\/ledige-stillinger\/myndighetskontakt-boring-og-bronn-3004450\/","url":"https:\/\/vegaconsultants.no\/jobbsoker\/ledige-stillinger\/myndighetskontakt-boring-og-bronn-3004450\/","name":"Myndighetskontakt Boring og Br\u00f8nn - Vega Consultants","isPartOf":{"@id":"https:\/\/vegaconsultants.no\/#website"},"datePublished":"2025-11-24T11:15:23+00:00","breadcrumb":{"@id":"https:\/\/vegaconsultants.no\/jobbsoker\/ledige-stillinger\/myndighetskontakt-boring-og-bronn-3004450\/#breadcrumb"},"inLanguage":"en-GB","potentialAction":[{"@type":"ReadAction","target":["https:\/\/vegaconsultants.no\/jobbsoker\/ledige-stillinger\/myndighetskontakt-boring-og-bronn-3004450\/"]}]},{"@type":"BreadcrumbList","@id":"https:\/\/vegaconsultants.no\/jobbsoker\/ledige-stillinger\/myndighetskontakt-boring-og-bronn-3004450\/#breadcrumb","itemListElement":[{"@type":"ListItem","position":1,"name":"Home","item":"https:\/\/vegaconsultants.no\/"},{"@type":"ListItem","position":2,"name":"Jobbs\u00f8ker","item":"https:\/\/vegaconsultants.no\/jobbsoker\/"},{"@type":"ListItem","position":3,"name":"Ledige stillinger","item":"https:\/\/vegaconsultants.no\/jobbsoker\/ledige-stillinger\/"},{"@type":"ListItem","position":4,"name":"Myndighetskontakt Boring og Br\u00f8nn"}]},{"@type":"WebSite","@id":"https:\/\/vegaconsultants.no\/#website","url":"https:\/\/vegaconsultants.no\/","name":"Vega Consultants","description":"The right person for the right job","potentialAction":[{"@type":"SearchAction","target":{"@type":"EntryPoint","urlTemplate":"https:\/\/vegaconsultants.no\/?s={search_term_string}"},"query-input":{"@type":"PropertyValueSpecification","valueRequired":true,"valueName":"search_term_string"}}],"inLanguage":"en-GB"}]}},"_links":{"self":[{"href":"https:\/\/vegaconsultants.no\/en\/wp-json\/wp\/v2\/pages\/22085","targetHints":{"allow":["GET"]}}],"collection":[{"href":"https:\/\/vegaconsultants.no\/en\/wp-json\/wp\/v2\/pages"}],"about":[{"href":"https:\/\/vegaconsultants.no\/en\/wp-json\/wp\/v2\/types\/page"}],"author":[{"embeddable":true,"href":"https:\/\/vegaconsultants.no\/en\/wp-json\/wp\/v2\/users\/1"}],"replies":[{"embeddable":true,"href":"https:\/\/vegaconsultants.no\/en\/wp-json\/wp\/v2\/comments?post=22085"}],"version-history":[{"count":0,"href":"https:\/\/vegaconsultants.no\/en\/wp-json\/wp\/v2\/pages\/22085\/revisions"}],"up":[{"embeddable":true,"href":"https:\/\/vegaconsultants.no\/en\/wp-json\/wp\/v2\/pages\/4051"}],"wp:attachment":[{"href":"https:\/\/vegaconsultants.no\/en\/wp-json\/wp\/v2\/media?parent=22085"}],"curies":[{"name":"wp","href":"https:\/\/api.w.org\/{rel}","templated":true}]}}