{"id":22347,"date":"2026-04-07T09:12:23","date_gmt":"2026-04-07T07:12:23","guid":{"rendered":"https:\/\/vegaconsultants.no\/jobbsoker\/ledige-stillinger\/metode-workprep-elektro-3004468\/"},"modified":"2026-04-07T09:12:23","modified_gmt":"2026-04-07T07:12:23","slug":"metode-workprep-elektro-3004468","status":"publish","type":"page","link":"https:\/\/vegaconsultants.no\/en\/jobbsoker\/ledige-stillinger\/metode-workprep-elektro-3004468\/","title":{"rendered":"Method \u2013 Workprep Electrical"},"content":{"rendered":"<div class='vacancy-detail'>\n<div class='bold'>Vega Consultants AS<\/div>\n<div class='bold'>Method \u2013 Workprep Electrical <\/div>\n<div class='vacancy-body'>\n<h3><strong>Job duties:<\/strong><\/h3>\n<ul>\n<li>Check drawings \u2013 check if materials have been ordered<\/li>\n<li>Develop a good installation method<\/li>\n<li>Provide input on installation sequence plan<\/li>\n<li>Prepare work packages for offshore installation<\/li>\n<li>Provide input on time estimates for installation activities<\/li>\n<li>Focus on HSE<\/li>\n<li>M\u00e5 kunne ta sporadiske offshoreturer<\/li>\n<\/ul>\n<h3><strong>Qualifications:<\/strong><\/h3>\n<ul>\n<li>Professional certificates within E&amp;IT subjects<\/li>\n<li>Other relevant experience, courses and education that can compensate for the point above<\/li>\n<li>Lang jobberfaring fra \u2018\u2019onshore\/offshore\u2018\u2019 arbeid<\/li>\n<li>Be familiar with requirements for working on platforms and sites<\/li>\n<li>Experience with job placement is an advantage<\/li>\n<li>Good understanding of drawings<\/li>\n<li>Good English skills<\/li>\n<li>Likes to work in a team<\/li>\n<li>Construction Method experience is an advantage<\/li>\n<li>Must be able to speak and write Norwegian<\/li>\n<li>Good computer skills<\/li>\n<li>Good at communication and collaboration<\/li>\n<\/ul>\n<h3><strong>Certificates:<\/strong><\/h3>\n<ul>\n<li>Offshore certificate and health certificate<\/li>\n<li>Basic EX course 6-8 hours online or 22.5 hours in the classroom<\/li>\n<li>FSE high and low voltage with first aid<\/li>\n<\/ul>\n<p><strong><em>For mer informasjon om stillingen, kan du ta kontakt med Grethe Borg p\u00e5 telefon 905 21 929<\/em><\/strong><\/p>\n<\/div>\n<div class='vega-button'><span><a href='https:\/\/secure.webtemp.no\/WebtempCVPortal\/startsession.aspx?page=stillingsingle&amp;k=169&amp;id_utleie=3004468'>More info\/search here<\/a><\/span><\/div>\n<p><\/p>\n<hr>\n<div>\n<h4>REFNR<\/h4>\n<p>403325<\/p><\/div>\n<div>\n<h4>POSITION TYPE<\/h4>\n<p>Full-time<br \/>Temporary position\/engagement<\/div>\n<div>\n<h4>APPLICATION DEADLINE<\/h4>\n<p>Candidates are assessed on an ongoing basis.<\/p><\/div>\n<div class='vacancy-consultant'>\n<h4>CONTACT PERSON(S)<\/h4>\n<div>Grethe Borg<\/div>\n<div>90 52 19 29<\/div>\n<div>grethe.borg@vegaconsultants.no<\/div>\n<\/div>\n<\/div>","protected":false},"excerpt":{"rendered":"<p>Vega Consultants AS Metode &#8211; Workprep Elektro Arbeidsoppgaver: Kontrollere tegninger \u2013 sjekk om materiell er bestilt Utarbeide en god installasjonsmetode Gi innspill til plan om innstallasjonsrekkef\u00f8lge Utarbeide arbeidspakker for installasjon offshore Gi innspill til timeestimater for installasjonsaktiviteter Fokus p\u00e5 HMS M\u00e5 kunne ta sporadiske offshoreturer Kvalifikasjoner: Fagbrev innen E&amp;IT fagene Annen relevant erfaring, kurs og [&hellip;]<\/p>\n","protected":false},"author":1,"featured_media":0,"parent":4051,"menu_order":0,"comment_status":"closed","ping_status":"closed","template":"","meta":{"_et_pb_use_builder":"","_et_pb_old_content":"","_et_gb_content_width":"","footnotes":""},"class_list":["post-22347","page","type-page","status-publish","hentry"],"yoast_head":"<!-- This site is optimized with the Yoast SEO plugin v27.4 - https:\/\/yoast.com\/product\/yoast-seo-wordpress\/ -->\n<title>Metode - Workprep Elektro - Vega Consultants<\/title>\n<meta name=\"robots\" content=\"index, follow, max-snippet:-1, max-image-preview:large, max-video-preview:-1\" \/>\n<link rel=\"canonical\" href=\"https:\/\/vegaconsultants.no\/en\/jobbsoker\/ledige-stillinger\/metode-workprep-elektro-3004468\/\" \/>\n<meta property=\"og:locale\" content=\"en_GB\" \/>\n<meta property=\"og:type\" content=\"article\" \/>\n<meta property=\"og:title\" content=\"Metode - Workprep Elektro - Vega Consultants\" \/>\n<meta property=\"og:description\" content=\"Vega Consultants AS Metode &#8211; Workprep Elektro Arbeidsoppgaver: Kontrollere tegninger \u2013 sjekk om materiell er bestilt Utarbeide en god installasjonsmetode Gi innspill til plan om innstallasjonsrekkef\u00f8lge Utarbeide arbeidspakker for installasjon offshore Gi innspill til timeestimater for installasjonsaktiviteter Fokus p\u00e5 HMS M\u00e5 kunne ta sporadiske offshoreturer Kvalifikasjoner: Fagbrev innen E&amp;IT fagene Annen relevant erfaring, kurs og [&hellip;]\" \/>\n<meta property=\"og:url\" content=\"https:\/\/vegaconsultants.no\/en\/jobbsoker\/ledige-stillinger\/metode-workprep-elektro-3004468\/\" \/>\n<meta property=\"og:site_name\" content=\"Vega Consultants\" \/>\n<meta name=\"twitter:card\" content=\"summary_large_image\" \/>\n<meta name=\"twitter:label1\" content=\"Estimated reading time\" \/>\n\t<meta name=\"twitter:data1\" content=\"1 minute\" \/>\n<script type=\"application\/ld+json\" class=\"yoast-schema-graph\">{\"@context\":\"https:\\\/\\\/schema.org\",\"@graph\":[{\"@type\":\"WebPage\",\"@id\":\"https:\\\/\\\/vegaconsultants.no\\\/jobbsoker\\\/ledige-stillinger\\\/metode-workprep-elektro-3004468\\\/\",\"url\":\"https:\\\/\\\/vegaconsultants.no\\\/jobbsoker\\\/ledige-stillinger\\\/metode-workprep-elektro-3004468\\\/\",\"name\":\"Metode - Workprep Elektro - Vega Consultants\",\"isPartOf\":{\"@id\":\"https:\\\/\\\/vegaconsultants.no\\\/#website\"},\"datePublished\":\"2026-04-07T07:12:23+00:00\",\"breadcrumb\":{\"@id\":\"https:\\\/\\\/vegaconsultants.no\\\/jobbsoker\\\/ledige-stillinger\\\/metode-workprep-elektro-3004468\\\/#breadcrumb\"},\"inLanguage\":\"en-GB\",\"potentialAction\":[{\"@type\":\"ReadAction\",\"target\":[\"https:\\\/\\\/vegaconsultants.no\\\/jobbsoker\\\/ledige-stillinger\\\/metode-workprep-elektro-3004468\\\/\"]}]},{\"@type\":\"BreadcrumbList\",\"@id\":\"https:\\\/\\\/vegaconsultants.no\\\/jobbsoker\\\/ledige-stillinger\\\/metode-workprep-elektro-3004468\\\/#breadcrumb\",\"itemListElement\":[{\"@type\":\"ListItem\",\"position\":1,\"name\":\"Home\",\"item\":\"https:\\\/\\\/vegaconsultants.no\\\/\"},{\"@type\":\"ListItem\",\"position\":2,\"name\":\"Jobbs\u00f8ker\",\"item\":\"https:\\\/\\\/vegaconsultants.no\\\/jobbsoker\\\/\"},{\"@type\":\"ListItem\",\"position\":3,\"name\":\"Ledige stillinger\",\"item\":\"https:\\\/\\\/vegaconsultants.no\\\/jobbsoker\\\/ledige-stillinger\\\/\"},{\"@type\":\"ListItem\",\"position\":4,\"name\":\"Metode &#8211; Workprep Elektro\"}]},{\"@type\":\"WebSite\",\"@id\":\"https:\\\/\\\/vegaconsultants.no\\\/#website\",\"url\":\"https:\\\/\\\/vegaconsultants.no\\\/\",\"name\":\"Vega Consultants\",\"description\":\"Rett person p\u00e5 rett plass\",\"potentialAction\":[{\"@type\":\"SearchAction\",\"target\":{\"@type\":\"EntryPoint\",\"urlTemplate\":\"https:\\\/\\\/vegaconsultants.no\\\/?s={search_term_string}\"},\"query-input\":{\"@type\":\"PropertyValueSpecification\",\"valueRequired\":true,\"valueName\":\"search_term_string\"}}],\"inLanguage\":\"en-GB\"}]}<\/script>\n<!-- \/ Yoast SEO plugin. -->","yoast_head_json":{"title":"Metode - Workprep Elektro - Vega Consultants","robots":{"index":"index","follow":"follow","max-snippet":"max-snippet:-1","max-image-preview":"max-image-preview:large","max-video-preview":"max-video-preview:-1"},"canonical":"https:\/\/vegaconsultants.no\/en\/jobbsoker\/ledige-stillinger\/metode-workprep-elektro-3004468\/","og_locale":"en_GB","og_type":"article","og_title":"Metode - Workprep Elektro - Vega Consultants","og_description":"Vega Consultants AS Metode &#8211; Workprep Elektro Arbeidsoppgaver: Kontrollere tegninger \u2013 sjekk om materiell er bestilt Utarbeide en god installasjonsmetode Gi innspill til plan om innstallasjonsrekkef\u00f8lge Utarbeide arbeidspakker for installasjon offshore Gi innspill til timeestimater for installasjonsaktiviteter Fokus p\u00e5 HMS M\u00e5 kunne ta sporadiske offshoreturer Kvalifikasjoner: Fagbrev innen E&amp;IT fagene Annen relevant erfaring, kurs og [&hellip;]","og_url":"https:\/\/vegaconsultants.no\/en\/jobbsoker\/ledige-stillinger\/metode-workprep-elektro-3004468\/","og_site_name":"Vega Consultants","twitter_card":"summary_large_image","twitter_misc":{"Estimated reading time":"1 minute"},"schema":{"@context":"https:\/\/schema.org","@graph":[{"@type":"WebPage","@id":"https:\/\/vegaconsultants.no\/jobbsoker\/ledige-stillinger\/metode-workprep-elektro-3004468\/","url":"https:\/\/vegaconsultants.no\/jobbsoker\/ledige-stillinger\/metode-workprep-elektro-3004468\/","name":"Metode - Workprep Elektro - Vega Consultants","isPartOf":{"@id":"https:\/\/vegaconsultants.no\/#website"},"datePublished":"2026-04-07T07:12:23+00:00","breadcrumb":{"@id":"https:\/\/vegaconsultants.no\/jobbsoker\/ledige-stillinger\/metode-workprep-elektro-3004468\/#breadcrumb"},"inLanguage":"en-GB","potentialAction":[{"@type":"ReadAction","target":["https:\/\/vegaconsultants.no\/jobbsoker\/ledige-stillinger\/metode-workprep-elektro-3004468\/"]}]},{"@type":"BreadcrumbList","@id":"https:\/\/vegaconsultants.no\/jobbsoker\/ledige-stillinger\/metode-workprep-elektro-3004468\/#breadcrumb","itemListElement":[{"@type":"ListItem","position":1,"name":"Home","item":"https:\/\/vegaconsultants.no\/"},{"@type":"ListItem","position":2,"name":"Jobbs\u00f8ker","item":"https:\/\/vegaconsultants.no\/jobbsoker\/"},{"@type":"ListItem","position":3,"name":"Ledige stillinger","item":"https:\/\/vegaconsultants.no\/jobbsoker\/ledige-stillinger\/"},{"@type":"ListItem","position":4,"name":"Metode &#8211; Workprep Elektro"}]},{"@type":"WebSite","@id":"https:\/\/vegaconsultants.no\/#website","url":"https:\/\/vegaconsultants.no\/","name":"Vega Consultants","description":"The right person for the right job","potentialAction":[{"@type":"SearchAction","target":{"@type":"EntryPoint","urlTemplate":"https:\/\/vegaconsultants.no\/?s={search_term_string}"},"query-input":{"@type":"PropertyValueSpecification","valueRequired":true,"valueName":"search_term_string"}}],"inLanguage":"en-GB"}]}},"_links":{"self":[{"href":"https:\/\/vegaconsultants.no\/en\/wp-json\/wp\/v2\/pages\/22347","targetHints":{"allow":["GET"]}}],"collection":[{"href":"https:\/\/vegaconsultants.no\/en\/wp-json\/wp\/v2\/pages"}],"about":[{"href":"https:\/\/vegaconsultants.no\/en\/wp-json\/wp\/v2\/types\/page"}],"author":[{"embeddable":true,"href":"https:\/\/vegaconsultants.no\/en\/wp-json\/wp\/v2\/users\/1"}],"replies":[{"embeddable":true,"href":"https:\/\/vegaconsultants.no\/en\/wp-json\/wp\/v2\/comments?post=22347"}],"version-history":[{"count":0,"href":"https:\/\/vegaconsultants.no\/en\/wp-json\/wp\/v2\/pages\/22347\/revisions"}],"up":[{"embeddable":true,"href":"https:\/\/vegaconsultants.no\/en\/wp-json\/wp\/v2\/pages\/4051"}],"wp:attachment":[{"href":"https:\/\/vegaconsultants.no\/en\/wp-json\/wp\/v2\/media?parent=22347"}],"curies":[{"name":"wp","href":"https:\/\/api.w.org\/{rel}","templated":true}]}}