{"id":22360,"date":"2025-12-15T12:12:51","date_gmt":"2025-12-15T11:12:51","guid":{"rendered":"https:\/\/vegaconsultants.no\/jobbsoker\/ledige-stillinger\/planlegger-3004481\/"},"modified":"2025-12-15T12:12:51","modified_gmt":"2025-12-15T11:12:51","slug":"planlegger-3004481","status":"publish","type":"page","link":"https:\/\/vegaconsultants.no\/en\/jobbsoker\/ledige-stillinger\/planlegger-3004481\/","title":{"rendered":"Planner"},"content":{"rendered":"<div class='vacancy-detail'>\n<div class='bold'>Vega Consultants AS<\/div>\n<div class='bold'>Planner<\/div>\n<div class='vacancy-body'>\n<h3><strong>Description about project\/department<\/strong> \t<\/h3>\n<p><em>Supply Base Flor\u00f8 (FBF) is part of the EPN Joint Operations Support (JOS) and belongs to Logistics and Emergency Response (LE). LE is responsible for translating the installations&#039; needs into concrete plans for the efficient utilization of resources related to vessels, air transport, emergency response, base operations and OCTG. Supply Base Flor\u00f8 has, in addition to Base Operations functions, a Logistics Center for OCTG. We are a center of expertise within OCTG activity, with management and coordination of the entire value stream across all supply bases along the coast. This covers everything from registered needs to planning of outgoing OCTG packages, return material, optimization of inventory for ongoing and upcoming activities on the Norwegian shelf. The center will, through its function, create significant savings within OCTG logistics and be a driver for improvements within SSU, digitalization and OCTG processes. Improvement work together with our suppliers is central to being able to deliver safe and efficient operations from the base to our customers offshore. Logistics Center OCTG is now looking for a Planner for the OCTG team. In the role of planner, you will work to maintain operational interfaces, plan OCTG packages, contribute to further developing our work processes and ensure good interaction with our suppliers.<\/em><\/p>\n<h3><strong>Job description:<\/strong><\/h3>\n<ul>\n<li>&nbsp;Plan OCTG work packages (outbound\/return)&nbsp;<\/li>\n<li>Follow up registration in Synergy and QM (SSU).&nbsp;<\/li>\n<li>Actively participate in improvement work in the department.&nbsp;<\/li>\n<li>Follow up and stay close to relevant suppliers.&nbsp;<\/li>\n<li>Assist across the OCTG department as needed.&nbsp;<\/li>\n<\/ul>\n<h3><strong>Competence:\t<\/strong><\/h3>\n<ul>\n<li>Bachelor&#039;s level or higher.&nbsp;<\/li>\n<li>5-7 years of relevant experience is preferred.&nbsp;<\/li>\n<li>Take responsibility, work structured and independently, and take initiative for improvement.<\/li>\n<li>Is collaborative and has good communication skills.&nbsp;<\/li>\n<li>Have high integrity and ability to live up to our values.&nbsp;<\/li>\n<li>Thrives working towards common goals and wants to contribute to a positive working environment.&nbsp;<\/li>\n<li>Good risk understanding and ability to think holistically.&nbsp;<\/li>\n<li>Good English skills&nbsp;<\/li>\n<li>Applicants must be able to speak and write Norwegian.&nbsp;<\/li>\n<\/ul>\n<p><strong><em>For more information about this job, please contact Grethe Borg at 905 21 929<\/em><\/strong><\/p>\n<\/div>\n<div class='vega-button'><span><a href='https:\/\/secure.webtemp.no\/WebtempCVPortal\/startsession.aspx?page=stillingsingle&amp;k=169&amp;id_utleie=3004481'>More info\/search here<\/a><\/span><\/div>\n<p><\/p>\n<hr>\n<div>\n<h4>REFNR<\/h4>\n<p>403338<\/p><\/div>\n<div>\n<h4>POSITION TYPE<\/h4>\n<p>Full-time<br \/>Temporary position\/engagement<\/div>\n<div>\n<h4>APPLICATION DEADLINE<\/h4>\n<p>31.12.2025<\/p><\/div>\n<div class='vacancy-consultant'>\n<h4>CONTACT PERSON(S)<\/h4>\n<div>Grethe Borg<\/div>\n<div>90 52 19 29<\/div>\n<div>grethe.borg@vegaconsultants.no<\/div>\n<\/div>\n<\/div>","protected":false},"excerpt":{"rendered":"<p>Vega Consultants AS Planlegger Description about project\/department Forsyningsbase Flor\u00f8 (FBF) er en del av EPN felles driftst\u00f8tte (JOS) og tilh\u00f8rer Logistikk og Beredskap (LE). LE har ansvar for \u00e5 omsette installasjonenes behov til konkrete planer for effektiv utnyttelse av ressurser knyttet til fart\u00f8y, lufttransport, beredskap, baseoperasjoner og OCTG. Forsyningsbase Flor\u00f8 har, i tillegg til Basedrift [&hellip;]<\/p>\n","protected":false},"author":1,"featured_media":0,"parent":4051,"menu_order":0,"comment_status":"closed","ping_status":"closed","template":"","meta":{"_et_pb_use_builder":"","_et_pb_old_content":"","_et_gb_content_width":"","footnotes":""},"class_list":["post-22360","page","type-page","status-publish","hentry"],"yoast_head":"<!-- This site is optimized with the Yoast SEO plugin v27.4 - https:\/\/yoast.com\/product\/yoast-seo-wordpress\/ -->\n<title>Planlegger - Vega Consultants<\/title>\n<meta name=\"robots\" content=\"index, follow, max-snippet:-1, max-image-preview:large, max-video-preview:-1\" \/>\n<link rel=\"canonical\" href=\"https:\/\/vegaconsultants.no\/en\/jobbsoker\/ledige-stillinger\/planlegger-3004481\/\" \/>\n<meta property=\"og:locale\" content=\"en_GB\" \/>\n<meta property=\"og:type\" content=\"article\" \/>\n<meta property=\"og:title\" content=\"Planlegger - Vega Consultants\" \/>\n<meta property=\"og:description\" content=\"Vega Consultants AS Planlegger Description about project\/department Forsyningsbase Flor\u00f8 (FBF) er en del av EPN felles driftst\u00f8tte (JOS) og tilh\u00f8rer Logistikk og Beredskap (LE). LE har ansvar for \u00e5 omsette installasjonenes behov til konkrete planer for effektiv utnyttelse av ressurser knyttet til fart\u00f8y, lufttransport, beredskap, baseoperasjoner og OCTG. Forsyningsbase Flor\u00f8 har, i tillegg til Basedrift [&hellip;]\" \/>\n<meta property=\"og:url\" content=\"https:\/\/vegaconsultants.no\/en\/jobbsoker\/ledige-stillinger\/planlegger-3004481\/\" \/>\n<meta property=\"og:site_name\" content=\"Vega Consultants\" \/>\n<meta name=\"twitter:card\" content=\"summary_large_image\" \/>\n<meta name=\"twitter:label1\" content=\"Estimated reading time\" \/>\n\t<meta name=\"twitter:data1\" content=\"2 minutes\" \/>\n<script type=\"application\/ld+json\" class=\"yoast-schema-graph\">{\"@context\":\"https:\\\/\\\/schema.org\",\"@graph\":[{\"@type\":\"WebPage\",\"@id\":\"https:\\\/\\\/vegaconsultants.no\\\/jobbsoker\\\/ledige-stillinger\\\/planlegger-3004481\\\/\",\"url\":\"https:\\\/\\\/vegaconsultants.no\\\/jobbsoker\\\/ledige-stillinger\\\/planlegger-3004481\\\/\",\"name\":\"Planlegger - Vega Consultants\",\"isPartOf\":{\"@id\":\"https:\\\/\\\/vegaconsultants.no\\\/#website\"},\"datePublished\":\"2025-12-15T11:12:51+00:00\",\"breadcrumb\":{\"@id\":\"https:\\\/\\\/vegaconsultants.no\\\/jobbsoker\\\/ledige-stillinger\\\/planlegger-3004481\\\/#breadcrumb\"},\"inLanguage\":\"en-GB\",\"potentialAction\":[{\"@type\":\"ReadAction\",\"target\":[\"https:\\\/\\\/vegaconsultants.no\\\/jobbsoker\\\/ledige-stillinger\\\/planlegger-3004481\\\/\"]}]},{\"@type\":\"BreadcrumbList\",\"@id\":\"https:\\\/\\\/vegaconsultants.no\\\/jobbsoker\\\/ledige-stillinger\\\/planlegger-3004481\\\/#breadcrumb\",\"itemListElement\":[{\"@type\":\"ListItem\",\"position\":1,\"name\":\"Home\",\"item\":\"https:\\\/\\\/vegaconsultants.no\\\/\"},{\"@type\":\"ListItem\",\"position\":2,\"name\":\"Jobbs\u00f8ker\",\"item\":\"https:\\\/\\\/vegaconsultants.no\\\/jobbsoker\\\/\"},{\"@type\":\"ListItem\",\"position\":3,\"name\":\"Ledige stillinger\",\"item\":\"https:\\\/\\\/vegaconsultants.no\\\/jobbsoker\\\/ledige-stillinger\\\/\"},{\"@type\":\"ListItem\",\"position\":4,\"name\":\"Planlegger\"}]},{\"@type\":\"WebSite\",\"@id\":\"https:\\\/\\\/vegaconsultants.no\\\/#website\",\"url\":\"https:\\\/\\\/vegaconsultants.no\\\/\",\"name\":\"Vega Consultants\",\"description\":\"Rett person p\u00e5 rett plass\",\"potentialAction\":[{\"@type\":\"SearchAction\",\"target\":{\"@type\":\"EntryPoint\",\"urlTemplate\":\"https:\\\/\\\/vegaconsultants.no\\\/?s={search_term_string}\"},\"query-input\":{\"@type\":\"PropertyValueSpecification\",\"valueRequired\":true,\"valueName\":\"search_term_string\"}}],\"inLanguage\":\"en-GB\"}]}<\/script>\n<!-- \/ Yoast SEO plugin. -->","yoast_head_json":{"title":"Planlegger - Vega Consultants","robots":{"index":"index","follow":"follow","max-snippet":"max-snippet:-1","max-image-preview":"max-image-preview:large","max-video-preview":"max-video-preview:-1"},"canonical":"https:\/\/vegaconsultants.no\/en\/jobbsoker\/ledige-stillinger\/planlegger-3004481\/","og_locale":"en_GB","og_type":"article","og_title":"Planlegger - Vega Consultants","og_description":"Vega Consultants AS Planlegger Description about project\/department Forsyningsbase Flor\u00f8 (FBF) er en del av EPN felles driftst\u00f8tte (JOS) og tilh\u00f8rer Logistikk og Beredskap (LE). LE har ansvar for \u00e5 omsette installasjonenes behov til konkrete planer for effektiv utnyttelse av ressurser knyttet til fart\u00f8y, lufttransport, beredskap, baseoperasjoner og OCTG. Forsyningsbase Flor\u00f8 har, i tillegg til Basedrift [&hellip;]","og_url":"https:\/\/vegaconsultants.no\/en\/jobbsoker\/ledige-stillinger\/planlegger-3004481\/","og_site_name":"Vega Consultants","twitter_card":"summary_large_image","twitter_misc":{"Estimated reading time":"2 minutes"},"schema":{"@context":"https:\/\/schema.org","@graph":[{"@type":"WebPage","@id":"https:\/\/vegaconsultants.no\/jobbsoker\/ledige-stillinger\/planlegger-3004481\/","url":"https:\/\/vegaconsultants.no\/jobbsoker\/ledige-stillinger\/planlegger-3004481\/","name":"Planlegger - Vega Consultants","isPartOf":{"@id":"https:\/\/vegaconsultants.no\/#website"},"datePublished":"2025-12-15T11:12:51+00:00","breadcrumb":{"@id":"https:\/\/vegaconsultants.no\/jobbsoker\/ledige-stillinger\/planlegger-3004481\/#breadcrumb"},"inLanguage":"en-GB","potentialAction":[{"@type":"ReadAction","target":["https:\/\/vegaconsultants.no\/jobbsoker\/ledige-stillinger\/planlegger-3004481\/"]}]},{"@type":"BreadcrumbList","@id":"https:\/\/vegaconsultants.no\/jobbsoker\/ledige-stillinger\/planlegger-3004481\/#breadcrumb","itemListElement":[{"@type":"ListItem","position":1,"name":"Home","item":"https:\/\/vegaconsultants.no\/"},{"@type":"ListItem","position":2,"name":"Jobbs\u00f8ker","item":"https:\/\/vegaconsultants.no\/jobbsoker\/"},{"@type":"ListItem","position":3,"name":"Ledige stillinger","item":"https:\/\/vegaconsultants.no\/jobbsoker\/ledige-stillinger\/"},{"@type":"ListItem","position":4,"name":"Planlegger"}]},{"@type":"WebSite","@id":"https:\/\/vegaconsultants.no\/#website","url":"https:\/\/vegaconsultants.no\/","name":"Vega Consultants","description":"The right person for the right job","potentialAction":[{"@type":"SearchAction","target":{"@type":"EntryPoint","urlTemplate":"https:\/\/vegaconsultants.no\/?s={search_term_string}"},"query-input":{"@type":"PropertyValueSpecification","valueRequired":true,"valueName":"search_term_string"}}],"inLanguage":"en-GB"}]}},"_links":{"self":[{"href":"https:\/\/vegaconsultants.no\/en\/wp-json\/wp\/v2\/pages\/22360","targetHints":{"allow":["GET"]}}],"collection":[{"href":"https:\/\/vegaconsultants.no\/en\/wp-json\/wp\/v2\/pages"}],"about":[{"href":"https:\/\/vegaconsultants.no\/en\/wp-json\/wp\/v2\/types\/page"}],"author":[{"embeddable":true,"href":"https:\/\/vegaconsultants.no\/en\/wp-json\/wp\/v2\/users\/1"}],"replies":[{"embeddable":true,"href":"https:\/\/vegaconsultants.no\/en\/wp-json\/wp\/v2\/comments?post=22360"}],"version-history":[{"count":0,"href":"https:\/\/vegaconsultants.no\/en\/wp-json\/wp\/v2\/pages\/22360\/revisions"}],"up":[{"embeddable":true,"href":"https:\/\/vegaconsultants.no\/en\/wp-json\/wp\/v2\/pages\/4051"}],"wp:attachment":[{"href":"https:\/\/vegaconsultants.no\/en\/wp-json\/wp\/v2\/media?parent=22360"}],"curies":[{"name":"wp","href":"https:\/\/api.w.org\/{rel}","templated":true}]}}