{"id":22407,"date":"2026-04-13T12:12:22","date_gmt":"2026-04-13T10:12:22","guid":{"rendered":"https:\/\/vegaconsultants.no\/jobbsoker\/ledige-stillinger\/senior-electrical-engineer-3004530\/"},"modified":"2026-04-13T12:12:22","modified_gmt":"2026-04-13T10:12:22","slug":"senior-electrical-engineer-3004530","status":"publish","type":"page","link":"https:\/\/vegaconsultants.no\/en\/jobbsoker\/ledige-stillinger\/senior-electrical-engineer-3004530\/","title":{"rendered":"Senior Electrical Engineer"},"content":{"rendered":"<div class='vacancy-detail'>\n<div class='bold'>Vega Consultants AS<\/div>\n<div class='bold'>Senior Electrical Engineer<\/div>\n<div class='bold'>NES Fircroft (Aibel Hammerfest)<\/div>\n<div class='vacancy-body'>\n<h3><strong>Arbeidsoppgaver:<\/strong><\/h3>\n<ul>\n<li>Prosjektingeni\u00f8r elektro som i hovedsak skal jobbe med detalj\/system engineering og beregninger<\/li>\n<li>Selvstendig, ansvarlig prosjektingeni\u00f8r i prosjekt<\/li>\n<li>Egenkontroll og sjekk av dokumenter<\/li>\n<li>Leverand\u00f8roppf\u00f8lging<\/li>\n<li>Varmekabelberegning<\/li>\n<li>Innspill og utarbeidelse av installasjonspakker<\/li>\n<\/ul>\n<h3><strong>Kvalifikasjoner:<\/strong><\/h3>\n<ul>\n<li>Teknisk fagskole eller Bachelor-\/Master of science<\/li>\n<li>Minimum 3-5 \u00e5rs erfaring fra offshore\/onshore prosjekter<\/li>\n<li>Erfaring med beregning av varmekabler (CompuTrace, TRacecalc, FEBDOK) er en fordel<\/li>\n<li>Erfaring med ProCoSys og STID er en fordel<\/li>\n<li>\u00d8nskelig med kjennskap til E3D og MicroStation<\/li>\n<li>Kan jobbe selvstendig og i grupper<\/li>\n<li>\u00d8nskelig med gode spr\u00e5kunnskaper, skriftlig og muntlig i engelsk og norsk<\/li>\n<li>Multidisiplin forst\u00e5else og gode samarbeidsevner<\/li>\n<li>Proaktiv og opps\u00f8ker andres kunnskap for \u00e5 l\u00e6re. Er ikke redd for \u00e5 dele av egen kunnskap<\/li>\n<li>Forst\u00e5else for prosjektarbeid og prosjektleveranser.<\/li>\n<\/ul>\n<h3><strong>Sertifikater:<\/strong><\/h3>\n<ul>\n<li>Grunnleggende EX kurs, enten 6-8 timers nettkurs eller 22,5 timer i klasserom<\/li>\n<li>FSE, h\u00f8y- og lavspent inkl pratisk f\u00f8rstehjelp<\/li>\n<\/ul>\n<h3><strong>Languages:<\/strong><\/h3>\n<ul>\n<li>English Full professional proficiency<\/li>\n<li>Norwegian Full professional proficiency<\/li>\n<\/ul>\n<p><strong><em>For mer informasjon om denne stillingen, kan du kontakte Grethe Borg p\u00e5 telefon 905 21 929<\/em><\/strong><\/p>\n<\/div>\n<div class='vega-button'><span><a href='https:\/\/secure.webtemp.no\/WebtempCVPortal\/startsession.aspx?page=stillingsingle&amp;k=169&amp;id_utleie=3004530'>Mer info\/s\u00f8k her<\/a><\/span><\/div>\n<p><\/p>\n<hr>\n<div>\n<h4>REFNR<\/h4>\n<p>403379<\/p><\/div>\n<div>\n<h4>STILLINGSTYPE<\/h4>\n<p>Heltid<br \/>Vikariat\/engasjement<\/div>\n<div>\n<h4>S\u00d8KNADSFRIST<\/h4>\n<p>ASAP<\/p><\/div>\n<div class='vacancy-consultant'>\n<h4>KONTAKTPERSON(ER)<\/h4>\n<div>Grethe Borg<\/div>\n<div>90 52 19 29<\/div>\n<div>grethe.borg@vegaconsultants.no<\/div>\n<\/div>\n<\/div>","protected":false},"excerpt":{"rendered":"<p>Vega Consultants AS Senior Electrical Engineer NES Fircroft (Aibel Hammerfest) Arbeidsoppgaver: Prosjektingeni\u00f8r elektro som i hovedsak skal jobbe med detalj\/system engineering og beregninger Selvstendig, ansvarlig prosjektingeni\u00f8r i prosjekt Egenkontroll og sjekk av dokumenter Leverand\u00f8roppf\u00f8lging Varmekabelberegning Innspill og utarbeidelse av installasjonspakker Kvalifikasjoner: Teknisk fagskole eller Bachelor-\/Master of science Minimum 3-5 \u00e5rs erfaring fra offshore\/onshore prosjekter Erfaring [&hellip;]<\/p>\n","protected":false},"author":1,"featured_media":0,"parent":4051,"menu_order":0,"comment_status":"closed","ping_status":"closed","template":"","meta":{"_et_pb_use_builder":"","_et_pb_old_content":"","_et_gb_content_width":"","footnotes":""},"class_list":["post-22407","page","type-page","status-publish","hentry"],"yoast_head":"<!-- This site is optimized with the Yoast SEO plugin v27.3 - https:\/\/yoast.com\/product\/yoast-seo-wordpress\/ -->\n<title>Senior Electrical Engineer - Vega Consultants<\/title>\n<meta name=\"robots\" content=\"index, follow, max-snippet:-1, max-image-preview:large, max-video-preview:-1\" \/>\n<link rel=\"canonical\" href=\"https:\/\/vegaconsultants.no\/en\/jobbsoker\/ledige-stillinger\/senior-electrical-engineer-3004530\/\" \/>\n<meta property=\"og:locale\" content=\"en_GB\" \/>\n<meta property=\"og:type\" content=\"article\" \/>\n<meta property=\"og:title\" content=\"Senior Electrical Engineer - Vega Consultants\" \/>\n<meta property=\"og:description\" content=\"Vega Consultants AS Senior Electrical Engineer NES Fircroft (Aibel Hammerfest) Arbeidsoppgaver: Prosjektingeni\u00f8r elektro som i hovedsak skal jobbe med detalj\/system engineering og beregninger Selvstendig, ansvarlig prosjektingeni\u00f8r i prosjekt Egenkontroll og sjekk av dokumenter Leverand\u00f8roppf\u00f8lging Varmekabelberegning Innspill og utarbeidelse av installasjonspakker Kvalifikasjoner: Teknisk fagskole eller Bachelor-\/Master of science Minimum 3-5 \u00e5rs erfaring fra offshore\/onshore prosjekter Erfaring [&hellip;]\" \/>\n<meta property=\"og:url\" content=\"https:\/\/vegaconsultants.no\/en\/jobbsoker\/ledige-stillinger\/senior-electrical-engineer-3004530\/\" \/>\n<meta property=\"og:site_name\" content=\"Vega Consultants\" \/>\n<meta name=\"twitter:card\" content=\"summary_large_image\" \/>\n<meta name=\"twitter:label1\" content=\"Estimated reading time\" \/>\n\t<meta name=\"twitter:data1\" content=\"1 minute\" \/>\n<script type=\"application\/ld+json\" class=\"yoast-schema-graph\">{\"@context\":\"https:\\\/\\\/schema.org\",\"@graph\":[{\"@type\":\"WebPage\",\"@id\":\"https:\\\/\\\/vegaconsultants.no\\\/jobbsoker\\\/ledige-stillinger\\\/senior-electrical-engineer-3004530\\\/\",\"url\":\"https:\\\/\\\/vegaconsultants.no\\\/jobbsoker\\\/ledige-stillinger\\\/senior-electrical-engineer-3004530\\\/\",\"name\":\"Senior Electrical Engineer - Vega Consultants\",\"isPartOf\":{\"@id\":\"https:\\\/\\\/vegaconsultants.no\\\/#website\"},\"datePublished\":\"2026-04-13T10:12:22+00:00\",\"breadcrumb\":{\"@id\":\"https:\\\/\\\/vegaconsultants.no\\\/jobbsoker\\\/ledige-stillinger\\\/senior-electrical-engineer-3004530\\\/#breadcrumb\"},\"inLanguage\":\"en-GB\",\"potentialAction\":[{\"@type\":\"ReadAction\",\"target\":[\"https:\\\/\\\/vegaconsultants.no\\\/jobbsoker\\\/ledige-stillinger\\\/senior-electrical-engineer-3004530\\\/\"]}]},{\"@type\":\"BreadcrumbList\",\"@id\":\"https:\\\/\\\/vegaconsultants.no\\\/jobbsoker\\\/ledige-stillinger\\\/senior-electrical-engineer-3004530\\\/#breadcrumb\",\"itemListElement\":[{\"@type\":\"ListItem\",\"position\":1,\"name\":\"Home\",\"item\":\"https:\\\/\\\/vegaconsultants.no\\\/\"},{\"@type\":\"ListItem\",\"position\":2,\"name\":\"Jobbs\u00f8ker\",\"item\":\"https:\\\/\\\/vegaconsultants.no\\\/jobbsoker\\\/\"},{\"@type\":\"ListItem\",\"position\":3,\"name\":\"Ledige stillinger\",\"item\":\"https:\\\/\\\/vegaconsultants.no\\\/jobbsoker\\\/ledige-stillinger\\\/\"},{\"@type\":\"ListItem\",\"position\":4,\"name\":\"Senior Electrical Engineer\"}]},{\"@type\":\"WebSite\",\"@id\":\"https:\\\/\\\/vegaconsultants.no\\\/#website\",\"url\":\"https:\\\/\\\/vegaconsultants.no\\\/\",\"name\":\"Vega Consultants\",\"description\":\"Rett person p\u00e5 rett plass\",\"potentialAction\":[{\"@type\":\"SearchAction\",\"target\":{\"@type\":\"EntryPoint\",\"urlTemplate\":\"https:\\\/\\\/vegaconsultants.no\\\/?s={search_term_string}\"},\"query-input\":{\"@type\":\"PropertyValueSpecification\",\"valueRequired\":true,\"valueName\":\"search_term_string\"}}],\"inLanguage\":\"en-GB\"}]}<\/script>\n<!-- \/ Yoast SEO plugin. -->","yoast_head_json":{"title":"Senior Electrical Engineer - Vega Consultants","robots":{"index":"index","follow":"follow","max-snippet":"max-snippet:-1","max-image-preview":"max-image-preview:large","max-video-preview":"max-video-preview:-1"},"canonical":"https:\/\/vegaconsultants.no\/en\/jobbsoker\/ledige-stillinger\/senior-electrical-engineer-3004530\/","og_locale":"en_GB","og_type":"article","og_title":"Senior Electrical Engineer - Vega Consultants","og_description":"Vega Consultants AS Senior Electrical Engineer NES Fircroft (Aibel Hammerfest) Arbeidsoppgaver: Prosjektingeni\u00f8r elektro som i hovedsak skal jobbe med detalj\/system engineering og beregninger Selvstendig, ansvarlig prosjektingeni\u00f8r i prosjekt Egenkontroll og sjekk av dokumenter Leverand\u00f8roppf\u00f8lging Varmekabelberegning Innspill og utarbeidelse av installasjonspakker Kvalifikasjoner: Teknisk fagskole eller Bachelor-\/Master of science Minimum 3-5 \u00e5rs erfaring fra offshore\/onshore prosjekter Erfaring [&hellip;]","og_url":"https:\/\/vegaconsultants.no\/en\/jobbsoker\/ledige-stillinger\/senior-electrical-engineer-3004530\/","og_site_name":"Vega Consultants","twitter_card":"summary_large_image","twitter_misc":{"Estimated reading time":"1 minute"},"schema":{"@context":"https:\/\/schema.org","@graph":[{"@type":"WebPage","@id":"https:\/\/vegaconsultants.no\/jobbsoker\/ledige-stillinger\/senior-electrical-engineer-3004530\/","url":"https:\/\/vegaconsultants.no\/jobbsoker\/ledige-stillinger\/senior-electrical-engineer-3004530\/","name":"Senior Electrical Engineer - Vega Consultants","isPartOf":{"@id":"https:\/\/vegaconsultants.no\/#website"},"datePublished":"2026-04-13T10:12:22+00:00","breadcrumb":{"@id":"https:\/\/vegaconsultants.no\/jobbsoker\/ledige-stillinger\/senior-electrical-engineer-3004530\/#breadcrumb"},"inLanguage":"en-GB","potentialAction":[{"@type":"ReadAction","target":["https:\/\/vegaconsultants.no\/jobbsoker\/ledige-stillinger\/senior-electrical-engineer-3004530\/"]}]},{"@type":"BreadcrumbList","@id":"https:\/\/vegaconsultants.no\/jobbsoker\/ledige-stillinger\/senior-electrical-engineer-3004530\/#breadcrumb","itemListElement":[{"@type":"ListItem","position":1,"name":"Home","item":"https:\/\/vegaconsultants.no\/"},{"@type":"ListItem","position":2,"name":"Jobbs\u00f8ker","item":"https:\/\/vegaconsultants.no\/jobbsoker\/"},{"@type":"ListItem","position":3,"name":"Ledige stillinger","item":"https:\/\/vegaconsultants.no\/jobbsoker\/ledige-stillinger\/"},{"@type":"ListItem","position":4,"name":"Senior Electrical Engineer"}]},{"@type":"WebSite","@id":"https:\/\/vegaconsultants.no\/#website","url":"https:\/\/vegaconsultants.no\/","name":"Vega Consultants","description":"The right person for the right job","potentialAction":[{"@type":"SearchAction","target":{"@type":"EntryPoint","urlTemplate":"https:\/\/vegaconsultants.no\/?s={search_term_string}"},"query-input":{"@type":"PropertyValueSpecification","valueRequired":true,"valueName":"search_term_string"}}],"inLanguage":"en-GB"}]}},"_links":{"self":[{"href":"https:\/\/vegaconsultants.no\/en\/wp-json\/wp\/v2\/pages\/22407","targetHints":{"allow":["GET"]}}],"collection":[{"href":"https:\/\/vegaconsultants.no\/en\/wp-json\/wp\/v2\/pages"}],"about":[{"href":"https:\/\/vegaconsultants.no\/en\/wp-json\/wp\/v2\/types\/page"}],"author":[{"embeddable":true,"href":"https:\/\/vegaconsultants.no\/en\/wp-json\/wp\/v2\/users\/1"}],"replies":[{"embeddable":true,"href":"https:\/\/vegaconsultants.no\/en\/wp-json\/wp\/v2\/comments?post=22407"}],"version-history":[{"count":0,"href":"https:\/\/vegaconsultants.no\/en\/wp-json\/wp\/v2\/pages\/22407\/revisions"}],"up":[{"embeddable":true,"href":"https:\/\/vegaconsultants.no\/en\/wp-json\/wp\/v2\/pages\/4051"}],"wp:attachment":[{"href":"https:\/\/vegaconsultants.no\/en\/wp-json\/wp\/v2\/media?parent=22407"}],"curies":[{"name":"wp","href":"https:\/\/api.w.org\/{rel}","templated":true}]}}