{"id":22496,"date":"2026-04-15T15:12:17","date_gmt":"2026-04-15T13:12:17","guid":{"rendered":"https:\/\/vegaconsultants.no\/jobbsoker\/ledige-stillinger\/mc-commissioning-engineer-eit-3004603\/"},"modified":"2026-04-15T15:12:17","modified_gmt":"2026-04-15T13:12:17","slug":"mc-commissioning-engineer-eit-3004603","status":"publish","type":"page","link":"https:\/\/vegaconsultants.no\/en\/jobbsoker\/ledige-stillinger\/mc-commissioning-engineer-eit-3004603\/","title":{"rendered":"MC, Commissioning Engineer EIT"},"content":{"rendered":"<div class='vacancy-detail'>\n<div class='bold'>Vega Consultants AS<\/div>\n<div class='bold'>MC, Commissioning Engineer EIT<\/div>\n<div class='vacancy-body'>\n<h3><strong>Arbeidsoppgaver: <\/strong><\/h3>\n<ul>\n<li>Planlegge og gjennomf\u00f8re MC og Commissioning aktiviteter<\/li>\n<li>Bidra i studie og engineeringsfasen av prosjekter<\/li>\n<li>Utarbeide prosedyrer og teknisk dokumentasjon<\/li>\n<li>F\u00f8lge opp leverand\u00f8rer og delta p\u00e5 FAT\/SAT<\/li>\n<li>F\u00f8lge opp offshore installasjon og ferdigstillelse<\/li>\n<li>Sporadiske offshore turer ved behov<\/li>\n<\/ul>\n<h3><strong>Utdannelse:<\/strong><\/h3>\n<ul>\n<li>Teknisk utdannelse innen elektro, instrument, telekom eller automasjon, h\u00f8yskole eller fagskole.<\/li>\n<li>Lang relevant erfaring kan kompensere for manglende formell utdannelse.<\/li>\n<li>Gode spr\u00e5kferdigheter b\u00e5de i norsk og engelsk<\/li>\n<li>Erfaring med bruk av digitale completion verkt\u00f8y<\/li>\n<\/ul>\n<h3><strong> \u00d8nsket arbeidserfaring:<\/strong><\/h3>\n<ul>\n<li>5 \u00e5rs relevant erfaring<\/li>\n<\/ul>\n<h3><strong>Sertifikat: <\/strong><\/h3>\n<ul>\n<li>&#8211; EX &#8211; Grunnleggende EX kurs. 6-8 timer online, eller 22,5 i klasserom<\/li>\n<li>&#8211; FSE &#8211; H\u00f8yt og lavtspent med f\u00f8rstehjelp<\/li>\n<li>&#8211; AT \/ SJA<\/li>\n<li>&#8211; Offshore sertifikat og helseattest<\/li>\n<\/ul>\n<p><strong><em>For mer informasjon om denne stillingen kan du ringe Grethe Borg p\u00e5 telefon 905 21 929<\/em><\/strong><\/p>\n<h3><\/h3>\n<\/div>\n<div class='vega-button'><span><a href='https:\/\/secure.webtemp.no\/WebtempCVPortal\/startsession.aspx?page=stillingsingle&amp;k=169&amp;id_utleie=3004603'>Mer info\/s\u00f8k her<\/a><\/span><\/div>\n<p><\/p>\n<hr>\n<div>\n<h4>REFNR<\/h4>\n<p>403447<\/p><\/div>\n<div>\n<h4>STILLINGSTYPE<\/h4>\n<p>Heltid<br \/>Vikariat\/engasjement<\/div>\n<div>\n<h4>S\u00d8KNADSFRIST<\/h4>\n<p>ASAP<\/p><\/div>\n<div class='vacancy-consultant'>\n<h4>KONTAKTPERSON(ER)<\/h4>\n<div>Grethe Borg<\/div>\n<div>90 52 19 29<\/div>\n<div>grethe.borg@vegaconsultants.no<\/div>\n<\/div>\n<\/div>","protected":false},"excerpt":{"rendered":"<p>Vega Consultants AS MC, Commissioning Engineer EIT Arbeidsoppgaver: Planlegge og gjennomf\u00f8re MC og Commissioning aktiviteter Bidra i studie og engineeringsfasen av prosjekter Utarbeide prosedyrer og teknisk dokumentasjon F\u00f8lge opp leverand\u00f8rer og delta p\u00e5 FAT\/SAT F\u00f8lge opp offshore installasjon og ferdigstillelse Sporadiske offshore turer ved behov Utdannelse: Teknisk utdannelse innen elektro, instrument, telekom eller automasjon, h\u00f8yskole [&hellip;]<\/p>\n","protected":false},"author":1,"featured_media":0,"parent":4051,"menu_order":0,"comment_status":"closed","ping_status":"closed","template":"","meta":{"_et_pb_use_builder":"","_et_pb_old_content":"","_et_gb_content_width":"","footnotes":""},"class_list":["post-22496","page","type-page","status-publish","hentry"],"yoast_head":"<!-- This site is optimized with the Yoast SEO plugin v27.3 - https:\/\/yoast.com\/product\/yoast-seo-wordpress\/ -->\n<title>MC, Commissioning Engineer EIT - Vega Consultants<\/title>\n<meta name=\"robots\" content=\"index, follow, max-snippet:-1, max-image-preview:large, max-video-preview:-1\" \/>\n<link rel=\"canonical\" href=\"https:\/\/vegaconsultants.no\/en\/jobbsoker\/ledige-stillinger\/mc-commissioning-engineer-eit-3004603\/\" \/>\n<meta property=\"og:locale\" content=\"en_GB\" \/>\n<meta property=\"og:type\" content=\"article\" \/>\n<meta property=\"og:title\" content=\"MC, Commissioning Engineer EIT - Vega Consultants\" \/>\n<meta property=\"og:description\" content=\"Vega Consultants AS MC, Commissioning Engineer EIT Arbeidsoppgaver: Planlegge og gjennomf\u00f8re MC og Commissioning aktiviteter Bidra i studie og engineeringsfasen av prosjekter Utarbeide prosedyrer og teknisk dokumentasjon F\u00f8lge opp leverand\u00f8rer og delta p\u00e5 FAT\/SAT F\u00f8lge opp offshore installasjon og ferdigstillelse Sporadiske offshore turer ved behov Utdannelse: Teknisk utdannelse innen elektro, instrument, telekom eller automasjon, h\u00f8yskole [&hellip;]\" \/>\n<meta property=\"og:url\" content=\"https:\/\/vegaconsultants.no\/en\/jobbsoker\/ledige-stillinger\/mc-commissioning-engineer-eit-3004603\/\" \/>\n<meta property=\"og:site_name\" content=\"Vega Consultants\" \/>\n<meta name=\"twitter:card\" content=\"summary_large_image\" \/>\n<meta name=\"twitter:label1\" content=\"Estimated reading time\" \/>\n\t<meta name=\"twitter:data1\" content=\"1 minute\" \/>\n<script type=\"application\/ld+json\" class=\"yoast-schema-graph\">{\"@context\":\"https:\\\/\\\/schema.org\",\"@graph\":[{\"@type\":\"WebPage\",\"@id\":\"https:\\\/\\\/vegaconsultants.no\\\/jobbsoker\\\/ledige-stillinger\\\/mc-commissioning-engineer-eit-3004603\\\/\",\"url\":\"https:\\\/\\\/vegaconsultants.no\\\/jobbsoker\\\/ledige-stillinger\\\/mc-commissioning-engineer-eit-3004603\\\/\",\"name\":\"MC, Commissioning Engineer EIT - Vega Consultants\",\"isPartOf\":{\"@id\":\"https:\\\/\\\/vegaconsultants.no\\\/#website\"},\"datePublished\":\"2026-04-15T13:12:17+00:00\",\"breadcrumb\":{\"@id\":\"https:\\\/\\\/vegaconsultants.no\\\/jobbsoker\\\/ledige-stillinger\\\/mc-commissioning-engineer-eit-3004603\\\/#breadcrumb\"},\"inLanguage\":\"en-GB\",\"potentialAction\":[{\"@type\":\"ReadAction\",\"target\":[\"https:\\\/\\\/vegaconsultants.no\\\/jobbsoker\\\/ledige-stillinger\\\/mc-commissioning-engineer-eit-3004603\\\/\"]}]},{\"@type\":\"BreadcrumbList\",\"@id\":\"https:\\\/\\\/vegaconsultants.no\\\/jobbsoker\\\/ledige-stillinger\\\/mc-commissioning-engineer-eit-3004603\\\/#breadcrumb\",\"itemListElement\":[{\"@type\":\"ListItem\",\"position\":1,\"name\":\"Home\",\"item\":\"https:\\\/\\\/vegaconsultants.no\\\/\"},{\"@type\":\"ListItem\",\"position\":2,\"name\":\"Jobbs\u00f8ker\",\"item\":\"https:\\\/\\\/vegaconsultants.no\\\/jobbsoker\\\/\"},{\"@type\":\"ListItem\",\"position\":3,\"name\":\"Ledige stillinger\",\"item\":\"https:\\\/\\\/vegaconsultants.no\\\/jobbsoker\\\/ledige-stillinger\\\/\"},{\"@type\":\"ListItem\",\"position\":4,\"name\":\"MC, Commissioning Engineer EIT\"}]},{\"@type\":\"WebSite\",\"@id\":\"https:\\\/\\\/vegaconsultants.no\\\/#website\",\"url\":\"https:\\\/\\\/vegaconsultants.no\\\/\",\"name\":\"Vega Consultants\",\"description\":\"Rett person p\u00e5 rett plass\",\"potentialAction\":[{\"@type\":\"SearchAction\",\"target\":{\"@type\":\"EntryPoint\",\"urlTemplate\":\"https:\\\/\\\/vegaconsultants.no\\\/?s={search_term_string}\"},\"query-input\":{\"@type\":\"PropertyValueSpecification\",\"valueRequired\":true,\"valueName\":\"search_term_string\"}}],\"inLanguage\":\"en-GB\"}]}<\/script>\n<!-- \/ Yoast SEO plugin. -->","yoast_head_json":{"title":"MC, Commissioning Engineer EIT - Vega Consultants","robots":{"index":"index","follow":"follow","max-snippet":"max-snippet:-1","max-image-preview":"max-image-preview:large","max-video-preview":"max-video-preview:-1"},"canonical":"https:\/\/vegaconsultants.no\/en\/jobbsoker\/ledige-stillinger\/mc-commissioning-engineer-eit-3004603\/","og_locale":"en_GB","og_type":"article","og_title":"MC, Commissioning Engineer EIT - Vega Consultants","og_description":"Vega Consultants AS MC, Commissioning Engineer EIT Arbeidsoppgaver: Planlegge og gjennomf\u00f8re MC og Commissioning aktiviteter Bidra i studie og engineeringsfasen av prosjekter Utarbeide prosedyrer og teknisk dokumentasjon F\u00f8lge opp leverand\u00f8rer og delta p\u00e5 FAT\/SAT F\u00f8lge opp offshore installasjon og ferdigstillelse Sporadiske offshore turer ved behov Utdannelse: Teknisk utdannelse innen elektro, instrument, telekom eller automasjon, h\u00f8yskole [&hellip;]","og_url":"https:\/\/vegaconsultants.no\/en\/jobbsoker\/ledige-stillinger\/mc-commissioning-engineer-eit-3004603\/","og_site_name":"Vega Consultants","twitter_card":"summary_large_image","twitter_misc":{"Estimated reading time":"1 minute"},"schema":{"@context":"https:\/\/schema.org","@graph":[{"@type":"WebPage","@id":"https:\/\/vegaconsultants.no\/jobbsoker\/ledige-stillinger\/mc-commissioning-engineer-eit-3004603\/","url":"https:\/\/vegaconsultants.no\/jobbsoker\/ledige-stillinger\/mc-commissioning-engineer-eit-3004603\/","name":"MC, Commissioning Engineer EIT - Vega Consultants","isPartOf":{"@id":"https:\/\/vegaconsultants.no\/#website"},"datePublished":"2026-04-15T13:12:17+00:00","breadcrumb":{"@id":"https:\/\/vegaconsultants.no\/jobbsoker\/ledige-stillinger\/mc-commissioning-engineer-eit-3004603\/#breadcrumb"},"inLanguage":"en-GB","potentialAction":[{"@type":"ReadAction","target":["https:\/\/vegaconsultants.no\/jobbsoker\/ledige-stillinger\/mc-commissioning-engineer-eit-3004603\/"]}]},{"@type":"BreadcrumbList","@id":"https:\/\/vegaconsultants.no\/jobbsoker\/ledige-stillinger\/mc-commissioning-engineer-eit-3004603\/#breadcrumb","itemListElement":[{"@type":"ListItem","position":1,"name":"Home","item":"https:\/\/vegaconsultants.no\/"},{"@type":"ListItem","position":2,"name":"Jobbs\u00f8ker","item":"https:\/\/vegaconsultants.no\/jobbsoker\/"},{"@type":"ListItem","position":3,"name":"Ledige stillinger","item":"https:\/\/vegaconsultants.no\/jobbsoker\/ledige-stillinger\/"},{"@type":"ListItem","position":4,"name":"MC, Commissioning Engineer EIT"}]},{"@type":"WebSite","@id":"https:\/\/vegaconsultants.no\/#website","url":"https:\/\/vegaconsultants.no\/","name":"Vega Consultants","description":"The right person for the right job","potentialAction":[{"@type":"SearchAction","target":{"@type":"EntryPoint","urlTemplate":"https:\/\/vegaconsultants.no\/?s={search_term_string}"},"query-input":{"@type":"PropertyValueSpecification","valueRequired":true,"valueName":"search_term_string"}}],"inLanguage":"en-GB"}]}},"_links":{"self":[{"href":"https:\/\/vegaconsultants.no\/en\/wp-json\/wp\/v2\/pages\/22496","targetHints":{"allow":["GET"]}}],"collection":[{"href":"https:\/\/vegaconsultants.no\/en\/wp-json\/wp\/v2\/pages"}],"about":[{"href":"https:\/\/vegaconsultants.no\/en\/wp-json\/wp\/v2\/types\/page"}],"author":[{"embeddable":true,"href":"https:\/\/vegaconsultants.no\/en\/wp-json\/wp\/v2\/users\/1"}],"replies":[{"embeddable":true,"href":"https:\/\/vegaconsultants.no\/en\/wp-json\/wp\/v2\/comments?post=22496"}],"version-history":[{"count":0,"href":"https:\/\/vegaconsultants.no\/en\/wp-json\/wp\/v2\/pages\/22496\/revisions"}],"up":[{"embeddable":true,"href":"https:\/\/vegaconsultants.no\/en\/wp-json\/wp\/v2\/pages\/4051"}],"wp:attachment":[{"href":"https:\/\/vegaconsultants.no\/en\/wp-json\/wp\/v2\/media?parent=22496"}],"curies":[{"name":"wp","href":"https:\/\/api.w.org\/{rel}","templated":true}]}}