{"id":22512,"date":"2026-04-10T23:12:55","date_gmt":"2026-04-10T21:12:55","guid":{"rendered":"https:\/\/vegaconsultants.no\/jobbsoker\/ledige-stillinger\/leder-for-partnerskap-og-leverandorer-blar-technology-3000164\/"},"modified":"2026-04-10T23:12:55","modified_gmt":"2026-04-10T21:12:55","slug":"leder-for-partnerskap-og-leverandorer-blar-technology-3000164","status":"publish","type":"page","link":"https:\/\/vegaconsultants.no\/en\/jobbsoker\/ledige-stillinger\/leder-for-partnerskap-og-leverandorer-blar-technology-3000164\/","title":{"rendered":"Leder for partnerskap og leverand\u00f8rer &#8211; Bl\u00e1r Technology"},"content":{"rendered":"<div class='vacancy-detail'>\n<div class='bold'>Vega Consultants AS<\/div>\n<div class='bold'>Leder for partnerskap og leverand\u00f8rer &#8211; Bl\u00e1r Technology<\/div>\n<div class='bold'>Blue<\/div>\n<div class='vacancy-body'>\n<div class='vacancy-agency-logo'><img class='' src='https:\/\/secure.webtemp.no\/cgi-win\/wtgetfile.exe?\/k169\/i3026163&amp;cachebuster=134203291311527464&amp;nextxml=1\/apublicdoc&amp;key=iwtelxbhhc' alt='logo'><\/div>\n<h3>Key positions available at Bl\u00e1r \u2013 Join us and shape the future of aquaculture!<\/h3>\n<h3><\/h3>\n<p>Bl\u00e1r develops world-leading solutions for sustainable and scalable aquaculture, and is now looking for more talented employees for key roles in the organization. We have been awarded 9.3 development licenses \u2013 the second largest award from Norwegian authorities. With our own aquaculture technology, we are facing significant growth both nationally and internationally. Do you want to contribute to the development of the aquaculture platform of the future and create value on a global level? Then Bl\u00e1r could be the place for you!<\/p>\n<h3><\/h3>\n<h3>About Blue<\/h3>\n<p>Bl\u00e1r unites innovation and sustainability to take the aquaculture industry to new heights. With our Octopus technology solution, we have developed subsea pull-down systems that improve fish health, reduce biological risk and provide greater flexibility \u2013 whether in fjords, along harsh coastal areas or offshore. Bl\u00e1r is organized around two complementary subsidiaries:<\/p>\n<ul>\n<li>Bl\u00e1r Technology AS: Owns technology and platform for development, protection and commercialization of the Octopus technology.<\/li>\n<li>Bl\u00e1r Operations AS: Owner of concessions and locations, responsible for production concepts and partnerships.<\/li>\n<\/ul>\n<p>With us, you will have the opportunity to influence, develop and work in interdisciplinary teams with high pace and responsibility - in the midst of an environment characterized by collaboration and innovation.<\/p>\n<h3><\/h3>\n<h3>Rolle: Leder for partnerskap og leverand\u00f8rer &#8211; Bl\u00e1r Technology (Ref. 1003)<\/h3>\n<p><\/p>\n<h3>Areas of responsibility:<\/h3>\n<ul>\n<li>Etablere og f\u00f8lge opp strategiske relasjoner med utstyrsleverand\u00f8rer og teknologipartnere<\/li>\n<li>Koordinere totale systemleveranser p\u00e5 vegne av Bl\u00e1r<\/li>\n<li>Utvikle kommersielle modeller og insentiver med leverand\u00f8rer<\/li>\n<li>Sikre at leveranser m\u00f8ter Bl\u00e1rs tekniske og kommersielle krav<\/li>\n<li>Tett samarbeid med CTO og prosjektleder<\/li>\n<\/ul>\n<h3><\/h3>\n<h3>Background and experience:\t<\/h3>\n<ul>\n<li>Erfaring med strategiske partnerskap og leverand\u00f8rstyring i sammensatte verdikjeder<\/li>\n<li>Resultater fra koordinering av systembaserte leveranser<\/li>\n<li>God kommersiell forst\u00e5else, herunder kontraktsmodeller og insentiver<\/li>\n<li>Erfaring fra skj\u00e6ringspunktet mellom teknologi, drift og kommersielle funksjoner<\/li>\n<li>Evne til \u00e5 bygge langsiktige og tillitsbaserte relasjoner med industripartnere<\/li>\n<li>H\u00f8y grad av struktur, engasjement og gjennomf\u00f8ringsevne<\/li>\n<\/ul>\n<h3><\/h3>\n<h3>We offer<\/h3>\n<ul>\n<li>Working with cutting-edge technology and sustainable solutions<\/li>\n<li>A high degree of responsibility and influence in a growth company with global ambitions<\/li>\n<li>Professional development and collaboration with leading experts<\/li>\n<li>Competitive conditions, flexible working methods and good development opportunities<\/li>\n<li>An inclusive and engaging work environment with a focus on collaboration and innovation<\/li>\n<\/ul>\n<h3><\/h3>\n<h3>Are you our new colleague?<\/h3>\n<p>Submit a brief application and CV describing your motivation and relevant qualifications for the position you are applying for. <strong>Remember to provide the reference code for the desired position.<\/strong> For questions about the position, contact Grethe Borg, grethe.borg@vegaconsultants.no, Phone 905 21 929.\u00a0<\/p>\n<p>Join the journey \u2013 together we create the aquaculture of the future!<\/p>\n<\/div>\n<div class='vega-button'><span><a href='https:\/\/secure.webtemp.no\/WebtempCVPortal\/startsession.aspx?page=stillingsingle&amp;k=169&amp;id_rekruttering=3000164'>More info\/search here<\/a><\/span><\/div>\n<p><\/p>\n<hr>\n<div>\n<h4>REFNR<\/h4>\n<p>500096<\/p><\/div>\n<div>\n<h4>POSITION TYPE<\/h4>\n<p>Full-time<br \/>Permanent position<\/div>\n<div>\n<h4>APPLICATION DEADLINE<\/h4>\n<p>10.04.2026<\/p><\/div>\n<div class='vacancy-consultant'>\n<h4>CONTACT PERSON(S)<\/h4>\n<div>Grethe Borg<\/div>\n<div>90 52 19 29<\/div>\n<div>grethe.borg@vegaconsultants.no<\/div>\n<\/div>\n<\/div>","protected":false},"excerpt":{"rendered":"<p>Vega Consultants AS Leder for partnerskap og leverand\u00f8rer &#8211; Bl\u00e1r Technology Bl\u00e1r Ledige n\u00f8kkelstillinger hos Bl\u00e1r \u2013 Bli med og forme fremtidens havbruk! Bl\u00e1r utvikler verdensledende l\u00f8sninger for b\u00e6rekraftig og skalerbar havbruk, og s\u00f8ker n\u00e5 flere dyktige medarbeidere til viktige roller i organisasjonen. Vi har f\u00e5tt tildelt 9,3 utviklingskonsesjoner \u2013 den nest st\u00f8rste tildelingen fra [&hellip;]<\/p>\n","protected":false},"author":1,"featured_media":0,"parent":4051,"menu_order":0,"comment_status":"closed","ping_status":"closed","template":"","meta":{"_et_pb_use_builder":"","_et_pb_old_content":"","_et_gb_content_width":"","footnotes":""},"class_list":["post-22512","page","type-page","status-publish","hentry"],"yoast_head":"<!-- This site is optimized with the Yoast SEO plugin v27.4 - https:\/\/yoast.com\/product\/yoast-seo-wordpress\/ -->\n<title>Leder for partnerskap og leverand\u00f8rer - Bl\u00e1r Technology - Vega Consultants<\/title>\n<meta name=\"robots\" content=\"index, follow, max-snippet:-1, max-image-preview:large, max-video-preview:-1\" \/>\n<link rel=\"canonical\" href=\"https:\/\/vegaconsultants.no\/en\/jobbsoker\/ledige-stillinger\/leder-for-partnerskap-og-leverandorer-blar-technology-3000164\/\" \/>\n<meta property=\"og:locale\" content=\"en_GB\" \/>\n<meta property=\"og:type\" content=\"article\" \/>\n<meta property=\"og:title\" content=\"Leder for partnerskap og leverand\u00f8rer - Bl\u00e1r Technology - Vega Consultants\" \/>\n<meta property=\"og:description\" content=\"Vega Consultants AS Leder for partnerskap og leverand\u00f8rer &#8211; Bl\u00e1r Technology Bl\u00e1r Ledige n\u00f8kkelstillinger hos Bl\u00e1r \u2013 Bli med og forme fremtidens havbruk! Bl\u00e1r utvikler verdensledende l\u00f8sninger for b\u00e6rekraftig og skalerbar havbruk, og s\u00f8ker n\u00e5 flere dyktige medarbeidere til viktige roller i organisasjonen. Vi har f\u00e5tt tildelt 9,3 utviklingskonsesjoner \u2013 den nest st\u00f8rste tildelingen fra [&hellip;]\" \/>\n<meta property=\"og:url\" content=\"https:\/\/vegaconsultants.no\/en\/jobbsoker\/ledige-stillinger\/leder-for-partnerskap-og-leverandorer-blar-technology-3000164\/\" \/>\n<meta property=\"og:site_name\" content=\"Vega Consultants\" \/>\n<meta property=\"og:image\" content=\"https:\/\/secure.webtemp.no\/cgi-win\/wtgetfile.exe?\/k169\/i3026163&amp;cachebuster=134203291311527464&amp;nextxml=1\/apublicdoc&amp;key=iwtelxbhhc\" \/>\n<meta name=\"twitter:card\" content=\"summary_large_image\" \/>\n<meta name=\"twitter:label1\" content=\"Estimated reading time\" \/>\n\t<meta name=\"twitter:data1\" content=\"2 minutes\" \/>\n<script type=\"application\/ld+json\" class=\"yoast-schema-graph\">{\"@context\":\"https:\\\/\\\/schema.org\",\"@graph\":[{\"@type\":\"WebPage\",\"@id\":\"https:\\\/\\\/vegaconsultants.no\\\/jobbsoker\\\/ledige-stillinger\\\/leder-for-partnerskap-og-leverandorer-blar-technology-3000164\\\/\",\"url\":\"https:\\\/\\\/vegaconsultants.no\\\/jobbsoker\\\/ledige-stillinger\\\/leder-for-partnerskap-og-leverandorer-blar-technology-3000164\\\/\",\"name\":\"Leder for partnerskap og leverand\u00f8rer - Bl\u00e1r Technology - Vega Consultants\",\"isPartOf\":{\"@id\":\"https:\\\/\\\/vegaconsultants.no\\\/#website\"},\"primaryImageOfPage\":{\"@id\":\"https:\\\/\\\/vegaconsultants.no\\\/jobbsoker\\\/ledige-stillinger\\\/leder-for-partnerskap-og-leverandorer-blar-technology-3000164\\\/#primaryimage\"},\"image\":{\"@id\":\"https:\\\/\\\/vegaconsultants.no\\\/jobbsoker\\\/ledige-stillinger\\\/leder-for-partnerskap-og-leverandorer-blar-technology-3000164\\\/#primaryimage\"},\"thumbnailUrl\":\"https:\\\/\\\/secure.webtemp.no\\\/cgi-win\\\/wtgetfile.exe?\\\/k169\\\/i3026163&amp;cachebuster=134203291311527464&amp;nextxml=1\\\/apublicdoc&amp;key=iwtelxbhhc\",\"datePublished\":\"2026-04-10T21:12:55+00:00\",\"breadcrumb\":{\"@id\":\"https:\\\/\\\/vegaconsultants.no\\\/jobbsoker\\\/ledige-stillinger\\\/leder-for-partnerskap-og-leverandorer-blar-technology-3000164\\\/#breadcrumb\"},\"inLanguage\":\"en-GB\",\"potentialAction\":[{\"@type\":\"ReadAction\",\"target\":[\"https:\\\/\\\/vegaconsultants.no\\\/jobbsoker\\\/ledige-stillinger\\\/leder-for-partnerskap-og-leverandorer-blar-technology-3000164\\\/\"]}]},{\"@type\":\"ImageObject\",\"inLanguage\":\"en-GB\",\"@id\":\"https:\\\/\\\/vegaconsultants.no\\\/jobbsoker\\\/ledige-stillinger\\\/leder-for-partnerskap-og-leverandorer-blar-technology-3000164\\\/#primaryimage\",\"url\":\"https:\\\/\\\/secure.webtemp.no\\\/cgi-win\\\/wtgetfile.exe?\\\/k169\\\/i3026163&amp;cachebuster=134203291311527464&amp;nextxml=1\\\/apublicdoc&amp;key=iwtelxbhhc\",\"contentUrl\":\"https:\\\/\\\/secure.webtemp.no\\\/cgi-win\\\/wtgetfile.exe?\\\/k169\\\/i3026163&amp;cachebuster=134203291311527464&amp;nextxml=1\\\/apublicdoc&amp;key=iwtelxbhhc\"},{\"@type\":\"BreadcrumbList\",\"@id\":\"https:\\\/\\\/vegaconsultants.no\\\/jobbsoker\\\/ledige-stillinger\\\/leder-for-partnerskap-og-leverandorer-blar-technology-3000164\\\/#breadcrumb\",\"itemListElement\":[{\"@type\":\"ListItem\",\"position\":1,\"name\":\"Home\",\"item\":\"https:\\\/\\\/vegaconsultants.no\\\/\"},{\"@type\":\"ListItem\",\"position\":2,\"name\":\"Jobbs\u00f8ker\",\"item\":\"https:\\\/\\\/vegaconsultants.no\\\/jobbsoker\\\/\"},{\"@type\":\"ListItem\",\"position\":3,\"name\":\"Ledige stillinger\",\"item\":\"https:\\\/\\\/vegaconsultants.no\\\/jobbsoker\\\/ledige-stillinger\\\/\"},{\"@type\":\"ListItem\",\"position\":4,\"name\":\"Leder for partnerskap og leverand\u00f8rer &#8211; Bl\u00e1r Technology\"}]},{\"@type\":\"WebSite\",\"@id\":\"https:\\\/\\\/vegaconsultants.no\\\/#website\",\"url\":\"https:\\\/\\\/vegaconsultants.no\\\/\",\"name\":\"Vega Consultants\",\"description\":\"Rett person p\u00e5 rett plass\",\"potentialAction\":[{\"@type\":\"SearchAction\",\"target\":{\"@type\":\"EntryPoint\",\"urlTemplate\":\"https:\\\/\\\/vegaconsultants.no\\\/?s={search_term_string}\"},\"query-input\":{\"@type\":\"PropertyValueSpecification\",\"valueRequired\":true,\"valueName\":\"search_term_string\"}}],\"inLanguage\":\"en-GB\"}]}<\/script>\n<!-- \/ Yoast SEO plugin. -->","yoast_head_json":{"title":"Leder for partnerskap og leverand\u00f8rer - Bl\u00e1r Technology - Vega Consultants","robots":{"index":"index","follow":"follow","max-snippet":"max-snippet:-1","max-image-preview":"max-image-preview:large","max-video-preview":"max-video-preview:-1"},"canonical":"https:\/\/vegaconsultants.no\/en\/jobbsoker\/ledige-stillinger\/leder-for-partnerskap-og-leverandorer-blar-technology-3000164\/","og_locale":"en_GB","og_type":"article","og_title":"Leder for partnerskap og leverand\u00f8rer - Bl\u00e1r Technology - Vega Consultants","og_description":"Vega Consultants AS Leder for partnerskap og leverand\u00f8rer &#8211; Bl\u00e1r Technology Bl\u00e1r Ledige n\u00f8kkelstillinger hos Bl\u00e1r \u2013 Bli med og forme fremtidens havbruk! Bl\u00e1r utvikler verdensledende l\u00f8sninger for b\u00e6rekraftig og skalerbar havbruk, og s\u00f8ker n\u00e5 flere dyktige medarbeidere til viktige roller i organisasjonen. Vi har f\u00e5tt tildelt 9,3 utviklingskonsesjoner \u2013 den nest st\u00f8rste tildelingen fra [&hellip;]","og_url":"https:\/\/vegaconsultants.no\/en\/jobbsoker\/ledige-stillinger\/leder-for-partnerskap-og-leverandorer-blar-technology-3000164\/","og_site_name":"Vega Consultants","og_image":[{"url":"https:\/\/secure.webtemp.no\/cgi-win\/wtgetfile.exe?\/k169\/i3026163&amp;cachebuster=134203291311527464&amp;nextxml=1\/apublicdoc&amp;key=iwtelxbhhc","type":"","width":"","height":""}],"twitter_card":"summary_large_image","twitter_misc":{"Estimated reading time":"2 minutes"},"schema":{"@context":"https:\/\/schema.org","@graph":[{"@type":"WebPage","@id":"https:\/\/vegaconsultants.no\/jobbsoker\/ledige-stillinger\/leder-for-partnerskap-og-leverandorer-blar-technology-3000164\/","url":"https:\/\/vegaconsultants.no\/jobbsoker\/ledige-stillinger\/leder-for-partnerskap-og-leverandorer-blar-technology-3000164\/","name":"Leder for partnerskap og leverand\u00f8rer - Bl\u00e1r Technology - Vega Consultants","isPartOf":{"@id":"https:\/\/vegaconsultants.no\/#website"},"primaryImageOfPage":{"@id":"https:\/\/vegaconsultants.no\/jobbsoker\/ledige-stillinger\/leder-for-partnerskap-og-leverandorer-blar-technology-3000164\/#primaryimage"},"image":{"@id":"https:\/\/vegaconsultants.no\/jobbsoker\/ledige-stillinger\/leder-for-partnerskap-og-leverandorer-blar-technology-3000164\/#primaryimage"},"thumbnailUrl":"https:\/\/secure.webtemp.no\/cgi-win\/wtgetfile.exe?\/k169\/i3026163&amp;cachebuster=134203291311527464&amp;nextxml=1\/apublicdoc&amp;key=iwtelxbhhc","datePublished":"2026-04-10T21:12:55+00:00","breadcrumb":{"@id":"https:\/\/vegaconsultants.no\/jobbsoker\/ledige-stillinger\/leder-for-partnerskap-og-leverandorer-blar-technology-3000164\/#breadcrumb"},"inLanguage":"en-GB","potentialAction":[{"@type":"ReadAction","target":["https:\/\/vegaconsultants.no\/jobbsoker\/ledige-stillinger\/leder-for-partnerskap-og-leverandorer-blar-technology-3000164\/"]}]},{"@type":"ImageObject","inLanguage":"en-GB","@id":"https:\/\/vegaconsultants.no\/jobbsoker\/ledige-stillinger\/leder-for-partnerskap-og-leverandorer-blar-technology-3000164\/#primaryimage","url":"https:\/\/secure.webtemp.no\/cgi-win\/wtgetfile.exe?\/k169\/i3026163&amp;cachebuster=134203291311527464&amp;nextxml=1\/apublicdoc&amp;key=iwtelxbhhc","contentUrl":"https:\/\/secure.webtemp.no\/cgi-win\/wtgetfile.exe?\/k169\/i3026163&amp;cachebuster=134203291311527464&amp;nextxml=1\/apublicdoc&amp;key=iwtelxbhhc"},{"@type":"BreadcrumbList","@id":"https:\/\/vegaconsultants.no\/jobbsoker\/ledige-stillinger\/leder-for-partnerskap-og-leverandorer-blar-technology-3000164\/#breadcrumb","itemListElement":[{"@type":"ListItem","position":1,"name":"Home","item":"https:\/\/vegaconsultants.no\/"},{"@type":"ListItem","position":2,"name":"Jobbs\u00f8ker","item":"https:\/\/vegaconsultants.no\/jobbsoker\/"},{"@type":"ListItem","position":3,"name":"Ledige stillinger","item":"https:\/\/vegaconsultants.no\/jobbsoker\/ledige-stillinger\/"},{"@type":"ListItem","position":4,"name":"Leder for partnerskap og leverand\u00f8rer &#8211; Bl\u00e1r Technology"}]},{"@type":"WebSite","@id":"https:\/\/vegaconsultants.no\/#website","url":"https:\/\/vegaconsultants.no\/","name":"Vega Consultants","description":"The right person for the right job","potentialAction":[{"@type":"SearchAction","target":{"@type":"EntryPoint","urlTemplate":"https:\/\/vegaconsultants.no\/?s={search_term_string}"},"query-input":{"@type":"PropertyValueSpecification","valueRequired":true,"valueName":"search_term_string"}}],"inLanguage":"en-GB"}]}},"_links":{"self":[{"href":"https:\/\/vegaconsultants.no\/en\/wp-json\/wp\/v2\/pages\/22512","targetHints":{"allow":["GET"]}}],"collection":[{"href":"https:\/\/vegaconsultants.no\/en\/wp-json\/wp\/v2\/pages"}],"about":[{"href":"https:\/\/vegaconsultants.no\/en\/wp-json\/wp\/v2\/types\/page"}],"author":[{"embeddable":true,"href":"https:\/\/vegaconsultants.no\/en\/wp-json\/wp\/v2\/users\/1"}],"replies":[{"embeddable":true,"href":"https:\/\/vegaconsultants.no\/en\/wp-json\/wp\/v2\/comments?post=22512"}],"version-history":[{"count":0,"href":"https:\/\/vegaconsultants.no\/en\/wp-json\/wp\/v2\/pages\/22512\/revisions"}],"up":[{"embeddable":true,"href":"https:\/\/vegaconsultants.no\/en\/wp-json\/wp\/v2\/pages\/4051"}],"wp:attachment":[{"href":"https:\/\/vegaconsultants.no\/en\/wp-json\/wp\/v2\/media?parent=22512"}],"curies":[{"name":"wp","href":"https:\/\/api.w.org\/{rel}","templated":true}]}}