{"id":22555,"date":"2026-04-17T10:12:31","date_gmt":"2026-04-17T08:12:31","guid":{"rendered":"https:\/\/vegaconsultants.no\/jobbsoker\/ledige-stillinger\/senior-security-professional-3004626\/"},"modified":"2026-04-17T10:12:31","modified_gmt":"2026-04-17T08:12:31","slug":"senior-security-professional-3004626","status":"publish","type":"page","link":"https:\/\/vegaconsultants.no\/en\/jobbsoker\/ledige-stillinger\/senior-security-professional-3004626\/","title":{"rendered":"Senior Security Professional"},"content":{"rendered":"<div class='vacancy-detail'>\n<div class='bold'>Vega Consultants AS<\/div>\n<div class='bold'>Senior Security Professional <\/div>\n<div class='vacancy-body'>\n<h3><strong>Hovedoppgaver:<\/strong><\/h3>\n<ul>\n<li>Utf\u00f8re og videreutvikle trussel-, risiko- og s\u00e5rbarhetsanalyser.<\/li>\n<li>Utarbeide robuste og m\u00e5lrettede sikringsplaner, tiltakspakker og anbefalinger basert p\u00e5 identifiserte trusler og s\u00e5rbarheter.<\/li>\n<li>Delta i prosjekter (nybygg, ombygging, endret drift).<\/li>\n<li>Utarbeide beslutningsgrunnlag og oppdatere status til ledelsen.<\/li>\n<li>Sikre at bygg, kontorer og industrielle installasjoner planlegges og driftes etter gjeldende fysiske sikkerhetsstandarder, inkludert adgangskontroll, perimetersikring, overv\u00e5king, skallsikring, l\u00e5s og beslag, romsikring, samt tekniske og organisatoriske barrierer.<\/li>\n<li>Gjennomf\u00f8re verdikartlegging og klassifisering av verdier og funksjoner i et trussel- og konsekvensperspektiv.<\/li>\n<li>F\u00f8lge opp leverand\u00f8rer, prosjekter og entrepriser for \u00e5 sikre etterlevelse av selskapets krav til fysisk sikkerhet.<\/li>\n<li>Bist\u00e5 ved sikkerhetsdesign i nye prosjekt, ombygginger eller risikoendringer i eksisterende portef\u00f8lje.<\/li>\n<li>Bidra i hendelsesh\u00e5ndtering, s\u00e5rbarhetsvurderinger og forbedringsaktiviteter.<\/li>\n<li>Jobbe tverrfaglig for \u00e5 sikre helhetlig forst\u00e5else av sikkerhet \u2013 fysisk, digital, personell og prosess.<\/li>\n<\/ul>\n<h3><strong>Kvalifikasjoner:<\/strong><\/h3>\n<ul>\n<li>Relevant h\u00f8yere utdanning eller tilsvarende erfaring med fysisk sikring, sikringsrisikoanalyse eller beredskap<\/li>\n<li>God kjennskap til bransjestandarder (NS 5830-5834) og -normer for fysisk sikkerhet, eksempelvis fra NSM og Havtil<\/li>\n<li>God forst\u00e5else for samspill mellom mennesker, teknologi og organisasjon<\/li>\n<li>norsk og engelsk flytende, b\u00e5de skriftlig og muntlig.<\/li>\n<li>Evne til \u00e5 jobbe b\u00e5de strategisk og operativt<\/li>\n<\/ul>\n<h3><strong>Det er en fordel om du har erfaring eller kompetanse innen:<\/strong><\/h3>\n<ul>\n<li>Adgangskontroll<\/li>\n<li>Perimetersikring<\/li>\n<li>Kameraoverv\u00e5kning<\/li>\n<li>Innbrudds- og alarmsystemer<\/li>\n<li>Mekanisk sikring<\/li>\n<\/ul>\n<h3><strong>Languages<\/strong><\/h3>\n<ul>\n<li>English Native or bilingual proficiency<\/li>\n<li>Norwegian Native or bilingual proficiency<\/li>\n<\/ul>\n<p><strong><em>For mer informasjon om denne stillingen kan du kontakte Grethe Borg p\u00e5 telefon 905 21 929<\/em><\/strong><\/p>\n<\/div>\n<div class='vega-button'><span><a href='https:\/\/secure.webtemp.no\/WebtempCVPortal\/startsession.aspx?page=stillingsingle&amp;k=169&amp;id_utleie=3004626'>Mer info\/s\u00f8k her<\/a><\/span><\/div>\n<p><\/p>\n<hr>\n<div>\n<h4>REFNR<\/h4>\n<p>403467<\/p><\/div>\n<div>\n<h4>STILLINGSTYPE<\/h4>\n<p>Heltid<br \/>Vikariat\/engasjement<\/div>\n<div>\n<h4>S\u00d8KNADSFRIST<\/h4>\n<p>ASAP<\/p><\/div>\n<div class='vacancy-consultant'>\n<h4>KONTAKTPERSON(ER)<\/h4>\n<div>Grethe Borg<\/div>\n<div>90 52 19 29<\/div>\n<div>grethe.borg@vegaconsultants.no<\/div>\n<\/div>\n<\/div>","protected":false},"excerpt":{"rendered":"<p>Vega Consultants AS Senior Security Professional Hovedoppgaver: Utf\u00f8re og videreutvikle trussel-, risiko- og s\u00e5rbarhetsanalyser. Utarbeide robuste og m\u00e5lrettede sikringsplaner, tiltakspakker og anbefalinger basert p\u00e5 identifiserte trusler og s\u00e5rbarheter. Delta i prosjekter (nybygg, ombygging, endret drift). Utarbeide beslutningsgrunnlag og oppdatere status til ledelsen. Sikre at bygg, kontorer og industrielle installasjoner planlegges og driftes etter gjeldende fysiske [&hellip;]<\/p>\n","protected":false},"author":1,"featured_media":0,"parent":4051,"menu_order":0,"comment_status":"closed","ping_status":"closed","template":"","meta":{"_et_pb_use_builder":"","_et_pb_old_content":"","_et_gb_content_width":"","footnotes":""},"class_list":["post-22555","page","type-page","status-publish","hentry"],"yoast_head":"<!-- This site is optimized with the Yoast SEO plugin v27.3 - https:\/\/yoast.com\/product\/yoast-seo-wordpress\/ -->\n<title>Senior Security Professional - Vega Consultants<\/title>\n<meta name=\"robots\" content=\"index, follow, max-snippet:-1, max-image-preview:large, max-video-preview:-1\" \/>\n<link rel=\"canonical\" href=\"https:\/\/vegaconsultants.no\/en\/jobbsoker\/ledige-stillinger\/senior-security-professional-3004626\/\" \/>\n<meta property=\"og:locale\" content=\"en_GB\" \/>\n<meta property=\"og:type\" content=\"article\" \/>\n<meta property=\"og:title\" content=\"Senior Security Professional - Vega Consultants\" \/>\n<meta property=\"og:description\" content=\"Vega Consultants AS Senior Security Professional Hovedoppgaver: Utf\u00f8re og videreutvikle trussel-, risiko- og s\u00e5rbarhetsanalyser. Utarbeide robuste og m\u00e5lrettede sikringsplaner, tiltakspakker og anbefalinger basert p\u00e5 identifiserte trusler og s\u00e5rbarheter. Delta i prosjekter (nybygg, ombygging, endret drift). Utarbeide beslutningsgrunnlag og oppdatere status til ledelsen. Sikre at bygg, kontorer og industrielle installasjoner planlegges og driftes etter gjeldende fysiske [&hellip;]\" \/>\n<meta property=\"og:url\" content=\"https:\/\/vegaconsultants.no\/en\/jobbsoker\/ledige-stillinger\/senior-security-professional-3004626\/\" \/>\n<meta property=\"og:site_name\" content=\"Vega Consultants\" \/>\n<meta name=\"twitter:card\" content=\"summary_large_image\" \/>\n<meta name=\"twitter:label1\" content=\"Estimated reading time\" \/>\n\t<meta name=\"twitter:data1\" content=\"1 minute\" \/>\n<script type=\"application\/ld+json\" class=\"yoast-schema-graph\">{\"@context\":\"https:\\\/\\\/schema.org\",\"@graph\":[{\"@type\":\"WebPage\",\"@id\":\"https:\\\/\\\/vegaconsultants.no\\\/jobbsoker\\\/ledige-stillinger\\\/senior-security-professional-3004626\\\/\",\"url\":\"https:\\\/\\\/vegaconsultants.no\\\/jobbsoker\\\/ledige-stillinger\\\/senior-security-professional-3004626\\\/\",\"name\":\"Senior Security Professional - Vega Consultants\",\"isPartOf\":{\"@id\":\"https:\\\/\\\/vegaconsultants.no\\\/#website\"},\"datePublished\":\"2026-04-17T08:12:31+00:00\",\"breadcrumb\":{\"@id\":\"https:\\\/\\\/vegaconsultants.no\\\/jobbsoker\\\/ledige-stillinger\\\/senior-security-professional-3004626\\\/#breadcrumb\"},\"inLanguage\":\"en-GB\",\"potentialAction\":[{\"@type\":\"ReadAction\",\"target\":[\"https:\\\/\\\/vegaconsultants.no\\\/jobbsoker\\\/ledige-stillinger\\\/senior-security-professional-3004626\\\/\"]}]},{\"@type\":\"BreadcrumbList\",\"@id\":\"https:\\\/\\\/vegaconsultants.no\\\/jobbsoker\\\/ledige-stillinger\\\/senior-security-professional-3004626\\\/#breadcrumb\",\"itemListElement\":[{\"@type\":\"ListItem\",\"position\":1,\"name\":\"Home\",\"item\":\"https:\\\/\\\/vegaconsultants.no\\\/\"},{\"@type\":\"ListItem\",\"position\":2,\"name\":\"Jobbs\u00f8ker\",\"item\":\"https:\\\/\\\/vegaconsultants.no\\\/jobbsoker\\\/\"},{\"@type\":\"ListItem\",\"position\":3,\"name\":\"Ledige stillinger\",\"item\":\"https:\\\/\\\/vegaconsultants.no\\\/jobbsoker\\\/ledige-stillinger\\\/\"},{\"@type\":\"ListItem\",\"position\":4,\"name\":\"Senior Security Professional\"}]},{\"@type\":\"WebSite\",\"@id\":\"https:\\\/\\\/vegaconsultants.no\\\/#website\",\"url\":\"https:\\\/\\\/vegaconsultants.no\\\/\",\"name\":\"Vega Consultants\",\"description\":\"Rett person p\u00e5 rett plass\",\"potentialAction\":[{\"@type\":\"SearchAction\",\"target\":{\"@type\":\"EntryPoint\",\"urlTemplate\":\"https:\\\/\\\/vegaconsultants.no\\\/?s={search_term_string}\"},\"query-input\":{\"@type\":\"PropertyValueSpecification\",\"valueRequired\":true,\"valueName\":\"search_term_string\"}}],\"inLanguage\":\"en-GB\"}]}<\/script>\n<!-- \/ Yoast SEO plugin. -->","yoast_head_json":{"title":"Senior Security Professional - Vega Consultants","robots":{"index":"index","follow":"follow","max-snippet":"max-snippet:-1","max-image-preview":"max-image-preview:large","max-video-preview":"max-video-preview:-1"},"canonical":"https:\/\/vegaconsultants.no\/en\/jobbsoker\/ledige-stillinger\/senior-security-professional-3004626\/","og_locale":"en_GB","og_type":"article","og_title":"Senior Security Professional - Vega Consultants","og_description":"Vega Consultants AS Senior Security Professional Hovedoppgaver: Utf\u00f8re og videreutvikle trussel-, risiko- og s\u00e5rbarhetsanalyser. Utarbeide robuste og m\u00e5lrettede sikringsplaner, tiltakspakker og anbefalinger basert p\u00e5 identifiserte trusler og s\u00e5rbarheter. Delta i prosjekter (nybygg, ombygging, endret drift). Utarbeide beslutningsgrunnlag og oppdatere status til ledelsen. Sikre at bygg, kontorer og industrielle installasjoner planlegges og driftes etter gjeldende fysiske [&hellip;]","og_url":"https:\/\/vegaconsultants.no\/en\/jobbsoker\/ledige-stillinger\/senior-security-professional-3004626\/","og_site_name":"Vega Consultants","twitter_card":"summary_large_image","twitter_misc":{"Estimated reading time":"1 minute"},"schema":{"@context":"https:\/\/schema.org","@graph":[{"@type":"WebPage","@id":"https:\/\/vegaconsultants.no\/jobbsoker\/ledige-stillinger\/senior-security-professional-3004626\/","url":"https:\/\/vegaconsultants.no\/jobbsoker\/ledige-stillinger\/senior-security-professional-3004626\/","name":"Senior Security Professional - Vega Consultants","isPartOf":{"@id":"https:\/\/vegaconsultants.no\/#website"},"datePublished":"2026-04-17T08:12:31+00:00","breadcrumb":{"@id":"https:\/\/vegaconsultants.no\/jobbsoker\/ledige-stillinger\/senior-security-professional-3004626\/#breadcrumb"},"inLanguage":"en-GB","potentialAction":[{"@type":"ReadAction","target":["https:\/\/vegaconsultants.no\/jobbsoker\/ledige-stillinger\/senior-security-professional-3004626\/"]}]},{"@type":"BreadcrumbList","@id":"https:\/\/vegaconsultants.no\/jobbsoker\/ledige-stillinger\/senior-security-professional-3004626\/#breadcrumb","itemListElement":[{"@type":"ListItem","position":1,"name":"Home","item":"https:\/\/vegaconsultants.no\/"},{"@type":"ListItem","position":2,"name":"Jobbs\u00f8ker","item":"https:\/\/vegaconsultants.no\/jobbsoker\/"},{"@type":"ListItem","position":3,"name":"Ledige stillinger","item":"https:\/\/vegaconsultants.no\/jobbsoker\/ledige-stillinger\/"},{"@type":"ListItem","position":4,"name":"Senior Security Professional"}]},{"@type":"WebSite","@id":"https:\/\/vegaconsultants.no\/#website","url":"https:\/\/vegaconsultants.no\/","name":"Vega Consultants","description":"The right person for the right job","potentialAction":[{"@type":"SearchAction","target":{"@type":"EntryPoint","urlTemplate":"https:\/\/vegaconsultants.no\/?s={search_term_string}"},"query-input":{"@type":"PropertyValueSpecification","valueRequired":true,"valueName":"search_term_string"}}],"inLanguage":"en-GB"}]}},"_links":{"self":[{"href":"https:\/\/vegaconsultants.no\/en\/wp-json\/wp\/v2\/pages\/22555","targetHints":{"allow":["GET"]}}],"collection":[{"href":"https:\/\/vegaconsultants.no\/en\/wp-json\/wp\/v2\/pages"}],"about":[{"href":"https:\/\/vegaconsultants.no\/en\/wp-json\/wp\/v2\/types\/page"}],"author":[{"embeddable":true,"href":"https:\/\/vegaconsultants.no\/en\/wp-json\/wp\/v2\/users\/1"}],"replies":[{"embeddable":true,"href":"https:\/\/vegaconsultants.no\/en\/wp-json\/wp\/v2\/comments?post=22555"}],"version-history":[{"count":0,"href":"https:\/\/vegaconsultants.no\/en\/wp-json\/wp\/v2\/pages\/22555\/revisions"}],"up":[{"embeddable":true,"href":"https:\/\/vegaconsultants.no\/en\/wp-json\/wp\/v2\/pages\/4051"}],"wp:attachment":[{"href":"https:\/\/vegaconsultants.no\/en\/wp-json\/wp\/v2\/media?parent=22555"}],"curies":[{"name":"wp","href":"https:\/\/api.w.org\/{rel}","templated":true}]}}