{"id":22584,"date":"2026-04-30T01:14:08","date_gmt":"2026-04-29T23:14:08","guid":{"rendered":"https:\/\/vegaconsultants.no\/jobbsoker\/ledige-stillinger\/maritim-trafikkleder-3004634\/"},"modified":"2026-04-30T01:14:08","modified_gmt":"2026-04-29T23:14:08","slug":"maritim-trafikkleder-3004634","status":"publish","type":"page","link":"https:\/\/vegaconsultants.no\/en\/jobbsoker\/ledige-stillinger\/maritim-trafikkleder-3004634\/","title":{"rendered":"Maritime Traffic Manager"},"content":{"rendered":"<div class='vacancy-detail'>\n<div class='bold'>Vega Consultants AS<\/div>\n<div class='bold'>Maritime Traffic Manager<\/div>\n<div class='vacancy-body'>\n<p>Vi s\u00f8ker n\u00e5 en konsulent til \u00e5 delta i teamet hos v\u00e5r kunde som er ansvarlig for \u00e5 levere logistikktjenester for hele norsk sokkel, og ansvaret inkluderer planlegging, utvikling og forbedring av logistikktjenester innen fart\u00f8y og forsyning, personelltransport og beredskapstjenester.<\/p>\n<p><\/p>\n<h3>Tasks and responsibilities<\/h3>\n<ul>\n<li>Work as a maritime traffic manager\/logistics coordinator in the Operations Center of the Logistics and Emergency Response Organization, which is responsible for delivering 2nd line emergency response, ocean surveillance and logistics services for the entire Norwegian continental shelf:<\/li>\n<li>Utf\u00f8re maritim trafikkoverv\u00e5king av Selskapet og andre operat\u00f8rselskaper, som det er inng\u00e5tt avtale med, av installasjoners sikkerhetssoner p\u00e5 norsk sokkel\u00a0<\/li>\n<li>Perform operational management of emergency vessels and supply vessels, including resource coordination and optimization\u00a0<\/li>\n<li>Plan, develop and improve logistics services within vessels and supply\u00a0<\/li>\n<li>The position involves land-based shift work.<\/li>\n<\/ul>\n<p><\/p>\n<h3>Qualifications<\/h3>\n<ul>\n<li>Bachelor&#039;s degree or equivalent in nautical science with a minimum of 3-5 years of experience, preferably as a deck officer at 2 o&#039;clock and the possibility of being able to relieve at 1 o&#039;clock\u00a0<\/li>\n<li>Good collaboration and communication skills, and ability to work in a structured and efficient manner<\/li>\n<li>Ability to handle operational challenges in an operational environment<\/li>\n<\/ul>\n<p><\/p>\n<p>Kontraktsvarighet: 12.04.2026-30.12.2026<\/p>\n<p>Work location: Bergen<\/p>\n<p><\/p>\n<p>Please contact Kjersti Jonker, +47 97704446, kjersti.jonker@vegaconsultants.no for more information about the role.\u00a0<\/p>\n<\/div>\n<div class='vega-button'><span><a href='https:\/\/secure.webtemp.no\/WebtempCVPortal\/startsession.aspx?page=stillingsingle&#038;k=169&#038;id_utleie=3004634' >More info\/search here<\/a><\/span><\/div>\n<p><\/p>\n<hr>\n<div>\n<h4>REFNR<\/h4>\n<p>403473<\/p><\/div>\n<div>\n<h4>POSITION TYPE<\/h4>\n<p>Full-time<br \/>Temporary position\/engagement<\/div>\n<div>\n<h4>APPLICATION DEADLINE<\/h4>\n<p>24.05.2026<\/p><\/div>\n<div class='vacancy-consultant'>\n<h4>CONTACT PERSON(S)<\/h4>\n<div>Kjersti Jonker<\/div>\n<div>97 70 44 46<\/div>\n<div>kjersti.jonker@vegaconsultants.no<\/div>\n<\/div>\n<\/div>","protected":false},"excerpt":{"rendered":"<p>Vega Consultants AS Maritim Trafikkleder Vi s\u00f8ker n\u00e5 en konsulent til \u00e5 delta i teamet hos v\u00e5r kunde som er ansvarlig for \u00e5 levere logistikktjenester for hele norsk sokkel, og ansvaret inkluderer planlegging, utvikling og forbedring av logistikktjenester innen fart\u00f8y og forsyning, personelltransport og beredskapstjenester. Oppgaver og ansvarsomr\u00e5der Jobbe som maritim trafikkleder\/logistikkoordinator i Operasjonssenteret til [&hellip;]<\/p>\n","protected":false},"author":1,"featured_media":0,"parent":4051,"menu_order":0,"comment_status":"closed","ping_status":"closed","template":"","meta":{"_et_pb_use_builder":"","_et_pb_old_content":"","_et_gb_content_width":"","footnotes":""},"class_list":["post-22584","page","type-page","status-publish","hentry"],"yoast_head":"<!-- This site is optimized with the Yoast SEO plugin v27.4 - https:\/\/yoast.com\/product\/yoast-seo-wordpress\/ -->\n<title>Maritim Trafikkleder - Vega Consultants<\/title>\n<meta name=\"robots\" content=\"index, follow, max-snippet:-1, max-image-preview:large, max-video-preview:-1\" \/>\n<link rel=\"canonical\" href=\"https:\/\/vegaconsultants.no\/en\/jobbsoker\/ledige-stillinger\/maritim-trafikkleder-3004634\/\" \/>\n<meta property=\"og:locale\" content=\"en_GB\" \/>\n<meta property=\"og:type\" content=\"article\" \/>\n<meta property=\"og:title\" content=\"Maritim Trafikkleder - Vega Consultants\" \/>\n<meta property=\"og:description\" content=\"Vega Consultants AS Maritim Trafikkleder Vi s\u00f8ker n\u00e5 en konsulent til \u00e5 delta i teamet hos v\u00e5r kunde som er ansvarlig for \u00e5 levere logistikktjenester for hele norsk sokkel, og ansvaret inkluderer planlegging, utvikling og forbedring av logistikktjenester innen fart\u00f8y og forsyning, personelltransport og beredskapstjenester. Oppgaver og ansvarsomr\u00e5der Jobbe som maritim trafikkleder\/logistikkoordinator i Operasjonssenteret til [&hellip;]\" \/>\n<meta property=\"og:url\" content=\"https:\/\/vegaconsultants.no\/en\/jobbsoker\/ledige-stillinger\/maritim-trafikkleder-3004634\/\" \/>\n<meta property=\"og:site_name\" content=\"Vega Consultants\" \/>\n<meta name=\"twitter:card\" content=\"summary_large_image\" \/>\n<meta name=\"twitter:label1\" content=\"Estimated reading time\" \/>\n\t<meta name=\"twitter:data1\" content=\"1 minute\" \/>\n<script type=\"application\/ld+json\" class=\"yoast-schema-graph\">{\"@context\":\"https:\\\/\\\/schema.org\",\"@graph\":[{\"@type\":\"WebPage\",\"@id\":\"https:\\\/\\\/vegaconsultants.no\\\/jobbsoker\\\/ledige-stillinger\\\/maritim-trafikkleder-3004634\\\/\",\"url\":\"https:\\\/\\\/vegaconsultants.no\\\/jobbsoker\\\/ledige-stillinger\\\/maritim-trafikkleder-3004634\\\/\",\"name\":\"Maritim Trafikkleder - Vega Consultants\",\"isPartOf\":{\"@id\":\"https:\\\/\\\/vegaconsultants.no\\\/#website\"},\"datePublished\":\"2026-04-29T23:14:08+00:00\",\"breadcrumb\":{\"@id\":\"https:\\\/\\\/vegaconsultants.no\\\/jobbsoker\\\/ledige-stillinger\\\/maritim-trafikkleder-3004634\\\/#breadcrumb\"},\"inLanguage\":\"en-GB\",\"potentialAction\":[{\"@type\":\"ReadAction\",\"target\":[\"https:\\\/\\\/vegaconsultants.no\\\/jobbsoker\\\/ledige-stillinger\\\/maritim-trafikkleder-3004634\\\/\"]}]},{\"@type\":\"BreadcrumbList\",\"@id\":\"https:\\\/\\\/vegaconsultants.no\\\/jobbsoker\\\/ledige-stillinger\\\/maritim-trafikkleder-3004634\\\/#breadcrumb\",\"itemListElement\":[{\"@type\":\"ListItem\",\"position\":1,\"name\":\"Home\",\"item\":\"https:\\\/\\\/vegaconsultants.no\\\/\"},{\"@type\":\"ListItem\",\"position\":2,\"name\":\"Jobbs\u00f8ker\",\"item\":\"https:\\\/\\\/vegaconsultants.no\\\/jobbsoker\\\/\"},{\"@type\":\"ListItem\",\"position\":3,\"name\":\"Ledige stillinger\",\"item\":\"https:\\\/\\\/vegaconsultants.no\\\/jobbsoker\\\/ledige-stillinger\\\/\"},{\"@type\":\"ListItem\",\"position\":4,\"name\":\"Maritim Trafikkleder\"}]},{\"@type\":\"WebSite\",\"@id\":\"https:\\\/\\\/vegaconsultants.no\\\/#website\",\"url\":\"https:\\\/\\\/vegaconsultants.no\\\/\",\"name\":\"Vega Consultants\",\"description\":\"Rett person p\u00e5 rett plass\",\"potentialAction\":[{\"@type\":\"SearchAction\",\"target\":{\"@type\":\"EntryPoint\",\"urlTemplate\":\"https:\\\/\\\/vegaconsultants.no\\\/?s={search_term_string}\"},\"query-input\":{\"@type\":\"PropertyValueSpecification\",\"valueRequired\":true,\"valueName\":\"search_term_string\"}}],\"inLanguage\":\"en-GB\"}]}<\/script>\n<!-- \/ Yoast SEO plugin. -->","yoast_head_json":{"title":"Maritim Trafikkleder - Vega Consultants","robots":{"index":"index","follow":"follow","max-snippet":"max-snippet:-1","max-image-preview":"max-image-preview:large","max-video-preview":"max-video-preview:-1"},"canonical":"https:\/\/vegaconsultants.no\/en\/jobbsoker\/ledige-stillinger\/maritim-trafikkleder-3004634\/","og_locale":"en_GB","og_type":"article","og_title":"Maritim Trafikkleder - Vega Consultants","og_description":"Vega Consultants AS Maritim Trafikkleder Vi s\u00f8ker n\u00e5 en konsulent til \u00e5 delta i teamet hos v\u00e5r kunde som er ansvarlig for \u00e5 levere logistikktjenester for hele norsk sokkel, og ansvaret inkluderer planlegging, utvikling og forbedring av logistikktjenester innen fart\u00f8y og forsyning, personelltransport og beredskapstjenester. Oppgaver og ansvarsomr\u00e5der Jobbe som maritim trafikkleder\/logistikkoordinator i Operasjonssenteret til [&hellip;]","og_url":"https:\/\/vegaconsultants.no\/en\/jobbsoker\/ledige-stillinger\/maritim-trafikkleder-3004634\/","og_site_name":"Vega Consultants","twitter_card":"summary_large_image","twitter_misc":{"Estimated reading time":"1 minute"},"schema":{"@context":"https:\/\/schema.org","@graph":[{"@type":"WebPage","@id":"https:\/\/vegaconsultants.no\/jobbsoker\/ledige-stillinger\/maritim-trafikkleder-3004634\/","url":"https:\/\/vegaconsultants.no\/jobbsoker\/ledige-stillinger\/maritim-trafikkleder-3004634\/","name":"Maritim Trafikkleder - Vega Consultants","isPartOf":{"@id":"https:\/\/vegaconsultants.no\/#website"},"datePublished":"2026-04-29T23:14:08+00:00","breadcrumb":{"@id":"https:\/\/vegaconsultants.no\/jobbsoker\/ledige-stillinger\/maritim-trafikkleder-3004634\/#breadcrumb"},"inLanguage":"en-GB","potentialAction":[{"@type":"ReadAction","target":["https:\/\/vegaconsultants.no\/jobbsoker\/ledige-stillinger\/maritim-trafikkleder-3004634\/"]}]},{"@type":"BreadcrumbList","@id":"https:\/\/vegaconsultants.no\/jobbsoker\/ledige-stillinger\/maritim-trafikkleder-3004634\/#breadcrumb","itemListElement":[{"@type":"ListItem","position":1,"name":"Home","item":"https:\/\/vegaconsultants.no\/"},{"@type":"ListItem","position":2,"name":"Jobbs\u00f8ker","item":"https:\/\/vegaconsultants.no\/jobbsoker\/"},{"@type":"ListItem","position":3,"name":"Ledige stillinger","item":"https:\/\/vegaconsultants.no\/jobbsoker\/ledige-stillinger\/"},{"@type":"ListItem","position":4,"name":"Maritim Trafikkleder"}]},{"@type":"WebSite","@id":"https:\/\/vegaconsultants.no\/#website","url":"https:\/\/vegaconsultants.no\/","name":"Vega Consultants","description":"The right person for the right job","potentialAction":[{"@type":"SearchAction","target":{"@type":"EntryPoint","urlTemplate":"https:\/\/vegaconsultants.no\/?s={search_term_string}"},"query-input":{"@type":"PropertyValueSpecification","valueRequired":true,"valueName":"search_term_string"}}],"inLanguage":"en-GB"}]}},"_links":{"self":[{"href":"https:\/\/vegaconsultants.no\/en\/wp-json\/wp\/v2\/pages\/22584","targetHints":{"allow":["GET"]}}],"collection":[{"href":"https:\/\/vegaconsultants.no\/en\/wp-json\/wp\/v2\/pages"}],"about":[{"href":"https:\/\/vegaconsultants.no\/en\/wp-json\/wp\/v2\/types\/page"}],"author":[{"embeddable":true,"href":"https:\/\/vegaconsultants.no\/en\/wp-json\/wp\/v2\/users\/1"}],"replies":[{"embeddable":true,"href":"https:\/\/vegaconsultants.no\/en\/wp-json\/wp\/v2\/comments?post=22584"}],"version-history":[{"count":0,"href":"https:\/\/vegaconsultants.no\/en\/wp-json\/wp\/v2\/pages\/22584\/revisions"}],"up":[{"embeddable":true,"href":"https:\/\/vegaconsultants.no\/en\/wp-json\/wp\/v2\/pages\/4051"}],"wp:attachment":[{"href":"https:\/\/vegaconsultants.no\/en\/wp-json\/wp\/v2\/media?parent=22584"}],"curies":[{"name":"wp","href":"https:\/\/api.w.org\/{rel}","templated":true}]}}