{"id":22589,"date":"2026-04-30T05:12:28","date_gmt":"2026-04-30T03:12:28","guid":{"rendered":"https:\/\/vegaconsultants.no\/jobbsoker\/ledige-stillinger\/hms-3004639\/"},"modified":"2026-04-30T05:12:28","modified_gmt":"2026-04-30T03:12:28","slug":"hms-3004639","status":"publish","type":"page","link":"https:\/\/vegaconsultants.no\/en\/jobbsoker\/ledige-stillinger\/hms-3004639\/","title":{"rendered":"Hms"},"content":{"rendered":"<div class='vacancy-detail'>\n<div class='bold'>Vega Consultants AS<\/div>\n<div class='bold'>Hms<\/div>\n<div class='vacancy-body'>\n<h3><strong>Jobbeskrivelse\t<\/strong><\/h3>\n<ul>\n<li>V\u00e6re aktiv p\u00e5driver av SSU arbeidet i felt i samarbeid med leverand\u00f8rer og drift\u00a0<\/li>\n<li>Daglige dokumenterte runder i anlegget for \u00e5 sikre at HMS blir en naturlig del av arbeidet\u00a0<\/li>\n<li>Morgen og ettermiddags m\u00f8ter med leverand\u00f8rers HSE ressurser for \u00e5 sikre en alignet tiln\u00e6rming\u00a0<\/li>\n<li>Sikre at hms krav gj\u00f8res kjent og etterleves\u00a0<\/li>\n<li>Delta p\u00e5 TBT og drive oppl\u00e6ring i felt\u00a0<\/li>\n<li>Utarbeide ukentlige TBT info i forhold til avtalte risiko omr\u00e5der i samarbeid med leverand\u00f8rene\u00a0<\/li>\n<li>V\u00e6re en p\u00e5driver av check and act kulturen\u00a0<\/li>\n<li>F\u00f8lge opp at SSU tiltak i AT blir etterfulgt\u00a0<\/li>\n<li>Delta og organisere inspeksjonsrunder\u00a0<\/li>\n<li>Bidra aktivt p\u00e5 daglige tavlem\u00f8ter\u00a0<\/li>\n<li>Drive arbeidet med \u00e5 forhindre fallende gjenstander, inklusiv is\/ sn\u00f8.\u00a0<\/li>\n<li>V\u00e6re en positiv safety coach<\/li>\n<\/ul>\n<h3><strong>Experience<\/strong><\/h3>\n<ul>\n<li>Minimum 10 \u00e5rs erfaring fra lignenede arbeid<\/li>\n<li>Aktuell utdanning innen HMS<\/li>\n<\/ul>\n<h3><strong>Rotation:<\/strong><\/h3>\n<p>15\/20 &#8211; Arbeidsted Melk\u00f8ya<\/p>\n<p><strong><em>For more information about this position, please contact Grethe Borg on 905 21 929.<\/em><\/strong><\/p>\n<p>\n<\/div>\n<div class='vega-button'><span><a href='https:\/\/secure.webtemp.no\/WebtempCVPortal\/startsession.aspx?page=stillingsingle&amp;k=169&amp;id_utleie=3004639'>More info\/search here<\/a><\/span><\/div>\n<p><\/p>\n<hr>\n<div>\n<h4>REFNR<\/h4>\n<p>403478<\/p><\/div>\n<div>\n<h4>POSITION TYPE<\/h4>\n<p>Full-time<br \/>Temporary position\/engagement<\/div>\n<div>\n<h4>APPLICATION DEADLINE<\/h4>\n<p>ASAP<\/p><\/div>\n<div class='vacancy-consultant'>\n<h4>CONTACT PERSON(S)<\/h4>\n<div>Grethe Borg<\/div>\n<div>90 52 19 29<\/div>\n<div>grethe.borg@vegaconsultants.no<\/div>\n<\/div>\n<\/div>","protected":false},"excerpt":{"rendered":"<p>Vega Consultants AS Hms Jobbeskrivelse V\u00e6re aktiv p\u00e5driver av SSU arbeidet i felt i samarbeid med leverand\u00f8rer og drift\u00a0 Daglige dokumenterte runder i anlegget for \u00e5 sikre at HMS blir en naturlig del av arbeidet\u00a0 Morgen og ettermiddags m\u00f8ter med leverand\u00f8rers HSE ressurser for \u00e5 sikre en alignet tiln\u00e6rming\u00a0 Sikre at hms krav gj\u00f8res kjent [&hellip;]<\/p>\n","protected":false},"author":1,"featured_media":0,"parent":4051,"menu_order":0,"comment_status":"closed","ping_status":"closed","template":"","meta":{"_et_pb_use_builder":"","_et_pb_old_content":"","_et_gb_content_width":"","footnotes":""},"class_list":["post-22589","page","type-page","status-publish","hentry"],"yoast_head":"<!-- This site is optimized with the Yoast SEO plugin v27.4 - https:\/\/yoast.com\/product\/yoast-seo-wordpress\/ -->\n<title>Hms - Vega Consultants<\/title>\n<meta name=\"robots\" content=\"index, follow, max-snippet:-1, max-image-preview:large, max-video-preview:-1\" \/>\n<link rel=\"canonical\" href=\"https:\/\/vegaconsultants.no\/en\/jobbsoker\/ledige-stillinger\/hms-3004639\/\" \/>\n<meta property=\"og:locale\" content=\"en_GB\" \/>\n<meta property=\"og:type\" content=\"article\" \/>\n<meta property=\"og:title\" content=\"Hms - Vega Consultants\" \/>\n<meta property=\"og:description\" content=\"Vega Consultants AS Hms Jobbeskrivelse V\u00e6re aktiv p\u00e5driver av SSU arbeidet i felt i samarbeid med leverand\u00f8rer og drift\u00a0 Daglige dokumenterte runder i anlegget for \u00e5 sikre at HMS blir en naturlig del av arbeidet\u00a0 Morgen og ettermiddags m\u00f8ter med leverand\u00f8rers HSE ressurser for \u00e5 sikre en alignet tiln\u00e6rming\u00a0 Sikre at hms krav gj\u00f8res kjent [&hellip;]\" \/>\n<meta property=\"og:url\" content=\"https:\/\/vegaconsultants.no\/en\/jobbsoker\/ledige-stillinger\/hms-3004639\/\" \/>\n<meta property=\"og:site_name\" content=\"Vega Consultants\" \/>\n<meta name=\"twitter:card\" content=\"summary_large_image\" \/>\n<meta name=\"twitter:label1\" content=\"Estimated reading time\" \/>\n\t<meta name=\"twitter:data1\" content=\"1 minute\" \/>\n<script type=\"application\/ld+json\" class=\"yoast-schema-graph\">{\"@context\":\"https:\\\/\\\/schema.org\",\"@graph\":[{\"@type\":\"WebPage\",\"@id\":\"https:\\\/\\\/vegaconsultants.no\\\/jobbsoker\\\/ledige-stillinger\\\/hms-3004639\\\/\",\"url\":\"https:\\\/\\\/vegaconsultants.no\\\/jobbsoker\\\/ledige-stillinger\\\/hms-3004639\\\/\",\"name\":\"Hms - Vega Consultants\",\"isPartOf\":{\"@id\":\"https:\\\/\\\/vegaconsultants.no\\\/#website\"},\"datePublished\":\"2026-04-30T03:12:28+00:00\",\"breadcrumb\":{\"@id\":\"https:\\\/\\\/vegaconsultants.no\\\/jobbsoker\\\/ledige-stillinger\\\/hms-3004639\\\/#breadcrumb\"},\"inLanguage\":\"en-GB\",\"potentialAction\":[{\"@type\":\"ReadAction\",\"target\":[\"https:\\\/\\\/vegaconsultants.no\\\/jobbsoker\\\/ledige-stillinger\\\/hms-3004639\\\/\"]}]},{\"@type\":\"BreadcrumbList\",\"@id\":\"https:\\\/\\\/vegaconsultants.no\\\/jobbsoker\\\/ledige-stillinger\\\/hms-3004639\\\/#breadcrumb\",\"itemListElement\":[{\"@type\":\"ListItem\",\"position\":1,\"name\":\"Home\",\"item\":\"https:\\\/\\\/vegaconsultants.no\\\/\"},{\"@type\":\"ListItem\",\"position\":2,\"name\":\"Jobbs\u00f8ker\",\"item\":\"https:\\\/\\\/vegaconsultants.no\\\/jobbsoker\\\/\"},{\"@type\":\"ListItem\",\"position\":3,\"name\":\"Ledige stillinger\",\"item\":\"https:\\\/\\\/vegaconsultants.no\\\/jobbsoker\\\/ledige-stillinger\\\/\"},{\"@type\":\"ListItem\",\"position\":4,\"name\":\"Hms\"}]},{\"@type\":\"WebSite\",\"@id\":\"https:\\\/\\\/vegaconsultants.no\\\/#website\",\"url\":\"https:\\\/\\\/vegaconsultants.no\\\/\",\"name\":\"Vega Consultants\",\"description\":\"Rett person p\u00e5 rett plass\",\"potentialAction\":[{\"@type\":\"SearchAction\",\"target\":{\"@type\":\"EntryPoint\",\"urlTemplate\":\"https:\\\/\\\/vegaconsultants.no\\\/?s={search_term_string}\"},\"query-input\":{\"@type\":\"PropertyValueSpecification\",\"valueRequired\":true,\"valueName\":\"search_term_string\"}}],\"inLanguage\":\"en-GB\"}]}<\/script>\n<!-- \/ Yoast SEO plugin. -->","yoast_head_json":{"title":"Hms - Vega Consultants","robots":{"index":"index","follow":"follow","max-snippet":"max-snippet:-1","max-image-preview":"max-image-preview:large","max-video-preview":"max-video-preview:-1"},"canonical":"https:\/\/vegaconsultants.no\/en\/jobbsoker\/ledige-stillinger\/hms-3004639\/","og_locale":"en_GB","og_type":"article","og_title":"Hms - Vega Consultants","og_description":"Vega Consultants AS Hms Jobbeskrivelse V\u00e6re aktiv p\u00e5driver av SSU arbeidet i felt i samarbeid med leverand\u00f8rer og drift\u00a0 Daglige dokumenterte runder i anlegget for \u00e5 sikre at HMS blir en naturlig del av arbeidet\u00a0 Morgen og ettermiddags m\u00f8ter med leverand\u00f8rers HSE ressurser for \u00e5 sikre en alignet tiln\u00e6rming\u00a0 Sikre at hms krav gj\u00f8res kjent [&hellip;]","og_url":"https:\/\/vegaconsultants.no\/en\/jobbsoker\/ledige-stillinger\/hms-3004639\/","og_site_name":"Vega Consultants","twitter_card":"summary_large_image","twitter_misc":{"Estimated reading time":"1 minute"},"schema":{"@context":"https:\/\/schema.org","@graph":[{"@type":"WebPage","@id":"https:\/\/vegaconsultants.no\/jobbsoker\/ledige-stillinger\/hms-3004639\/","url":"https:\/\/vegaconsultants.no\/jobbsoker\/ledige-stillinger\/hms-3004639\/","name":"Hms - Vega Consultants","isPartOf":{"@id":"https:\/\/vegaconsultants.no\/#website"},"datePublished":"2026-04-30T03:12:28+00:00","breadcrumb":{"@id":"https:\/\/vegaconsultants.no\/jobbsoker\/ledige-stillinger\/hms-3004639\/#breadcrumb"},"inLanguage":"en-GB","potentialAction":[{"@type":"ReadAction","target":["https:\/\/vegaconsultants.no\/jobbsoker\/ledige-stillinger\/hms-3004639\/"]}]},{"@type":"BreadcrumbList","@id":"https:\/\/vegaconsultants.no\/jobbsoker\/ledige-stillinger\/hms-3004639\/#breadcrumb","itemListElement":[{"@type":"ListItem","position":1,"name":"Home","item":"https:\/\/vegaconsultants.no\/"},{"@type":"ListItem","position":2,"name":"Jobbs\u00f8ker","item":"https:\/\/vegaconsultants.no\/jobbsoker\/"},{"@type":"ListItem","position":3,"name":"Ledige stillinger","item":"https:\/\/vegaconsultants.no\/jobbsoker\/ledige-stillinger\/"},{"@type":"ListItem","position":4,"name":"Hms"}]},{"@type":"WebSite","@id":"https:\/\/vegaconsultants.no\/#website","url":"https:\/\/vegaconsultants.no\/","name":"Vega Consultants","description":"The right person for the right job","potentialAction":[{"@type":"SearchAction","target":{"@type":"EntryPoint","urlTemplate":"https:\/\/vegaconsultants.no\/?s={search_term_string}"},"query-input":{"@type":"PropertyValueSpecification","valueRequired":true,"valueName":"search_term_string"}}],"inLanguage":"en-GB"}]}},"_links":{"self":[{"href":"https:\/\/vegaconsultants.no\/en\/wp-json\/wp\/v2\/pages\/22589","targetHints":{"allow":["GET"]}}],"collection":[{"href":"https:\/\/vegaconsultants.no\/en\/wp-json\/wp\/v2\/pages"}],"about":[{"href":"https:\/\/vegaconsultants.no\/en\/wp-json\/wp\/v2\/types\/page"}],"author":[{"embeddable":true,"href":"https:\/\/vegaconsultants.no\/en\/wp-json\/wp\/v2\/users\/1"}],"replies":[{"embeddable":true,"href":"https:\/\/vegaconsultants.no\/en\/wp-json\/wp\/v2\/comments?post=22589"}],"version-history":[{"count":0,"href":"https:\/\/vegaconsultants.no\/en\/wp-json\/wp\/v2\/pages\/22589\/revisions"}],"up":[{"embeddable":true,"href":"https:\/\/vegaconsultants.no\/en\/wp-json\/wp\/v2\/pages\/4051"}],"wp:attachment":[{"href":"https:\/\/vegaconsultants.no\/en\/wp-json\/wp\/v2\/media?parent=22589"}],"curies":[{"name":"wp","href":"https:\/\/api.w.org\/{rel}","templated":true}]}}