{"id":22752,"date":"2026-04-13T09:12:32","date_gmt":"2026-04-13T07:12:32","guid":{"rendered":"https:\/\/vegaconsultants.no\/jobbsoker\/ledige-stillinger\/hydrocarbon-management-engineer-glba-3004652\/"},"modified":"2026-04-13T09:12:32","modified_gmt":"2026-04-13T07:12:32","slug":"hydrocarbon-management-engineer-glba-3004652","status":"publish","type":"page","link":"https:\/\/vegaconsultants.no\/en\/jobbsoker\/ledige-stillinger\/hydrocarbon-management-engineer-glba-3004652\/","title":{"rendered":"Hydrocarbon Management Engineer GLBA"},"content":{"rendered":"<div class='vacancy-detail'>\n<div class='bold'>Vega Consultants AS<\/div>\n<div class='bold'>Hydrocarbon Management Engineer GLBA<\/div>\n<div class='vacancy-body'>\n<p>Vi s\u00f8ker n\u00e5 en Hydrocarbon Management Engineer konsulent. Denne stillingen skal sikre helhetlig implementering, operasjonalisering og drift av GLBA p\u00e5 tvers av selskapet sine opererte felt. Rollen kombinerer operativt ansvar i driftsfasen med ledende bidrag i implementerings- og forbedringsl\u00f8p, og vil v\u00e6re et sentralt bindeledd mellom assets, Hydrocarbon Management, Midstream og digitale milj\u00f8er. Denne stillingen gir h\u00f8y p\u00e5virkning og synlighet p\u00e5 tvers av organisasjonen.<\/p>\n<p><\/p>\n<h3>Arbeidsoppgaver:<\/h3>\n<ul>\n<li>Overordnet ansvar for operasjonalisering og etterlevelse av GLBA p\u00e5 tvers av selskapet sine opererte assets.<\/li>\n<li>Etablere og videreutvikle standardisert praksis for GLBA i drift, inkludert roller, arbeidsprosesser og rapportering.<\/li>\n<li>Operativ oppf\u00f8lging av GLBA i driftsfasen.<\/li>\n<li>Bidra tungt i implementering av GLBA i digitale l\u00f8sninger i tett samarbeid med IT og prosjektmilj\u00f8.<\/li>\n<li>Sikre korrekt etablering og oppf\u00f8lging av Gas Lifting Accounts, balanser og rapportering mot shippere og partnere.<\/li>\n<li>V\u00e6re faglig st\u00f8tte og r\u00e5dgiver for assets i sp\u00f8rsm\u00e5l knyttet til GLBA, gassl\u00f8fting og balansering.<\/li>\n<li>Bidra i dialog mot partnere, Gassco og interne interessenter der GLBA-forhold er ber\u00f8rt.<\/li>\n<li>Identifisere forbedringsomr\u00e5der, risiko og behov for automatisering innen GLBA-omr\u00e5det.<\/li>\n<li>Bidra til kompetansebygging og felles forst\u00e5else av GLBA i organisasjonen.<\/li>\n<\/ul>\n<p><\/p>\n<h3>Kvalifikasjoner:<\/h3>\n<ul>\n<li>H\u00f8yere utdanning innen ingeni\u00f8rfag, \u00f8konomi, energi eller tilsvarende.<\/li>\n<li>Erfaring innen hydrocarbon management, allokering, gassl\u00f8fting eller kommersielle avtaler.<\/li>\n<li>God forst\u00e5else for GLBA og tilh\u00f8rende rapporterings- og balanseringsmekanismer.<\/li>\n<li>Erfaring med eller interesse for digital operasjonalisering av avtaler og prosesser.<\/li>\n<li>Evne til \u00e5 jobbe strukturert, selvstendig og p\u00e5 tvers av fag og assets.<\/li>\n<li>Behersker norsk og engelsk, muntlig og skriftlig.<\/li>\n<li>Tydelig rolleforst\u00e5else og h\u00f8y grad av ansvarlighet.<\/li>\n<li>Evne til \u00e5 se helhet og sammenhenger p\u00e5 tvers av assets og verdikjede.<\/li>\n<li>Komfortabel med \u00e5 ta en sentral faglig rolle i grensesnittet mellom drift, avtaler og digitalisering.<\/li>\n<li>L\u00f8sningsorientert og forbedringsdrevet.<\/li>\n<\/ul>\n<p><\/p>\n<p>Arbeidssted: Stavanger<\/p>\n<p>Kontraktsperiode: 04.05.2026(etter avtale)-31.12.2028<\/p>\n<p><\/p>\n<p>Ta gjerne kontakt med Kjersti Jonker, +47 97704446, kjersti.jonker@vegaconsultants.no, for mer informasjon om rollen.&nbsp;<\/p>\n<\/div>\n<div class='vega-button'><span><a href='https:\/\/secure.webtemp.no\/WebtempCVPortal\/startsession.aspx?page=stillingsingle&amp;k=169&amp;id_utleie=3004652'>Mer info\/s\u00f8k her<\/a><\/span><\/div>\n<p><\/p>\n<hr>\n<div>\n<h4>REFNR<\/h4>\n<p>403490<\/p><\/div>\n<div>\n<h4>STILLINGSTYPE<\/h4>\n<p>Heltid<br \/>Vikariat\/engasjement<\/div>\n<div>\n<h4>S\u00d8KNADSFRIST<\/h4>\n<\/div>\n<div class='vacancy-consultant'>\n<h4>KONTAKTPERSON(ER)<\/h4>\n<div>Kjersti Jonker<\/div>\n<div>97 70 44 46<\/div>\n<div>kjersti.jonker@vegaconsultants.no<\/div>\n<\/div>\n<\/div>","protected":false},"excerpt":{"rendered":"<p>Vega Consultants AS Hydrocarbon Management Engineer GLBA Vi s\u00f8ker n\u00e5 en Hydrocarbon Management Engineer konsulent. Denne stillingen skal sikre helhetlig implementering, operasjonalisering og drift av GLBA p\u00e5 tvers av selskapet sine opererte felt. Rollen kombinerer operativt ansvar i driftsfasen med ledende bidrag i implementerings- og forbedringsl\u00f8p, og vil v\u00e6re et sentralt bindeledd mellom assets, Hydrocarbon [&hellip;]<\/p>\n","protected":false},"author":1,"featured_media":0,"parent":4051,"menu_order":0,"comment_status":"closed","ping_status":"closed","template":"","meta":{"_et_pb_use_builder":"","_et_pb_old_content":"","_et_gb_content_width":"","footnotes":""},"class_list":["post-22752","page","type-page","status-publish","hentry"],"yoast_head":"<!-- This site is optimized with the Yoast SEO plugin v27.3 - https:\/\/yoast.com\/product\/yoast-seo-wordpress\/ -->\n<title>Hydrocarbon Management Engineer GLBA - Vega Consultants<\/title>\n<meta name=\"robots\" content=\"index, follow, max-snippet:-1, max-image-preview:large, max-video-preview:-1\" \/>\n<link rel=\"canonical\" href=\"https:\/\/vegaconsultants.no\/en\/jobbsoker\/ledige-stillinger\/hydrocarbon-management-engineer-glba-3004652\/\" \/>\n<meta property=\"og:locale\" content=\"en_GB\" \/>\n<meta property=\"og:type\" content=\"article\" \/>\n<meta property=\"og:title\" content=\"Hydrocarbon Management Engineer GLBA - Vega Consultants\" \/>\n<meta property=\"og:description\" content=\"Vega Consultants AS Hydrocarbon Management Engineer GLBA Vi s\u00f8ker n\u00e5 en Hydrocarbon Management Engineer konsulent. Denne stillingen skal sikre helhetlig implementering, operasjonalisering og drift av GLBA p\u00e5 tvers av selskapet sine opererte felt. Rollen kombinerer operativt ansvar i driftsfasen med ledende bidrag i implementerings- og forbedringsl\u00f8p, og vil v\u00e6re et sentralt bindeledd mellom assets, Hydrocarbon [&hellip;]\" \/>\n<meta property=\"og:url\" content=\"https:\/\/vegaconsultants.no\/en\/jobbsoker\/ledige-stillinger\/hydrocarbon-management-engineer-glba-3004652\/\" \/>\n<meta property=\"og:site_name\" content=\"Vega Consultants\" \/>\n<meta name=\"twitter:card\" content=\"summary_large_image\" \/>\n<meta name=\"twitter:label1\" content=\"Estimated reading time\" \/>\n\t<meta name=\"twitter:data1\" content=\"2 minutes\" \/>\n<script type=\"application\/ld+json\" class=\"yoast-schema-graph\">{\"@context\":\"https:\\\/\\\/schema.org\",\"@graph\":[{\"@type\":\"WebPage\",\"@id\":\"https:\\\/\\\/vegaconsultants.no\\\/jobbsoker\\\/ledige-stillinger\\\/hydrocarbon-management-engineer-glba-3004652\\\/\",\"url\":\"https:\\\/\\\/vegaconsultants.no\\\/jobbsoker\\\/ledige-stillinger\\\/hydrocarbon-management-engineer-glba-3004652\\\/\",\"name\":\"Hydrocarbon Management Engineer GLBA - Vega Consultants\",\"isPartOf\":{\"@id\":\"https:\\\/\\\/vegaconsultants.no\\\/#website\"},\"datePublished\":\"2026-04-13T07:12:32+00:00\",\"breadcrumb\":{\"@id\":\"https:\\\/\\\/vegaconsultants.no\\\/jobbsoker\\\/ledige-stillinger\\\/hydrocarbon-management-engineer-glba-3004652\\\/#breadcrumb\"},\"inLanguage\":\"en-GB\",\"potentialAction\":[{\"@type\":\"ReadAction\",\"target\":[\"https:\\\/\\\/vegaconsultants.no\\\/jobbsoker\\\/ledige-stillinger\\\/hydrocarbon-management-engineer-glba-3004652\\\/\"]}]},{\"@type\":\"BreadcrumbList\",\"@id\":\"https:\\\/\\\/vegaconsultants.no\\\/jobbsoker\\\/ledige-stillinger\\\/hydrocarbon-management-engineer-glba-3004652\\\/#breadcrumb\",\"itemListElement\":[{\"@type\":\"ListItem\",\"position\":1,\"name\":\"Home\",\"item\":\"https:\\\/\\\/vegaconsultants.no\\\/\"},{\"@type\":\"ListItem\",\"position\":2,\"name\":\"Jobbs\u00f8ker\",\"item\":\"https:\\\/\\\/vegaconsultants.no\\\/jobbsoker\\\/\"},{\"@type\":\"ListItem\",\"position\":3,\"name\":\"Ledige stillinger\",\"item\":\"https:\\\/\\\/vegaconsultants.no\\\/jobbsoker\\\/ledige-stillinger\\\/\"},{\"@type\":\"ListItem\",\"position\":4,\"name\":\"Hydrocarbon Management Engineer GLBA\"}]},{\"@type\":\"WebSite\",\"@id\":\"https:\\\/\\\/vegaconsultants.no\\\/#website\",\"url\":\"https:\\\/\\\/vegaconsultants.no\\\/\",\"name\":\"Vega Consultants\",\"description\":\"Rett person p\u00e5 rett plass\",\"potentialAction\":[{\"@type\":\"SearchAction\",\"target\":{\"@type\":\"EntryPoint\",\"urlTemplate\":\"https:\\\/\\\/vegaconsultants.no\\\/?s={search_term_string}\"},\"query-input\":{\"@type\":\"PropertyValueSpecification\",\"valueRequired\":true,\"valueName\":\"search_term_string\"}}],\"inLanguage\":\"en-GB\"}]}<\/script>\n<!-- \/ Yoast SEO plugin. -->","yoast_head_json":{"title":"Hydrocarbon Management Engineer GLBA - Vega Consultants","robots":{"index":"index","follow":"follow","max-snippet":"max-snippet:-1","max-image-preview":"max-image-preview:large","max-video-preview":"max-video-preview:-1"},"canonical":"https:\/\/vegaconsultants.no\/en\/jobbsoker\/ledige-stillinger\/hydrocarbon-management-engineer-glba-3004652\/","og_locale":"en_GB","og_type":"article","og_title":"Hydrocarbon Management Engineer GLBA - Vega Consultants","og_description":"Vega Consultants AS Hydrocarbon Management Engineer GLBA Vi s\u00f8ker n\u00e5 en Hydrocarbon Management Engineer konsulent. Denne stillingen skal sikre helhetlig implementering, operasjonalisering og drift av GLBA p\u00e5 tvers av selskapet sine opererte felt. Rollen kombinerer operativt ansvar i driftsfasen med ledende bidrag i implementerings- og forbedringsl\u00f8p, og vil v\u00e6re et sentralt bindeledd mellom assets, Hydrocarbon [&hellip;]","og_url":"https:\/\/vegaconsultants.no\/en\/jobbsoker\/ledige-stillinger\/hydrocarbon-management-engineer-glba-3004652\/","og_site_name":"Vega Consultants","twitter_card":"summary_large_image","twitter_misc":{"Estimated reading time":"2 minutes"},"schema":{"@context":"https:\/\/schema.org","@graph":[{"@type":"WebPage","@id":"https:\/\/vegaconsultants.no\/jobbsoker\/ledige-stillinger\/hydrocarbon-management-engineer-glba-3004652\/","url":"https:\/\/vegaconsultants.no\/jobbsoker\/ledige-stillinger\/hydrocarbon-management-engineer-glba-3004652\/","name":"Hydrocarbon Management Engineer GLBA - Vega Consultants","isPartOf":{"@id":"https:\/\/vegaconsultants.no\/#website"},"datePublished":"2026-04-13T07:12:32+00:00","breadcrumb":{"@id":"https:\/\/vegaconsultants.no\/jobbsoker\/ledige-stillinger\/hydrocarbon-management-engineer-glba-3004652\/#breadcrumb"},"inLanguage":"en-GB","potentialAction":[{"@type":"ReadAction","target":["https:\/\/vegaconsultants.no\/jobbsoker\/ledige-stillinger\/hydrocarbon-management-engineer-glba-3004652\/"]}]},{"@type":"BreadcrumbList","@id":"https:\/\/vegaconsultants.no\/jobbsoker\/ledige-stillinger\/hydrocarbon-management-engineer-glba-3004652\/#breadcrumb","itemListElement":[{"@type":"ListItem","position":1,"name":"Home","item":"https:\/\/vegaconsultants.no\/"},{"@type":"ListItem","position":2,"name":"Jobbs\u00f8ker","item":"https:\/\/vegaconsultants.no\/jobbsoker\/"},{"@type":"ListItem","position":3,"name":"Ledige stillinger","item":"https:\/\/vegaconsultants.no\/jobbsoker\/ledige-stillinger\/"},{"@type":"ListItem","position":4,"name":"Hydrocarbon Management Engineer GLBA"}]},{"@type":"WebSite","@id":"https:\/\/vegaconsultants.no\/#website","url":"https:\/\/vegaconsultants.no\/","name":"Vega Consultants","description":"The right person for the right job","potentialAction":[{"@type":"SearchAction","target":{"@type":"EntryPoint","urlTemplate":"https:\/\/vegaconsultants.no\/?s={search_term_string}"},"query-input":{"@type":"PropertyValueSpecification","valueRequired":true,"valueName":"search_term_string"}}],"inLanguage":"en-GB"}]}},"_links":{"self":[{"href":"https:\/\/vegaconsultants.no\/en\/wp-json\/wp\/v2\/pages\/22752","targetHints":{"allow":["GET"]}}],"collection":[{"href":"https:\/\/vegaconsultants.no\/en\/wp-json\/wp\/v2\/pages"}],"about":[{"href":"https:\/\/vegaconsultants.no\/en\/wp-json\/wp\/v2\/types\/page"}],"author":[{"embeddable":true,"href":"https:\/\/vegaconsultants.no\/en\/wp-json\/wp\/v2\/users\/1"}],"replies":[{"embeddable":true,"href":"https:\/\/vegaconsultants.no\/en\/wp-json\/wp\/v2\/comments?post=22752"}],"version-history":[{"count":0,"href":"https:\/\/vegaconsultants.no\/en\/wp-json\/wp\/v2\/pages\/22752\/revisions"}],"up":[{"embeddable":true,"href":"https:\/\/vegaconsultants.no\/en\/wp-json\/wp\/v2\/pages\/4051"}],"wp:attachment":[{"href":"https:\/\/vegaconsultants.no\/en\/wp-json\/wp\/v2\/media?parent=22752"}],"curies":[{"name":"wp","href":"https:\/\/api.w.org\/{rel}","templated":true}]}}