{"id":22753,"date":"2026-04-13T11:12:42","date_gmt":"2026-04-13T09:12:42","guid":{"rendered":"https:\/\/vegaconsultants.no\/jobbsoker\/ledige-stillinger\/hydrocarbon-management-engineer-3004653\/"},"modified":"2026-04-13T11:12:42","modified_gmt":"2026-04-13T09:12:42","slug":"hydrocarbon-management-engineer-3004653","status":"publish","type":"page","link":"https:\/\/vegaconsultants.no\/en\/jobbsoker\/ledige-stillinger\/hydrocarbon-management-engineer-3004653\/","title":{"rendered":"Hydrocarbon Management Engineer"},"content":{"rendered":"<div class='vacancy-detail'>\n<div class='bold'>Vega Consultants AS<\/div>\n<div class='bold'>Hydrocarbon Management Engineer <\/div>\n<div class='vacancy-body'>\n<p>Vi s\u00f8ker n\u00e5 en Hydrocarbon Management Engineer konsulent. Denne stillingen vil v\u00e6re en del av teamet som har ansvaret for \u00e5 f\u00f8lge opp fiskalm\u00e5ling, allokering og rapportering fra alle selskapet sine opererte felt. Som Hydrocarbon Management Engineer vil du f\u00e5 ansvar for drift, oppf\u00f8lging og videreutvikling av hydrocarbon management systemet for ett av v\u00e5re assets. Du vil bli del av et team med engasjerte kollegaer som har tilsvarende roller mot andre assets samtidig som du vil samhandle med roller b\u00e5de internt og eksternt.<\/p>\n<p><\/p>\n<h3>Arbeidsoppgaver:<\/h3>\n<ul>\n<li>Fordele produksjon av olje og gass mellom feltene som produserer til installasjonen basert p\u00e5 kommersielle avtaler (Allokering).<\/li>\n<li>S\u00f8rge for at allokering og rapportering utf\u00f8res til rett tid og rett kvalitet.<\/li>\n<li>Korrigere feil data og bidra til \u00e5 framskaffe manglende data der det er behov for dette, ofte i samarbeid med Metering Engineer.<\/li>\n<li>Validere datagrunnlag og f\u00f8lge opp avvik og ubalanser i allokeringssystemene.<\/li>\n<li>Utarbeide m\u00e5nedlige sjekkrapporter for allokering til APM.<\/li>\n<li>Rekj\u00f8re allokering og sende ut nye rapporter ved korreksjoner tilbake i tid.<\/li>\n<li>Jobbe for kontinuerlig forbedring av systemer og rutiner knyttet til allokeringen.<\/li>\n<li>F\u00f8lge opp og bidra til forst\u00e5else rundt verdikjeden av olje, gass, vann og milj\u00f8utslipp.<\/li>\n<li>Samhandle tett med interne og eksterne interessenter rundt produksjonsrapportering og allokering.<\/li>\n<\/ul>\n<p><\/p>\n<h3>Kvalifikasjoner:<\/h3>\n<ul>\n<li>H\u00f8yere utdanning innen IT, prosessfag, finans eller ingeni\u00f8rfag. Relevant erfaring kan kompensere for formell utdanning.<\/li>\n<li>Gode analytiske evner.<\/li>\n<li>Erfaring innen metering, allokering eller produksjonsrapportering er \u00f8nskelig.<\/li>\n<li>Kjennskap til produksjonsrapporteringsverkt\u00f8yet Energy Component er en fordel.<\/li>\n<li>Behersker norsk og engelsk, muntlig og skriftlig<\/li>\n<li>Den som f\u00e5r jobben, vil f\u00e5 den n\u00f8dvendige oppl\u00e6ringen for \u00e5 lykkes.<\/li>\n<li>Ansvarsbevisst og p\u00e5litelig.<\/li>\n<li>Trives med samarbeid p\u00e5 tvers av fag og organisasjon.<\/li>\n<li>N\u00f8yaktig og kvalitetsbevisst.<\/li>\n<li>Evner \u00e5 se helhet og sammenhenger i komplekse verdikjeder.<\/li>\n<\/ul>\n<p><\/p>\n<p>Arbeidslokasjon: Stavanger<\/p>\n<p>Kontraktsperiode: 04.05.2026-31.12.2028<\/p>\n<p><\/p>\n<p>Ta gjerne kontakt med Kjersti Jonker, +47 97704446, kjersti.jonker@vegaconsultants.no, for mer informasjon om rollen.\u00a0<\/p>\n<\/div>\n<div class='vega-button'><span><a href='https:\/\/secure.webtemp.no\/WebtempCVPortal\/startsession.aspx?page=stillingsingle&amp;k=169&amp;id_utleie=3004653'>Mer info\/s\u00f8k her<\/a><\/span><\/div>\n<p><\/p>\n<hr>\n<div>\n<h4>REFNR<\/h4>\n<p>403491<\/p><\/div>\n<div>\n<h4>STILLINGSTYPE<\/h4>\n<p>Heltid<br \/>Vikariat\/engasjement<\/div>\n<div>\n<h4>S\u00d8KNADSFRIST<\/h4>\n<\/div>\n<div class='vacancy-consultant'>\n<h4>KONTAKTPERSON(ER)<\/h4>\n<div>Kjersti Jonker<\/div>\n<div>97 70 44 46<\/div>\n<div>kjersti.jonker@vegaconsultants.no<\/div>\n<\/div>\n<\/div>","protected":false},"excerpt":{"rendered":"<p>Vega Consultants AS Hydrocarbon Management Engineer Vi s\u00f8ker n\u00e5 en Hydrocarbon Management Engineer konsulent. Denne stillingen vil v\u00e6re en del av teamet som har ansvaret for \u00e5 f\u00f8lge opp fiskalm\u00e5ling, allokering og rapportering fra alle selskapet sine opererte felt. Som Hydrocarbon Management Engineer vil du f\u00e5 ansvar for drift, oppf\u00f8lging og videreutvikling av hydrocarbon management [&hellip;]<\/p>\n","protected":false},"author":1,"featured_media":0,"parent":4051,"menu_order":0,"comment_status":"closed","ping_status":"closed","template":"","meta":{"_et_pb_use_builder":"","_et_pb_old_content":"","_et_gb_content_width":"","footnotes":""},"class_list":["post-22753","page","type-page","status-publish","hentry"],"yoast_head":"<!-- This site is optimized with the Yoast SEO plugin v27.3 - https:\/\/yoast.com\/product\/yoast-seo-wordpress\/ -->\n<title>Hydrocarbon Management Engineer - Vega Consultants<\/title>\n<meta name=\"robots\" content=\"index, follow, max-snippet:-1, max-image-preview:large, max-video-preview:-1\" \/>\n<link rel=\"canonical\" href=\"https:\/\/vegaconsultants.no\/en\/jobbsoker\/ledige-stillinger\/hydrocarbon-management-engineer-3004653\/\" \/>\n<meta property=\"og:locale\" content=\"en_GB\" \/>\n<meta property=\"og:type\" content=\"article\" \/>\n<meta property=\"og:title\" content=\"Hydrocarbon Management Engineer - Vega Consultants\" \/>\n<meta property=\"og:description\" content=\"Vega Consultants AS Hydrocarbon Management Engineer Vi s\u00f8ker n\u00e5 en Hydrocarbon Management Engineer konsulent. Denne stillingen vil v\u00e6re en del av teamet som har ansvaret for \u00e5 f\u00f8lge opp fiskalm\u00e5ling, allokering og rapportering fra alle selskapet sine opererte felt. Som Hydrocarbon Management Engineer vil du f\u00e5 ansvar for drift, oppf\u00f8lging og videreutvikling av hydrocarbon management [&hellip;]\" \/>\n<meta property=\"og:url\" content=\"https:\/\/vegaconsultants.no\/en\/jobbsoker\/ledige-stillinger\/hydrocarbon-management-engineer-3004653\/\" \/>\n<meta property=\"og:site_name\" content=\"Vega Consultants\" \/>\n<meta name=\"twitter:card\" content=\"summary_large_image\" \/>\n<meta name=\"twitter:label1\" content=\"Estimated reading time\" \/>\n\t<meta name=\"twitter:data1\" content=\"2 minutes\" \/>\n<script type=\"application\/ld+json\" class=\"yoast-schema-graph\">{\"@context\":\"https:\\\/\\\/schema.org\",\"@graph\":[{\"@type\":\"WebPage\",\"@id\":\"https:\\\/\\\/vegaconsultants.no\\\/jobbsoker\\\/ledige-stillinger\\\/hydrocarbon-management-engineer-3004653\\\/\",\"url\":\"https:\\\/\\\/vegaconsultants.no\\\/jobbsoker\\\/ledige-stillinger\\\/hydrocarbon-management-engineer-3004653\\\/\",\"name\":\"Hydrocarbon Management Engineer - Vega Consultants\",\"isPartOf\":{\"@id\":\"https:\\\/\\\/vegaconsultants.no\\\/#website\"},\"datePublished\":\"2026-04-13T09:12:42+00:00\",\"breadcrumb\":{\"@id\":\"https:\\\/\\\/vegaconsultants.no\\\/jobbsoker\\\/ledige-stillinger\\\/hydrocarbon-management-engineer-3004653\\\/#breadcrumb\"},\"inLanguage\":\"en-GB\",\"potentialAction\":[{\"@type\":\"ReadAction\",\"target\":[\"https:\\\/\\\/vegaconsultants.no\\\/jobbsoker\\\/ledige-stillinger\\\/hydrocarbon-management-engineer-3004653\\\/\"]}]},{\"@type\":\"BreadcrumbList\",\"@id\":\"https:\\\/\\\/vegaconsultants.no\\\/jobbsoker\\\/ledige-stillinger\\\/hydrocarbon-management-engineer-3004653\\\/#breadcrumb\",\"itemListElement\":[{\"@type\":\"ListItem\",\"position\":1,\"name\":\"Home\",\"item\":\"https:\\\/\\\/vegaconsultants.no\\\/\"},{\"@type\":\"ListItem\",\"position\":2,\"name\":\"Jobbs\u00f8ker\",\"item\":\"https:\\\/\\\/vegaconsultants.no\\\/jobbsoker\\\/\"},{\"@type\":\"ListItem\",\"position\":3,\"name\":\"Ledige stillinger\",\"item\":\"https:\\\/\\\/vegaconsultants.no\\\/jobbsoker\\\/ledige-stillinger\\\/\"},{\"@type\":\"ListItem\",\"position\":4,\"name\":\"Hydrocarbon Management Engineer\"}]},{\"@type\":\"WebSite\",\"@id\":\"https:\\\/\\\/vegaconsultants.no\\\/#website\",\"url\":\"https:\\\/\\\/vegaconsultants.no\\\/\",\"name\":\"Vega Consultants\",\"description\":\"Rett person p\u00e5 rett plass\",\"potentialAction\":[{\"@type\":\"SearchAction\",\"target\":{\"@type\":\"EntryPoint\",\"urlTemplate\":\"https:\\\/\\\/vegaconsultants.no\\\/?s={search_term_string}\"},\"query-input\":{\"@type\":\"PropertyValueSpecification\",\"valueRequired\":true,\"valueName\":\"search_term_string\"}}],\"inLanguage\":\"en-GB\"}]}<\/script>\n<!-- \/ Yoast SEO plugin. -->","yoast_head_json":{"title":"Hydrocarbon Management Engineer - Vega Consultants","robots":{"index":"index","follow":"follow","max-snippet":"max-snippet:-1","max-image-preview":"max-image-preview:large","max-video-preview":"max-video-preview:-1"},"canonical":"https:\/\/vegaconsultants.no\/en\/jobbsoker\/ledige-stillinger\/hydrocarbon-management-engineer-3004653\/","og_locale":"en_GB","og_type":"article","og_title":"Hydrocarbon Management Engineer - Vega Consultants","og_description":"Vega Consultants AS Hydrocarbon Management Engineer Vi s\u00f8ker n\u00e5 en Hydrocarbon Management Engineer konsulent. Denne stillingen vil v\u00e6re en del av teamet som har ansvaret for \u00e5 f\u00f8lge opp fiskalm\u00e5ling, allokering og rapportering fra alle selskapet sine opererte felt. Som Hydrocarbon Management Engineer vil du f\u00e5 ansvar for drift, oppf\u00f8lging og videreutvikling av hydrocarbon management [&hellip;]","og_url":"https:\/\/vegaconsultants.no\/en\/jobbsoker\/ledige-stillinger\/hydrocarbon-management-engineer-3004653\/","og_site_name":"Vega Consultants","twitter_card":"summary_large_image","twitter_misc":{"Estimated reading time":"2 minutes"},"schema":{"@context":"https:\/\/schema.org","@graph":[{"@type":"WebPage","@id":"https:\/\/vegaconsultants.no\/jobbsoker\/ledige-stillinger\/hydrocarbon-management-engineer-3004653\/","url":"https:\/\/vegaconsultants.no\/jobbsoker\/ledige-stillinger\/hydrocarbon-management-engineer-3004653\/","name":"Hydrocarbon Management Engineer - Vega Consultants","isPartOf":{"@id":"https:\/\/vegaconsultants.no\/#website"},"datePublished":"2026-04-13T09:12:42+00:00","breadcrumb":{"@id":"https:\/\/vegaconsultants.no\/jobbsoker\/ledige-stillinger\/hydrocarbon-management-engineer-3004653\/#breadcrumb"},"inLanguage":"en-GB","potentialAction":[{"@type":"ReadAction","target":["https:\/\/vegaconsultants.no\/jobbsoker\/ledige-stillinger\/hydrocarbon-management-engineer-3004653\/"]}]},{"@type":"BreadcrumbList","@id":"https:\/\/vegaconsultants.no\/jobbsoker\/ledige-stillinger\/hydrocarbon-management-engineer-3004653\/#breadcrumb","itemListElement":[{"@type":"ListItem","position":1,"name":"Home","item":"https:\/\/vegaconsultants.no\/"},{"@type":"ListItem","position":2,"name":"Jobbs\u00f8ker","item":"https:\/\/vegaconsultants.no\/jobbsoker\/"},{"@type":"ListItem","position":3,"name":"Ledige stillinger","item":"https:\/\/vegaconsultants.no\/jobbsoker\/ledige-stillinger\/"},{"@type":"ListItem","position":4,"name":"Hydrocarbon Management Engineer"}]},{"@type":"WebSite","@id":"https:\/\/vegaconsultants.no\/#website","url":"https:\/\/vegaconsultants.no\/","name":"Vega Consultants","description":"The right person for the right job","potentialAction":[{"@type":"SearchAction","target":{"@type":"EntryPoint","urlTemplate":"https:\/\/vegaconsultants.no\/?s={search_term_string}"},"query-input":{"@type":"PropertyValueSpecification","valueRequired":true,"valueName":"search_term_string"}}],"inLanguage":"en-GB"}]}},"_links":{"self":[{"href":"https:\/\/vegaconsultants.no\/en\/wp-json\/wp\/v2\/pages\/22753","targetHints":{"allow":["GET"]}}],"collection":[{"href":"https:\/\/vegaconsultants.no\/en\/wp-json\/wp\/v2\/pages"}],"about":[{"href":"https:\/\/vegaconsultants.no\/en\/wp-json\/wp\/v2\/types\/page"}],"author":[{"embeddable":true,"href":"https:\/\/vegaconsultants.no\/en\/wp-json\/wp\/v2\/users\/1"}],"replies":[{"embeddable":true,"href":"https:\/\/vegaconsultants.no\/en\/wp-json\/wp\/v2\/comments?post=22753"}],"version-history":[{"count":0,"href":"https:\/\/vegaconsultants.no\/en\/wp-json\/wp\/v2\/pages\/22753\/revisions"}],"up":[{"embeddable":true,"href":"https:\/\/vegaconsultants.no\/en\/wp-json\/wp\/v2\/pages\/4051"}],"wp:attachment":[{"href":"https:\/\/vegaconsultants.no\/en\/wp-json\/wp\/v2\/media?parent=22753"}],"curies":[{"name":"wp","href":"https:\/\/api.w.org\/{rel}","templated":true}]}}