{"id":22754,"date":"2026-03-25T09:12:56","date_gmt":"2026-03-25T08:12:56","guid":{"rendered":"https:\/\/vegaconsultants.no\/jobbsoker\/ledige-stillinger\/accountant-3004654\/"},"modified":"2026-03-25T09:12:56","modified_gmt":"2026-03-25T08:12:56","slug":"accountant-3004654","status":"publish","type":"page","link":"https:\/\/vegaconsultants.no\/en\/jobbsoker\/ledige-stillinger\/accountant-3004654\/","title":{"rendered":"Accountant"},"content":{"rendered":"<div class='vacancy-detail'>\n<div class='bold'>Vega Consultants AS<\/div>\n<div class='bold'>Accountant<\/div>\n<div class='vacancy-body'>\n<p><em>Vi s\u00f8ker en strukturert og engasjert Accountant II som \u00f8nsker \u00e5 utvikle seg videre innen regnskap og rapportering. Du vil f\u00e5 ansvar for l\u00f8pende regnskapsoppgaver for tildelte assets. Rollen inneb\u00e6rer \u00f8kende grad av selvstendighet, og du vil bidra til kontinuerlig forbedring av prosesser og kvalitet.<\/em><\/p>\n<h3><strong>Ansvarsomr\u00e5der<\/strong><\/h3>\n<ul>\n<li>Utarbeidelse og utsending av m\u00e5nedlige kundefakturaer, samt vedlikehold av dokumentasjon i regnskapssystemet<\/li>\n<li>Oppf\u00f8lging av kunder og samarbeid med operasjonsteamet for \u00e5 sikre korrekt fakturering og betaling<\/li>\n<li>Balanseavstemminger og analyser p\u00e5 m\u00e5neds- og kvartalsbasis<\/li>\n<li>Utarbeidelse av budsjettavviksanalyser<\/li>\n<li>Bidra til prognosearbeid og \u00e5rlige budsjetter&nbsp;<\/li>\n<li>Sikre etterlevelse av interne kontroller og lokale regnskapsregler<\/li>\n<li>Samarbeid med onshore og offshore team i forbindelse med m\u00e5nedsavslutning<\/li>\n<li>H\u00e5ndtere ad hoc analyser, foresp\u00f8rsler og deltakelse i regnskapsrelaterte prosjekter<\/li>\n<\/ul>\n<h3><strong>Hvem vi ser etter<\/strong><\/h3>\n<p><em>Du har grunnleggende regnskapsforst\u00e5else, er n\u00f8yaktig og trives med ansvar. Rollen passer for deg som \u00f8nsker \u00e5 utvikle deg videre innen faget, jobbe tett med erfarne kolleger og gradvis ta p\u00e5 deg mer komplekse oppgaver.<\/em><\/p>\n<h3><strong>Kompetanse<\/strong><\/h3>\n<ul>\n<li>Bachelor eller h\u00f8yskole utdanning innen fagomr\u00e5det<\/li>\n<li>4 \u00e5rs relevant erfaring<\/li>\n<li>Kompetent bruker av Microsoft Office og Excel<\/li>\n<li>Erfaring med Ocacle ERP system er en fordel<\/li>\n<li>Ha en tydelig kommmunikasjon, b\u00e5de skriftlig og muntlig p\u00e5 engelsk og norsk.<\/li>\n<\/ul>\n<p><em>Her f\u00e5r du muligheten til \u00e5 utvikle deg b\u00e5de faglig og personlig i et solid internasjonalt selskap og bli en del av et engasjert fagmilj\u00f8 med h\u00f8yt tempo og spennende utfordringer. <\/em><\/p>\n<p><strong><em>For mer informasjon om stillingen kan du kontakte Grethe Borg p\u00e5 telefon 905 21 929<\/em><\/strong><\/p>\n<\/div>\n<div class='vega-button'><span><a href='https:\/\/secure.webtemp.no\/WebtempCVPortal\/startsession.aspx?page=stillingsingle&amp;k=169&amp;id_utleie=3004654'>Mer info\/s\u00f8k her<\/a><\/span><\/div>\n<p><\/p>\n<hr>\n<div>\n<h4>REFNR<\/h4>\n<p>403492<\/p><\/div>\n<div>\n<h4>STILLINGSTYPE<\/h4>\n<p>Heltid<br \/>Vikariat\/engasjement<\/div>\n<div>\n<h4>S\u00d8KNADSFRIST<\/h4>\n<p>ASAP<\/p><\/div>\n<div class='vacancy-consultant'>\n<h4>KONTAKTPERSON(ER)<\/h4>\n<div>Grethe Borg<\/div>\n<div>90 52 19 29<\/div>\n<div>grethe.borg@vegaconsultants.no<\/div>\n<\/div>\n<\/div>","protected":false},"excerpt":{"rendered":"<p>Vega Consultants AS Accountant Vi s\u00f8ker en strukturert og engasjert Accountant II som \u00f8nsker \u00e5 utvikle seg videre innen regnskap og rapportering. Du vil f\u00e5 ansvar for l\u00f8pende regnskapsoppgaver for tildelte assets. Rollen inneb\u00e6rer \u00f8kende grad av selvstendighet, og du vil bidra til kontinuerlig forbedring av prosesser og kvalitet. Ansvarsomr\u00e5der Utarbeidelse og utsending av m\u00e5nedlige [&hellip;]<\/p>\n","protected":false},"author":1,"featured_media":0,"parent":4051,"menu_order":0,"comment_status":"closed","ping_status":"closed","template":"","meta":{"_et_pb_use_builder":"","_et_pb_old_content":"","_et_gb_content_width":"","footnotes":""},"class_list":["post-22754","page","type-page","status-publish","hentry"],"yoast_head":"<!-- This site is optimized with the Yoast SEO plugin v27.4 - https:\/\/yoast.com\/product\/yoast-seo-wordpress\/ -->\n<title>Accountant - Vega Consultants<\/title>\n<meta name=\"robots\" content=\"index, follow, max-snippet:-1, max-image-preview:large, max-video-preview:-1\" \/>\n<link rel=\"canonical\" href=\"https:\/\/vegaconsultants.no\/en\/jobbsoker\/ledige-stillinger\/accountant-3004654\/\" \/>\n<meta property=\"og:locale\" content=\"en_GB\" \/>\n<meta property=\"og:type\" content=\"article\" \/>\n<meta property=\"og:title\" content=\"Accountant - Vega Consultants\" \/>\n<meta property=\"og:description\" content=\"Vega Consultants AS Accountant Vi s\u00f8ker en strukturert og engasjert Accountant II som \u00f8nsker \u00e5 utvikle seg videre innen regnskap og rapportering. Du vil f\u00e5 ansvar for l\u00f8pende regnskapsoppgaver for tildelte assets. Rollen inneb\u00e6rer \u00f8kende grad av selvstendighet, og du vil bidra til kontinuerlig forbedring av prosesser og kvalitet. Ansvarsomr\u00e5der Utarbeidelse og utsending av m\u00e5nedlige [&hellip;]\" \/>\n<meta property=\"og:url\" content=\"https:\/\/vegaconsultants.no\/en\/jobbsoker\/ledige-stillinger\/accountant-3004654\/\" \/>\n<meta property=\"og:site_name\" content=\"Vega Consultants\" \/>\n<meta name=\"twitter:card\" content=\"summary_large_image\" \/>\n<meta name=\"twitter:label1\" content=\"Estimated reading time\" \/>\n\t<meta name=\"twitter:data1\" content=\"1 minute\" \/>\n<script type=\"application\/ld+json\" class=\"yoast-schema-graph\">{\"@context\":\"https:\\\/\\\/schema.org\",\"@graph\":[{\"@type\":\"WebPage\",\"@id\":\"https:\\\/\\\/vegaconsultants.no\\\/jobbsoker\\\/ledige-stillinger\\\/accountant-3004654\\\/\",\"url\":\"https:\\\/\\\/vegaconsultants.no\\\/jobbsoker\\\/ledige-stillinger\\\/accountant-3004654\\\/\",\"name\":\"Accountant - Vega Consultants\",\"isPartOf\":{\"@id\":\"https:\\\/\\\/vegaconsultants.no\\\/#website\"},\"datePublished\":\"2026-03-25T08:12:56+00:00\",\"breadcrumb\":{\"@id\":\"https:\\\/\\\/vegaconsultants.no\\\/jobbsoker\\\/ledige-stillinger\\\/accountant-3004654\\\/#breadcrumb\"},\"inLanguage\":\"en-GB\",\"potentialAction\":[{\"@type\":\"ReadAction\",\"target\":[\"https:\\\/\\\/vegaconsultants.no\\\/jobbsoker\\\/ledige-stillinger\\\/accountant-3004654\\\/\"]}]},{\"@type\":\"BreadcrumbList\",\"@id\":\"https:\\\/\\\/vegaconsultants.no\\\/jobbsoker\\\/ledige-stillinger\\\/accountant-3004654\\\/#breadcrumb\",\"itemListElement\":[{\"@type\":\"ListItem\",\"position\":1,\"name\":\"Home\",\"item\":\"https:\\\/\\\/vegaconsultants.no\\\/\"},{\"@type\":\"ListItem\",\"position\":2,\"name\":\"Jobbs\u00f8ker\",\"item\":\"https:\\\/\\\/vegaconsultants.no\\\/jobbsoker\\\/\"},{\"@type\":\"ListItem\",\"position\":3,\"name\":\"Ledige stillinger\",\"item\":\"https:\\\/\\\/vegaconsultants.no\\\/jobbsoker\\\/ledige-stillinger\\\/\"},{\"@type\":\"ListItem\",\"position\":4,\"name\":\"Accountant\"}]},{\"@type\":\"WebSite\",\"@id\":\"https:\\\/\\\/vegaconsultants.no\\\/#website\",\"url\":\"https:\\\/\\\/vegaconsultants.no\\\/\",\"name\":\"Vega Consultants\",\"description\":\"Rett person p\u00e5 rett plass\",\"potentialAction\":[{\"@type\":\"SearchAction\",\"target\":{\"@type\":\"EntryPoint\",\"urlTemplate\":\"https:\\\/\\\/vegaconsultants.no\\\/?s={search_term_string}\"},\"query-input\":{\"@type\":\"PropertyValueSpecification\",\"valueRequired\":true,\"valueName\":\"search_term_string\"}}],\"inLanguage\":\"en-GB\"}]}<\/script>\n<!-- \/ Yoast SEO plugin. -->","yoast_head_json":{"title":"Accountant - Vega Consultants","robots":{"index":"index","follow":"follow","max-snippet":"max-snippet:-1","max-image-preview":"max-image-preview:large","max-video-preview":"max-video-preview:-1"},"canonical":"https:\/\/vegaconsultants.no\/en\/jobbsoker\/ledige-stillinger\/accountant-3004654\/","og_locale":"en_GB","og_type":"article","og_title":"Accountant - Vega Consultants","og_description":"Vega Consultants AS Accountant Vi s\u00f8ker en strukturert og engasjert Accountant II som \u00f8nsker \u00e5 utvikle seg videre innen regnskap og rapportering. Du vil f\u00e5 ansvar for l\u00f8pende regnskapsoppgaver for tildelte assets. Rollen inneb\u00e6rer \u00f8kende grad av selvstendighet, og du vil bidra til kontinuerlig forbedring av prosesser og kvalitet. Ansvarsomr\u00e5der Utarbeidelse og utsending av m\u00e5nedlige [&hellip;]","og_url":"https:\/\/vegaconsultants.no\/en\/jobbsoker\/ledige-stillinger\/accountant-3004654\/","og_site_name":"Vega Consultants","twitter_card":"summary_large_image","twitter_misc":{"Estimated reading time":"1 minute"},"schema":{"@context":"https:\/\/schema.org","@graph":[{"@type":"WebPage","@id":"https:\/\/vegaconsultants.no\/jobbsoker\/ledige-stillinger\/accountant-3004654\/","url":"https:\/\/vegaconsultants.no\/jobbsoker\/ledige-stillinger\/accountant-3004654\/","name":"Accountant - Vega Consultants","isPartOf":{"@id":"https:\/\/vegaconsultants.no\/#website"},"datePublished":"2026-03-25T08:12:56+00:00","breadcrumb":{"@id":"https:\/\/vegaconsultants.no\/jobbsoker\/ledige-stillinger\/accountant-3004654\/#breadcrumb"},"inLanguage":"en-GB","potentialAction":[{"@type":"ReadAction","target":["https:\/\/vegaconsultants.no\/jobbsoker\/ledige-stillinger\/accountant-3004654\/"]}]},{"@type":"BreadcrumbList","@id":"https:\/\/vegaconsultants.no\/jobbsoker\/ledige-stillinger\/accountant-3004654\/#breadcrumb","itemListElement":[{"@type":"ListItem","position":1,"name":"Home","item":"https:\/\/vegaconsultants.no\/"},{"@type":"ListItem","position":2,"name":"Jobbs\u00f8ker","item":"https:\/\/vegaconsultants.no\/jobbsoker\/"},{"@type":"ListItem","position":3,"name":"Ledige stillinger","item":"https:\/\/vegaconsultants.no\/jobbsoker\/ledige-stillinger\/"},{"@type":"ListItem","position":4,"name":"Accountant"}]},{"@type":"WebSite","@id":"https:\/\/vegaconsultants.no\/#website","url":"https:\/\/vegaconsultants.no\/","name":"Vega Consultants","description":"The right person for the right job","potentialAction":[{"@type":"SearchAction","target":{"@type":"EntryPoint","urlTemplate":"https:\/\/vegaconsultants.no\/?s={search_term_string}"},"query-input":{"@type":"PropertyValueSpecification","valueRequired":true,"valueName":"search_term_string"}}],"inLanguage":"en-GB"}]}},"_links":{"self":[{"href":"https:\/\/vegaconsultants.no\/en\/wp-json\/wp\/v2\/pages\/22754","targetHints":{"allow":["GET"]}}],"collection":[{"href":"https:\/\/vegaconsultants.no\/en\/wp-json\/wp\/v2\/pages"}],"about":[{"href":"https:\/\/vegaconsultants.no\/en\/wp-json\/wp\/v2\/types\/page"}],"author":[{"embeddable":true,"href":"https:\/\/vegaconsultants.no\/en\/wp-json\/wp\/v2\/users\/1"}],"replies":[{"embeddable":true,"href":"https:\/\/vegaconsultants.no\/en\/wp-json\/wp\/v2\/comments?post=22754"}],"version-history":[{"count":0,"href":"https:\/\/vegaconsultants.no\/en\/wp-json\/wp\/v2\/pages\/22754\/revisions"}],"up":[{"embeddable":true,"href":"https:\/\/vegaconsultants.no\/en\/wp-json\/wp\/v2\/pages\/4051"}],"wp:attachment":[{"href":"https:\/\/vegaconsultants.no\/en\/wp-json\/wp\/v2\/media?parent=22754"}],"curies":[{"name":"wp","href":"https:\/\/api.w.org\/{rel}","templated":true}]}}