{"id":22762,"date":"2026-04-05T23:13:05","date_gmt":"2026-04-05T21:13:05","guid":{"rendered":"https:\/\/vegaconsultants.no\/jobbsoker\/ledige-stillinger\/senior-integrity-engineer-3004656\/"},"modified":"2026-04-05T23:13:05","modified_gmt":"2026-04-05T21:13:05","slug":"senior-integrity-engineer-3004656","status":"publish","type":"page","link":"https:\/\/vegaconsultants.no\/en\/jobbsoker\/ledige-stillinger\/senior-integrity-engineer-3004656\/","title":{"rendered":"Senior Integrity Engineer"},"content":{"rendered":"<div class='vacancy-detail'>\n<div class='bold'>Vega Consultants AS<\/div>\n<div class='bold'>Senior Integrity Engineer<\/div>\n<div class='vacancy-body'>\n<p>Vi s\u00f8ker n\u00e5 en Senior Integrity Engineer konsulent. Dette er en teknisk administrativ stilling hvor det overordnede m\u00e5let er \u00e5 bidra til at strukturell integritet p\u00e5 feltene i drift, er effektivt overv\u00e5ket og styrt, med m\u00e5l om sikker drift og optimal produksjon.<\/p>\n<p><\/p>\n<h3>Job duties:<\/h3>\n<ul>\n<li>Responsible for risk-based management of structural integrity including updating RBA\/RBI plans (for inspection and monitoring) through evaluation of inspection results and changes that affect technical integrity<\/li>\n<li>Know the need for, role and design of the relevant barrier and that the performance of the barrier is maintained<\/li>\n<li>Knowledge of analyses that form the basis for the design of the barrier<\/li>\n<li>Contribute to discovery management for structures including evaluation of technical condition and barrier status, as well as risk assessment of the discoveries<\/li>\n<li>Assist in risk assessment of all reported FM needs related to structure<\/li>\n<li>Initiere og f\u00f8lge opp korrektive arbeidsordre, med definert behov basert p\u00e5 evaluering av inspeksjonsresultater og funn<\/li>\n<li>Gi input til relevante subsea-aktiviteter er meldt inn p\u00e5 asset aktivitetsplan<\/li>\n<li>Provide input to budget for integrity management<\/li>\n<li>Bidra med faglig disiplinst\u00f8tte innen struktur til resten av organisasjonen, inkludert prosjekt<\/li>\n<\/ul>\n<p><\/p>\n<h3>Qualifications:<\/h3>\n<ul>\n<li>Master&#039;s degree in structural (building) or marine construction<\/li>\n<li>Minimum 5 years of relevant experience<\/li>\n<li>Good knowledge of regulations and relevant industry standards<\/li>\n<li>Experience from operating facilities<\/li>\n<li>Fluent knowledge of English and Norwegian, both spoken and written.<\/li>\n<\/ul>\n<p><\/p>\n<p>Kontraktsperiode: 04.05.2026(etter avtale) &#8211; 31.05.2028<\/p>\n<p>Location: Stavanger<\/p>\n<p><\/p>\n<p>Please contact Kjersti Jonker, +47 97704446, kjersti.jonker@vegaconsultants.no for more information about the role.&nbsp;<\/p>\n<\/div>\n<div class='vega-button'><span><a href='https:\/\/secure.webtemp.no\/WebtempCVPortal\/startsession.aspx?page=stillingsingle&amp;k=169&amp;id_utleie=3004656'>More info\/search here<\/a><\/span><\/div>\n<p><\/p>\n<hr>\n<div>\n<h4>REFNR<\/h4>\n<p>403495<\/p><\/div>\n<div>\n<h4>POSITION TYPE<\/h4>\n<p>Full-time<br \/>Temporary position\/engagement<\/div>\n<div>\n<h4>APPLICATION DEADLINE<\/h4>\n<\/div>\n<div class='vacancy-consultant'>\n<h4>CONTACT PERSON(S)<\/h4>\n<div>Kjersti Jonker<\/div>\n<div>97 70 44 46<\/div>\n<div>kjersti.jonker@vegaconsultants.no<\/div>\n<\/div>\n<\/div>","protected":false},"excerpt":{"rendered":"<p>Vega Consultants AS Senior Integrity Engineer Vi s\u00f8ker n\u00e5 en Senior Integrity Engineer konsulent. Dette er en teknisk administrativ stilling hvor det overordnede m\u00e5let er \u00e5 bidra til at strukturell integritet p\u00e5 feltene i drift, er effektivt overv\u00e5ket og styrt, med m\u00e5l om sikker drift og optimal produksjon. Arbeidsoppgaver: Bidra til risikobasert styring av integritet [&hellip;]<\/p>\n","protected":false},"author":1,"featured_media":0,"parent":4051,"menu_order":0,"comment_status":"closed","ping_status":"closed","template":"","meta":{"_et_pb_use_builder":"","_et_pb_old_content":"","_et_gb_content_width":"","footnotes":""},"class_list":["post-22762","page","type-page","status-publish","hentry"],"yoast_head":"<!-- This site is optimized with the Yoast SEO plugin v27.4 - https:\/\/yoast.com\/product\/yoast-seo-wordpress\/ -->\n<title>Senior Integrity Engineer - Vega Consultants<\/title>\n<meta name=\"robots\" content=\"index, follow, max-snippet:-1, max-image-preview:large, max-video-preview:-1\" \/>\n<link rel=\"canonical\" href=\"https:\/\/vegaconsultants.no\/en\/jobbsoker\/ledige-stillinger\/senior-integrity-engineer-3004656\/\" \/>\n<meta property=\"og:locale\" content=\"en_GB\" \/>\n<meta property=\"og:type\" content=\"article\" \/>\n<meta property=\"og:title\" content=\"Senior Integrity Engineer - Vega Consultants\" \/>\n<meta property=\"og:description\" content=\"Vega Consultants AS Senior Integrity Engineer Vi s\u00f8ker n\u00e5 en Senior Integrity Engineer konsulent. Dette er en teknisk administrativ stilling hvor det overordnede m\u00e5let er \u00e5 bidra til at strukturell integritet p\u00e5 feltene i drift, er effektivt overv\u00e5ket og styrt, med m\u00e5l om sikker drift og optimal produksjon. Arbeidsoppgaver: Bidra til risikobasert styring av integritet [&hellip;]\" \/>\n<meta property=\"og:url\" content=\"https:\/\/vegaconsultants.no\/en\/jobbsoker\/ledige-stillinger\/senior-integrity-engineer-3004656\/\" \/>\n<meta property=\"og:site_name\" content=\"Vega Consultants\" \/>\n<meta name=\"twitter:card\" content=\"summary_large_image\" \/>\n<meta name=\"twitter:label1\" content=\"Estimated reading time\" \/>\n\t<meta name=\"twitter:data1\" content=\"1 minute\" \/>\n<script type=\"application\/ld+json\" class=\"yoast-schema-graph\">{\"@context\":\"https:\\\/\\\/schema.org\",\"@graph\":[{\"@type\":\"WebPage\",\"@id\":\"https:\\\/\\\/vegaconsultants.no\\\/jobbsoker\\\/ledige-stillinger\\\/senior-integrity-engineer-3004656\\\/\",\"url\":\"https:\\\/\\\/vegaconsultants.no\\\/jobbsoker\\\/ledige-stillinger\\\/senior-integrity-engineer-3004656\\\/\",\"name\":\"Senior Integrity Engineer - Vega Consultants\",\"isPartOf\":{\"@id\":\"https:\\\/\\\/vegaconsultants.no\\\/#website\"},\"datePublished\":\"2026-04-05T21:13:05+00:00\",\"breadcrumb\":{\"@id\":\"https:\\\/\\\/vegaconsultants.no\\\/jobbsoker\\\/ledige-stillinger\\\/senior-integrity-engineer-3004656\\\/#breadcrumb\"},\"inLanguage\":\"en-GB\",\"potentialAction\":[{\"@type\":\"ReadAction\",\"target\":[\"https:\\\/\\\/vegaconsultants.no\\\/jobbsoker\\\/ledige-stillinger\\\/senior-integrity-engineer-3004656\\\/\"]}]},{\"@type\":\"BreadcrumbList\",\"@id\":\"https:\\\/\\\/vegaconsultants.no\\\/jobbsoker\\\/ledige-stillinger\\\/senior-integrity-engineer-3004656\\\/#breadcrumb\",\"itemListElement\":[{\"@type\":\"ListItem\",\"position\":1,\"name\":\"Home\",\"item\":\"https:\\\/\\\/vegaconsultants.no\\\/\"},{\"@type\":\"ListItem\",\"position\":2,\"name\":\"Jobbs\u00f8ker\",\"item\":\"https:\\\/\\\/vegaconsultants.no\\\/jobbsoker\\\/\"},{\"@type\":\"ListItem\",\"position\":3,\"name\":\"Ledige stillinger\",\"item\":\"https:\\\/\\\/vegaconsultants.no\\\/jobbsoker\\\/ledige-stillinger\\\/\"},{\"@type\":\"ListItem\",\"position\":4,\"name\":\"Senior Integrity Engineer\"}]},{\"@type\":\"WebSite\",\"@id\":\"https:\\\/\\\/vegaconsultants.no\\\/#website\",\"url\":\"https:\\\/\\\/vegaconsultants.no\\\/\",\"name\":\"Vega Consultants\",\"description\":\"Rett person p\u00e5 rett plass\",\"potentialAction\":[{\"@type\":\"SearchAction\",\"target\":{\"@type\":\"EntryPoint\",\"urlTemplate\":\"https:\\\/\\\/vegaconsultants.no\\\/?s={search_term_string}\"},\"query-input\":{\"@type\":\"PropertyValueSpecification\",\"valueRequired\":true,\"valueName\":\"search_term_string\"}}],\"inLanguage\":\"en-GB\"}]}<\/script>\n<!-- \/ Yoast SEO plugin. -->","yoast_head_json":{"title":"Senior Integrity Engineer - Vega Consultants","robots":{"index":"index","follow":"follow","max-snippet":"max-snippet:-1","max-image-preview":"max-image-preview:large","max-video-preview":"max-video-preview:-1"},"canonical":"https:\/\/vegaconsultants.no\/en\/jobbsoker\/ledige-stillinger\/senior-integrity-engineer-3004656\/","og_locale":"en_GB","og_type":"article","og_title":"Senior Integrity Engineer - Vega Consultants","og_description":"Vega Consultants AS Senior Integrity Engineer Vi s\u00f8ker n\u00e5 en Senior Integrity Engineer konsulent. Dette er en teknisk administrativ stilling hvor det overordnede m\u00e5let er \u00e5 bidra til at strukturell integritet p\u00e5 feltene i drift, er effektivt overv\u00e5ket og styrt, med m\u00e5l om sikker drift og optimal produksjon. Arbeidsoppgaver: Bidra til risikobasert styring av integritet [&hellip;]","og_url":"https:\/\/vegaconsultants.no\/en\/jobbsoker\/ledige-stillinger\/senior-integrity-engineer-3004656\/","og_site_name":"Vega Consultants","twitter_card":"summary_large_image","twitter_misc":{"Estimated reading time":"1 minute"},"schema":{"@context":"https:\/\/schema.org","@graph":[{"@type":"WebPage","@id":"https:\/\/vegaconsultants.no\/jobbsoker\/ledige-stillinger\/senior-integrity-engineer-3004656\/","url":"https:\/\/vegaconsultants.no\/jobbsoker\/ledige-stillinger\/senior-integrity-engineer-3004656\/","name":"Senior Integrity Engineer - Vega Consultants","isPartOf":{"@id":"https:\/\/vegaconsultants.no\/#website"},"datePublished":"2026-04-05T21:13:05+00:00","breadcrumb":{"@id":"https:\/\/vegaconsultants.no\/jobbsoker\/ledige-stillinger\/senior-integrity-engineer-3004656\/#breadcrumb"},"inLanguage":"en-GB","potentialAction":[{"@type":"ReadAction","target":["https:\/\/vegaconsultants.no\/jobbsoker\/ledige-stillinger\/senior-integrity-engineer-3004656\/"]}]},{"@type":"BreadcrumbList","@id":"https:\/\/vegaconsultants.no\/jobbsoker\/ledige-stillinger\/senior-integrity-engineer-3004656\/#breadcrumb","itemListElement":[{"@type":"ListItem","position":1,"name":"Home","item":"https:\/\/vegaconsultants.no\/"},{"@type":"ListItem","position":2,"name":"Jobbs\u00f8ker","item":"https:\/\/vegaconsultants.no\/jobbsoker\/"},{"@type":"ListItem","position":3,"name":"Ledige stillinger","item":"https:\/\/vegaconsultants.no\/jobbsoker\/ledige-stillinger\/"},{"@type":"ListItem","position":4,"name":"Senior Integrity Engineer"}]},{"@type":"WebSite","@id":"https:\/\/vegaconsultants.no\/#website","url":"https:\/\/vegaconsultants.no\/","name":"Vega Consultants","description":"The right person for the right job","potentialAction":[{"@type":"SearchAction","target":{"@type":"EntryPoint","urlTemplate":"https:\/\/vegaconsultants.no\/?s={search_term_string}"},"query-input":{"@type":"PropertyValueSpecification","valueRequired":true,"valueName":"search_term_string"}}],"inLanguage":"en-GB"}]}},"_links":{"self":[{"href":"https:\/\/vegaconsultants.no\/en\/wp-json\/wp\/v2\/pages\/22762","targetHints":{"allow":["GET"]}}],"collection":[{"href":"https:\/\/vegaconsultants.no\/en\/wp-json\/wp\/v2\/pages"}],"about":[{"href":"https:\/\/vegaconsultants.no\/en\/wp-json\/wp\/v2\/types\/page"}],"author":[{"embeddable":true,"href":"https:\/\/vegaconsultants.no\/en\/wp-json\/wp\/v2\/users\/1"}],"replies":[{"embeddable":true,"href":"https:\/\/vegaconsultants.no\/en\/wp-json\/wp\/v2\/comments?post=22762"}],"version-history":[{"count":0,"href":"https:\/\/vegaconsultants.no\/en\/wp-json\/wp\/v2\/pages\/22762\/revisions"}],"up":[{"embeddable":true,"href":"https:\/\/vegaconsultants.no\/en\/wp-json\/wp\/v2\/pages\/4051"}],"wp:attachment":[{"href":"https:\/\/vegaconsultants.no\/en\/wp-json\/wp\/v2\/media?parent=22762"}],"curies":[{"name":"wp","href":"https:\/\/api.w.org\/{rel}","templated":true}]}}