{"id":22795,"date":"2026-04-13T11:12:49","date_gmt":"2026-04-13T09:12:49","guid":{"rendered":"https:\/\/vegaconsultants.no\/jobbsoker\/ledige-stillinger\/iso-ingenior-3004664\/"},"modified":"2026-04-13T11:12:49","modified_gmt":"2026-04-13T09:12:49","slug":"iso-ingenior-3004664","status":"publish","type":"page","link":"https:\/\/vegaconsultants.no\/en\/jobbsoker\/ledige-stillinger\/iso-ingenior-3004664\/","title":{"rendered":"ISO Ingeni\u00f8r"},"content":{"rendered":"<div class='vacancy-detail'>\n<div class='bold'>Vega Consultants AS<\/div>\n<div class='bold'>ISO Ingeni\u00f8r<\/div>\n<div class='vacancy-body'>\n<p>Vi s\u00f8ker en ISO Ingeni\u00f8r konsulent for langvarig oppdrag hos operat\u00f8r.\u00a0<\/p>\n<h3><\/h3>\n<h3>Arbeidsoppgaver:<\/h3>\n<ul>\n<li>Sikre at teknisk integritet relatert til overflate og isolasjon p\u00e5 sitt\/sine respektive asset, er effektivt planlagt, styrt og gjennomf\u00f8rt mht tid og kostnader, med m\u00e5l om sikker drift og optimal produksjon.<\/li>\n<li>Sikre koordinering av Isolasjon, Stillas og Overflate (ISO) aktivitetssettet og effektiv utnyttelse av ISO ressurser.<\/li>\n<li>Forbedre digitale verkt\u00f8y og rammeverk knyttet til fagomr\u00e5det.<\/li>\n<li>St\u00f8tte vedlikeholds- og prosjektteam med fagkompetanse innen disiplinen.<\/li>\n<li>Iverksette n\u00f8dvendige tiltak for \u00e5 etablere nye arbeidsmetoder.<\/li>\n<li>Forberede overlevering fra prosjektorganisasjonen. Sikre involvering og kvalitet i overleveringen til drift.<\/li>\n<li>Etablere detaljert kunnskap innen fagomr\u00e5det. Dette kan inkludere verftsbes\u00f8k, og noe reisevirksomhet m\u00e5 derfor p\u00e5regnes.<\/li>\n<li>Delta i myndighetsverifikasjoner dersom n\u00f8dvendig.<\/li>\n<li>Utarbeide budsjett i henhold til modell for budsjettstyring.<\/li>\n<li>Ut\u00f8ve rolle som Teknisk Fagansvarlig (TFA) for ISO i asset.<\/li>\n<li>Overordnet ansvar for planlegging av ISO-aktiviteter innenfor definert driftsomr\u00e5de.<\/li>\n<li>Ansvarlig for at ISO-aktiviteter er meldt inn til asset aktivitetsplan.<\/li>\n<li>Trekke til seg og utsette jobber i dialog med integritetsingeni\u00f8r.<\/li>\n<li>Samhandle med andre relevante fag i planleggingsprosessen.<\/li>\n<li>Koordinere og samkj\u00f8re bestillinger fra andre disipliner der det er behov for ekstra personell.<\/li>\n<li>F\u00f8lge opp ISO-leveransene offshore.<\/li>\n<li>Sikre at isolasjon- og overflatejobber blir utf\u00f8rt i henhold til plan, f\u00f8lge opp tidsfrister og initiere avviksbehandling ved behov.<\/li>\n<li>Godkjenne personell-kvalifikasjoner for planlagte ISO-aktiviteter.<\/li>\n<li>F\u00f8lge opp progress og rapportere avvik.<\/li>\n<li>Sikre behandling av endringsforslag ift avtalte oppdrag.<\/li>\n<li>Oppf\u00f8lging av timeforbruk, materiell, utstyr og kostnader.<\/li>\n<li>Garantioppganger, initiere og f\u00f8lge opp.<\/li>\n<li>Oppf\u00f8lging av Synergisaker relatert til ISO.<\/li>\n<li>Bidra med faglig disiplinst\u00f8tte innen ISO til resten av organisasjonen.<\/li>\n<li>Monitorere relevante KPI\u2019er innenfor ansvarsomr\u00e5det.<\/li>\n<\/ul>\n<p><\/p>\n<h3>Kvalifikasjoner:<\/h3>\n<ul>\n<li>Master\/Bachelor of Science grad innen relevant disiplin (Material, Kjemi), evt fagbrev innen relevant disiplin og dokumentert lang\/relevant erfaring med planlegging\/ledelse av ISO aktiviteter.<\/li>\n<li>Minimum 5 \u00e5rs relevant erfaring.<\/li>\n<\/ul>\n<p><\/p>\n<p>Kontraktsperiode: 04.05.26(etter avtale)-29.12.2028<\/p>\n<p>Arbeidslokasjon: Stavanger<\/p>\n<p><\/p>\n<p>Ta gjerne kontakt med Kjersti Jonker, +47 97704446, kjersti.jonker@vegaconsultants.no, for mer informasjon om rollen.\u00a0<\/p>\n<\/div>\n<div class='vega-button'><span><a href='https:\/\/secure.webtemp.no\/WebtempCVPortal\/startsession.aspx?page=stillingsingle&amp;k=169&amp;id_utleie=3004664'>Mer info\/s\u00f8k her<\/a><\/span><\/div>\n<p><\/p>\n<hr>\n<div>\n<h4>REFNR<\/h4>\n<p>403502<\/p><\/div>\n<div>\n<h4>STILLINGSTYPE<\/h4>\n<p>Heltid<br \/>Vikariat\/engasjement<\/div>\n<div>\n<h4>S\u00d8KNADSFRIST<\/h4>\n<\/div>\n<div class='vacancy-consultant'>\n<h4>KONTAKTPERSON(ER)<\/h4>\n<div>Kjersti Jonker<\/div>\n<div>97 70 44 46<\/div>\n<div>kjersti.jonker@vegaconsultants.no<\/div>\n<\/div>\n<\/div>","protected":false},"excerpt":{"rendered":"<p>Vega Consultants AS ISO Ingeni\u00f8r Vi s\u00f8ker en ISO Ingeni\u00f8r konsulent for langvarig oppdrag hos operat\u00f8r.\u00a0 Arbeidsoppgaver: Sikre at teknisk integritet relatert til overflate og isolasjon p\u00e5 sitt\/sine respektive asset, er effektivt planlagt, styrt og gjennomf\u00f8rt mht tid og kostnader, med m\u00e5l om sikker drift og optimal produksjon. Sikre koordinering av Isolasjon, Stillas og Overflate [&hellip;]<\/p>\n","protected":false},"author":1,"featured_media":0,"parent":4051,"menu_order":0,"comment_status":"closed","ping_status":"closed","template":"","meta":{"_et_pb_use_builder":"","_et_pb_old_content":"","_et_gb_content_width":"","footnotes":""},"class_list":["post-22795","page","type-page","status-publish","hentry"],"yoast_head":"<!-- This site is optimized with the Yoast SEO plugin v27.3 - https:\/\/yoast.com\/product\/yoast-seo-wordpress\/ -->\n<title>ISO Ingeni\u00f8r - Vega Consultants<\/title>\n<meta name=\"robots\" content=\"index, follow, max-snippet:-1, max-image-preview:large, max-video-preview:-1\" \/>\n<link rel=\"canonical\" href=\"https:\/\/vegaconsultants.no\/en\/jobbsoker\/ledige-stillinger\/iso-ingenior-3004664\/\" \/>\n<meta property=\"og:locale\" content=\"en_GB\" \/>\n<meta property=\"og:type\" content=\"article\" \/>\n<meta property=\"og:title\" content=\"ISO Ingeni\u00f8r - Vega Consultants\" \/>\n<meta property=\"og:description\" content=\"Vega Consultants AS ISO Ingeni\u00f8r Vi s\u00f8ker en ISO Ingeni\u00f8r konsulent for langvarig oppdrag hos operat\u00f8r.\u00a0 Arbeidsoppgaver: Sikre at teknisk integritet relatert til overflate og isolasjon p\u00e5 sitt\/sine respektive asset, er effektivt planlagt, styrt og gjennomf\u00f8rt mht tid og kostnader, med m\u00e5l om sikker drift og optimal produksjon. Sikre koordinering av Isolasjon, Stillas og Overflate [&hellip;]\" \/>\n<meta property=\"og:url\" content=\"https:\/\/vegaconsultants.no\/en\/jobbsoker\/ledige-stillinger\/iso-ingenior-3004664\/\" \/>\n<meta property=\"og:site_name\" content=\"Vega Consultants\" \/>\n<meta name=\"twitter:card\" content=\"summary_large_image\" \/>\n<meta name=\"twitter:label1\" content=\"Estimated reading time\" \/>\n\t<meta name=\"twitter:data1\" content=\"2 minutes\" \/>\n<script type=\"application\/ld+json\" class=\"yoast-schema-graph\">{\"@context\":\"https:\\\/\\\/schema.org\",\"@graph\":[{\"@type\":\"WebPage\",\"@id\":\"https:\\\/\\\/vegaconsultants.no\\\/jobbsoker\\\/ledige-stillinger\\\/iso-ingenior-3004664\\\/\",\"url\":\"https:\\\/\\\/vegaconsultants.no\\\/jobbsoker\\\/ledige-stillinger\\\/iso-ingenior-3004664\\\/\",\"name\":\"ISO Ingeni\u00f8r - Vega Consultants\",\"isPartOf\":{\"@id\":\"https:\\\/\\\/vegaconsultants.no\\\/#website\"},\"datePublished\":\"2026-04-13T09:12:49+00:00\",\"breadcrumb\":{\"@id\":\"https:\\\/\\\/vegaconsultants.no\\\/jobbsoker\\\/ledige-stillinger\\\/iso-ingenior-3004664\\\/#breadcrumb\"},\"inLanguage\":\"en-GB\",\"potentialAction\":[{\"@type\":\"ReadAction\",\"target\":[\"https:\\\/\\\/vegaconsultants.no\\\/jobbsoker\\\/ledige-stillinger\\\/iso-ingenior-3004664\\\/\"]}]},{\"@type\":\"BreadcrumbList\",\"@id\":\"https:\\\/\\\/vegaconsultants.no\\\/jobbsoker\\\/ledige-stillinger\\\/iso-ingenior-3004664\\\/#breadcrumb\",\"itemListElement\":[{\"@type\":\"ListItem\",\"position\":1,\"name\":\"Home\",\"item\":\"https:\\\/\\\/vegaconsultants.no\\\/\"},{\"@type\":\"ListItem\",\"position\":2,\"name\":\"Jobbs\u00f8ker\",\"item\":\"https:\\\/\\\/vegaconsultants.no\\\/jobbsoker\\\/\"},{\"@type\":\"ListItem\",\"position\":3,\"name\":\"Ledige stillinger\",\"item\":\"https:\\\/\\\/vegaconsultants.no\\\/jobbsoker\\\/ledige-stillinger\\\/\"},{\"@type\":\"ListItem\",\"position\":4,\"name\":\"ISO Ingeni\u00f8r\"}]},{\"@type\":\"WebSite\",\"@id\":\"https:\\\/\\\/vegaconsultants.no\\\/#website\",\"url\":\"https:\\\/\\\/vegaconsultants.no\\\/\",\"name\":\"Vega Consultants\",\"description\":\"Rett person p\u00e5 rett plass\",\"potentialAction\":[{\"@type\":\"SearchAction\",\"target\":{\"@type\":\"EntryPoint\",\"urlTemplate\":\"https:\\\/\\\/vegaconsultants.no\\\/?s={search_term_string}\"},\"query-input\":{\"@type\":\"PropertyValueSpecification\",\"valueRequired\":true,\"valueName\":\"search_term_string\"}}],\"inLanguage\":\"en-GB\"}]}<\/script>\n<!-- \/ Yoast SEO plugin. -->","yoast_head_json":{"title":"ISO Ingeni\u00f8r - Vega Consultants","robots":{"index":"index","follow":"follow","max-snippet":"max-snippet:-1","max-image-preview":"max-image-preview:large","max-video-preview":"max-video-preview:-1"},"canonical":"https:\/\/vegaconsultants.no\/en\/jobbsoker\/ledige-stillinger\/iso-ingenior-3004664\/","og_locale":"en_GB","og_type":"article","og_title":"ISO Ingeni\u00f8r - Vega Consultants","og_description":"Vega Consultants AS ISO Ingeni\u00f8r Vi s\u00f8ker en ISO Ingeni\u00f8r konsulent for langvarig oppdrag hos operat\u00f8r.\u00a0 Arbeidsoppgaver: Sikre at teknisk integritet relatert til overflate og isolasjon p\u00e5 sitt\/sine respektive asset, er effektivt planlagt, styrt og gjennomf\u00f8rt mht tid og kostnader, med m\u00e5l om sikker drift og optimal produksjon. Sikre koordinering av Isolasjon, Stillas og Overflate [&hellip;]","og_url":"https:\/\/vegaconsultants.no\/en\/jobbsoker\/ledige-stillinger\/iso-ingenior-3004664\/","og_site_name":"Vega Consultants","twitter_card":"summary_large_image","twitter_misc":{"Estimated reading time":"2 minutes"},"schema":{"@context":"https:\/\/schema.org","@graph":[{"@type":"WebPage","@id":"https:\/\/vegaconsultants.no\/jobbsoker\/ledige-stillinger\/iso-ingenior-3004664\/","url":"https:\/\/vegaconsultants.no\/jobbsoker\/ledige-stillinger\/iso-ingenior-3004664\/","name":"ISO Ingeni\u00f8r - Vega Consultants","isPartOf":{"@id":"https:\/\/vegaconsultants.no\/#website"},"datePublished":"2026-04-13T09:12:49+00:00","breadcrumb":{"@id":"https:\/\/vegaconsultants.no\/jobbsoker\/ledige-stillinger\/iso-ingenior-3004664\/#breadcrumb"},"inLanguage":"en-GB","potentialAction":[{"@type":"ReadAction","target":["https:\/\/vegaconsultants.no\/jobbsoker\/ledige-stillinger\/iso-ingenior-3004664\/"]}]},{"@type":"BreadcrumbList","@id":"https:\/\/vegaconsultants.no\/jobbsoker\/ledige-stillinger\/iso-ingenior-3004664\/#breadcrumb","itemListElement":[{"@type":"ListItem","position":1,"name":"Home","item":"https:\/\/vegaconsultants.no\/"},{"@type":"ListItem","position":2,"name":"Jobbs\u00f8ker","item":"https:\/\/vegaconsultants.no\/jobbsoker\/"},{"@type":"ListItem","position":3,"name":"Ledige stillinger","item":"https:\/\/vegaconsultants.no\/jobbsoker\/ledige-stillinger\/"},{"@type":"ListItem","position":4,"name":"ISO Ingeni\u00f8r"}]},{"@type":"WebSite","@id":"https:\/\/vegaconsultants.no\/#website","url":"https:\/\/vegaconsultants.no\/","name":"Vega Consultants","description":"The right person for the right job","potentialAction":[{"@type":"SearchAction","target":{"@type":"EntryPoint","urlTemplate":"https:\/\/vegaconsultants.no\/?s={search_term_string}"},"query-input":{"@type":"PropertyValueSpecification","valueRequired":true,"valueName":"search_term_string"}}],"inLanguage":"en-GB"}]}},"_links":{"self":[{"href":"https:\/\/vegaconsultants.no\/en\/wp-json\/wp\/v2\/pages\/22795","targetHints":{"allow":["GET"]}}],"collection":[{"href":"https:\/\/vegaconsultants.no\/en\/wp-json\/wp\/v2\/pages"}],"about":[{"href":"https:\/\/vegaconsultants.no\/en\/wp-json\/wp\/v2\/types\/page"}],"author":[{"embeddable":true,"href":"https:\/\/vegaconsultants.no\/en\/wp-json\/wp\/v2\/users\/1"}],"replies":[{"embeddable":true,"href":"https:\/\/vegaconsultants.no\/en\/wp-json\/wp\/v2\/comments?post=22795"}],"version-history":[{"count":0,"href":"https:\/\/vegaconsultants.no\/en\/wp-json\/wp\/v2\/pages\/22795\/revisions"}],"up":[{"embeddable":true,"href":"https:\/\/vegaconsultants.no\/en\/wp-json\/wp\/v2\/pages\/4051"}],"wp:attachment":[{"href":"https:\/\/vegaconsultants.no\/en\/wp-json\/wp\/v2\/media?parent=22795"}],"curies":[{"name":"wp","href":"https:\/\/api.w.org\/{rel}","templated":true}]}}