{"id":22839,"date":"2026-05-07T11:12:32","date_gmt":"2026-05-07T09:12:32","guid":{"rendered":"https:\/\/vegaconsultants.no\/jobbsoker\/ledige-stillinger\/electro-engineer-3004688\/"},"modified":"2026-05-07T11:12:32","modified_gmt":"2026-05-07T09:12:32","slug":"electro-engineer-3004688","status":"publish","type":"page","link":"https:\/\/vegaconsultants.no\/en\/jobbsoker\/ledige-stillinger\/electro-engineer-3004688\/","title":{"rendered":"Electrical Engineer"},"content":{"rendered":"<div class='vacancy-detail'>\n<div class='bold'>Vega Consultants AS<\/div>\n<div class='bold'>Electrical Engineer<\/div>\n<div class='vacancy-body'>\n<p><strong><em>For kunde leter vi etter en elektro ingeni\u00f8r med brennende interesse for hybride l\u00f8sninger innen gr\u00f8nnere og mer b\u00e6rekraftig fremtid, som ser muligheter der andre ser hindringer. Du vil bli en viktig del av et innovativt fagmilj\u00f8 og v\u00e6re med p\u00e5 \u00e5 utvikle nyskapende og fremtidsrettede l\u00f8sninger. Du vil f\u00e5 ansvar og store utviklingsmuligheter i et selskap der vi har det g\u00f8y p\u00e5 jobb!<\/em><\/strong><\/p>\n<h3><strong> Stillingens viktigste oppgaver:<\/strong><\/h3>\n<ul>\n<li>Utforme l\u00f8sningsforslag basert p\u00e5 v\u00e5re produkter og systemer<\/li>\n<li>Utvikle, videreutvikle og forvalte v\u00e5re produkter<\/li>\n<li>Bidra innen probleml\u00f8sning og kontinuerlig forbedring av v\u00e5re l\u00f8sninger<\/li>\n<li>Delta i prosjektleveranser til kunder<\/li>\n<li>Utarbeidelse teknisk dokumentasjon<\/li>\n<\/ul>\n<h3>&nbsp;<strong>\u00d8nskede kvalifikasjoner:<\/strong><\/h3>\n<ul>\n<li>Erfaring med design og beregninger av elektrotekniske l\u00f8sninger<\/li>\n<li>Kjennskap til standarder og regelverk innen elektro og landstr\u00f8m<\/li>\n<li>Erfaring med frekvensomformere er en fordel<\/li>\n<li>Erfaring med brytere, relelogikk og tavlesystem er en fordel<\/li>\n<li>Kjennskap til ETAP og\/eller andre beregningsverkt\u00f8y<\/li>\n<li>Relevant utdannelse fra h\u00f8gskole\/universitet innen elektro eller elkraft.<\/li>\n<li>Lang og relevant erfaring med fagbrev og teknisk fagskole kan kompensere for manglende formell utdannelse.<\/li>\n<li>Minimum 2 \u00e5rs erfaring fra tilsvarende stilling<\/li>\n<\/ul>\n<h3><strong>Experience:<\/strong><\/h3>\n<ul>\n<li>Minimum 2 \u00e5rs erfaring fra tilsvarende stilling<\/li>\n<\/ul>\n<h3><strong> Personal characteristics:<\/strong><\/h3>\n<ul>\n<li>En brennende interesse for faget<\/li>\n<li>N\u00f8yaktig, effektiv og resultatorientert<\/li>\n<li>Selvdreven og glad i utfordringer og ansvar<\/li>\n<li>Nysgjerrig og nytenkende med god oversikt over utviklingen innen fagomr\u00e5det<\/li>\n<li>Gode samarbeid og kommunikasjonsevner<\/li>\n<\/ul>\n<p><strong><em>For more information about this position, please contact Grethe Borg on 905 21 929.<\/em><\/strong><\/p>\n<\/div>\n<div class='vega-button'><span><a href='https:\/\/secure.webtemp.no\/WebtempCVPortal\/startsession.aspx?page=stillingsingle&amp;k=169&amp;id_utleie=3004688'>More info\/search here<\/a><\/span><\/div>\n<p><\/p>\n<hr>\n<div>\n<h4>REFNR<\/h4>\n<p>403523<\/p><\/div>\n<div>\n<h4>POSITION TYPE<\/h4>\n<p>Full-time<br \/>Temporary position\/engagement<\/div>\n<div>\n<h4>APPLICATION DEADLINE<\/h4>\n<p>start-up by appointment<\/p><\/div>\n<div class='vacancy-consultant'>\n<h4>CONTACT PERSON(S)<\/h4>\n<div>Grethe Borg<\/div>\n<div>90 52 19 29<\/div>\n<div>grethe.borg@vegaconsultants.no<\/div>\n<\/div>\n<\/div>","protected":false},"excerpt":{"rendered":"<p>Vega Consultants AS Electro Engineer For kunde leter vi etter en elektro ingeni\u00f8r med brennende interesse for hybride l\u00f8sninger innen gr\u00f8nnere og mer b\u00e6rekraftig fremtid, som ser muligheter der andre ser hindringer. Du vil bli en viktig del av et innovativt fagmilj\u00f8 og v\u00e6re med p\u00e5 \u00e5 utvikle nyskapende og fremtidsrettede l\u00f8sninger. Du vil f\u00e5 [&hellip;]<\/p>\n","protected":false},"author":1,"featured_media":0,"parent":4051,"menu_order":0,"comment_status":"closed","ping_status":"closed","template":"","meta":{"_et_pb_use_builder":"","_et_pb_old_content":"","_et_gb_content_width":"","footnotes":""},"class_list":["post-22839","page","type-page","status-publish","hentry"],"yoast_head":"<!-- This site is optimized with the Yoast SEO plugin v27.4 - https:\/\/yoast.com\/product\/yoast-seo-wordpress\/ -->\n<title>Electro Engineer - Vega Consultants<\/title>\n<meta name=\"robots\" content=\"index, follow, max-snippet:-1, max-image-preview:large, max-video-preview:-1\" \/>\n<link rel=\"canonical\" href=\"https:\/\/vegaconsultants.no\/en\/jobbsoker\/ledige-stillinger\/electro-engineer-3004688\/\" \/>\n<meta property=\"og:locale\" content=\"en_GB\" \/>\n<meta property=\"og:type\" content=\"article\" \/>\n<meta property=\"og:title\" content=\"Electro Engineer - Vega Consultants\" \/>\n<meta property=\"og:description\" content=\"Vega Consultants AS Electro Engineer For kunde leter vi etter en elektro ingeni\u00f8r med brennende interesse for hybride l\u00f8sninger innen gr\u00f8nnere og mer b\u00e6rekraftig fremtid, som ser muligheter der andre ser hindringer. Du vil bli en viktig del av et innovativt fagmilj\u00f8 og v\u00e6re med p\u00e5 \u00e5 utvikle nyskapende og fremtidsrettede l\u00f8sninger. Du vil f\u00e5 [&hellip;]\" \/>\n<meta property=\"og:url\" content=\"https:\/\/vegaconsultants.no\/en\/jobbsoker\/ledige-stillinger\/electro-engineer-3004688\/\" \/>\n<meta property=\"og:site_name\" content=\"Vega Consultants\" \/>\n<meta name=\"twitter:card\" content=\"summary_large_image\" \/>\n<meta name=\"twitter:label1\" content=\"Estimated reading time\" \/>\n\t<meta name=\"twitter:data1\" content=\"1 minute\" \/>\n<script type=\"application\/ld+json\" class=\"yoast-schema-graph\">{\"@context\":\"https:\\\/\\\/schema.org\",\"@graph\":[{\"@type\":\"WebPage\",\"@id\":\"https:\\\/\\\/vegaconsultants.no\\\/jobbsoker\\\/ledige-stillinger\\\/electro-engineer-3004688\\\/\",\"url\":\"https:\\\/\\\/vegaconsultants.no\\\/jobbsoker\\\/ledige-stillinger\\\/electro-engineer-3004688\\\/\",\"name\":\"Electro Engineer - Vega Consultants\",\"isPartOf\":{\"@id\":\"https:\\\/\\\/vegaconsultants.no\\\/#website\"},\"datePublished\":\"2026-05-07T09:12:32+00:00\",\"breadcrumb\":{\"@id\":\"https:\\\/\\\/vegaconsultants.no\\\/jobbsoker\\\/ledige-stillinger\\\/electro-engineer-3004688\\\/#breadcrumb\"},\"inLanguage\":\"en-GB\",\"potentialAction\":[{\"@type\":\"ReadAction\",\"target\":[\"https:\\\/\\\/vegaconsultants.no\\\/jobbsoker\\\/ledige-stillinger\\\/electro-engineer-3004688\\\/\"]}]},{\"@type\":\"BreadcrumbList\",\"@id\":\"https:\\\/\\\/vegaconsultants.no\\\/jobbsoker\\\/ledige-stillinger\\\/electro-engineer-3004688\\\/#breadcrumb\",\"itemListElement\":[{\"@type\":\"ListItem\",\"position\":1,\"name\":\"Home\",\"item\":\"https:\\\/\\\/vegaconsultants.no\\\/\"},{\"@type\":\"ListItem\",\"position\":2,\"name\":\"Jobbs\u00f8ker\",\"item\":\"https:\\\/\\\/vegaconsultants.no\\\/jobbsoker\\\/\"},{\"@type\":\"ListItem\",\"position\":3,\"name\":\"Ledige stillinger\",\"item\":\"https:\\\/\\\/vegaconsultants.no\\\/jobbsoker\\\/ledige-stillinger\\\/\"},{\"@type\":\"ListItem\",\"position\":4,\"name\":\"Electro Engineer\"}]},{\"@type\":\"WebSite\",\"@id\":\"https:\\\/\\\/vegaconsultants.no\\\/#website\",\"url\":\"https:\\\/\\\/vegaconsultants.no\\\/\",\"name\":\"Vega Consultants\",\"description\":\"Rett person p\u00e5 rett plass\",\"potentialAction\":[{\"@type\":\"SearchAction\",\"target\":{\"@type\":\"EntryPoint\",\"urlTemplate\":\"https:\\\/\\\/vegaconsultants.no\\\/?s={search_term_string}\"},\"query-input\":{\"@type\":\"PropertyValueSpecification\",\"valueRequired\":true,\"valueName\":\"search_term_string\"}}],\"inLanguage\":\"en-GB\"}]}<\/script>\n<!-- \/ Yoast SEO plugin. -->","yoast_head_json":{"title":"Electro Engineer - Vega Consultants","robots":{"index":"index","follow":"follow","max-snippet":"max-snippet:-1","max-image-preview":"max-image-preview:large","max-video-preview":"max-video-preview:-1"},"canonical":"https:\/\/vegaconsultants.no\/en\/jobbsoker\/ledige-stillinger\/electro-engineer-3004688\/","og_locale":"en_GB","og_type":"article","og_title":"Electro Engineer - Vega Consultants","og_description":"Vega Consultants AS Electro Engineer For kunde leter vi etter en elektro ingeni\u00f8r med brennende interesse for hybride l\u00f8sninger innen gr\u00f8nnere og mer b\u00e6rekraftig fremtid, som ser muligheter der andre ser hindringer. Du vil bli en viktig del av et innovativt fagmilj\u00f8 og v\u00e6re med p\u00e5 \u00e5 utvikle nyskapende og fremtidsrettede l\u00f8sninger. Du vil f\u00e5 [&hellip;]","og_url":"https:\/\/vegaconsultants.no\/en\/jobbsoker\/ledige-stillinger\/electro-engineer-3004688\/","og_site_name":"Vega Consultants","twitter_card":"summary_large_image","twitter_misc":{"Estimated reading time":"1 minute"},"schema":{"@context":"https:\/\/schema.org","@graph":[{"@type":"WebPage","@id":"https:\/\/vegaconsultants.no\/jobbsoker\/ledige-stillinger\/electro-engineer-3004688\/","url":"https:\/\/vegaconsultants.no\/jobbsoker\/ledige-stillinger\/electro-engineer-3004688\/","name":"Electro Engineer - Vega Consultants","isPartOf":{"@id":"https:\/\/vegaconsultants.no\/#website"},"datePublished":"2026-05-07T09:12:32+00:00","breadcrumb":{"@id":"https:\/\/vegaconsultants.no\/jobbsoker\/ledige-stillinger\/electro-engineer-3004688\/#breadcrumb"},"inLanguage":"en-GB","potentialAction":[{"@type":"ReadAction","target":["https:\/\/vegaconsultants.no\/jobbsoker\/ledige-stillinger\/electro-engineer-3004688\/"]}]},{"@type":"BreadcrumbList","@id":"https:\/\/vegaconsultants.no\/jobbsoker\/ledige-stillinger\/electro-engineer-3004688\/#breadcrumb","itemListElement":[{"@type":"ListItem","position":1,"name":"Home","item":"https:\/\/vegaconsultants.no\/"},{"@type":"ListItem","position":2,"name":"Jobbs\u00f8ker","item":"https:\/\/vegaconsultants.no\/jobbsoker\/"},{"@type":"ListItem","position":3,"name":"Ledige stillinger","item":"https:\/\/vegaconsultants.no\/jobbsoker\/ledige-stillinger\/"},{"@type":"ListItem","position":4,"name":"Electro Engineer"}]},{"@type":"WebSite","@id":"https:\/\/vegaconsultants.no\/#website","url":"https:\/\/vegaconsultants.no\/","name":"Vega Consultants","description":"The right person for the right job","potentialAction":[{"@type":"SearchAction","target":{"@type":"EntryPoint","urlTemplate":"https:\/\/vegaconsultants.no\/?s={search_term_string}"},"query-input":{"@type":"PropertyValueSpecification","valueRequired":true,"valueName":"search_term_string"}}],"inLanguage":"en-GB"}]}},"_links":{"self":[{"href":"https:\/\/vegaconsultants.no\/en\/wp-json\/wp\/v2\/pages\/22839","targetHints":{"allow":["GET"]}}],"collection":[{"href":"https:\/\/vegaconsultants.no\/en\/wp-json\/wp\/v2\/pages"}],"about":[{"href":"https:\/\/vegaconsultants.no\/en\/wp-json\/wp\/v2\/types\/page"}],"author":[{"embeddable":true,"href":"https:\/\/vegaconsultants.no\/en\/wp-json\/wp\/v2\/users\/1"}],"replies":[{"embeddable":true,"href":"https:\/\/vegaconsultants.no\/en\/wp-json\/wp\/v2\/comments?post=22839"}],"version-history":[{"count":0,"href":"https:\/\/vegaconsultants.no\/en\/wp-json\/wp\/v2\/pages\/22839\/revisions"}],"up":[{"embeddable":true,"href":"https:\/\/vegaconsultants.no\/en\/wp-json\/wp\/v2\/pages\/4051"}],"wp:attachment":[{"href":"https:\/\/vegaconsultants.no\/en\/wp-json\/wp\/v2\/media?parent=22839"}],"curies":[{"name":"wp","href":"https:\/\/api.w.org\/{rel}","templated":true}]}}