{"id":22840,"date":"2026-05-01T05:12:48","date_gmt":"2026-05-01T03:12:48","guid":{"rendered":"https:\/\/vegaconsultants.no\/jobbsoker\/ledige-stillinger\/accounts-payable-3004691\/"},"modified":"2026-05-01T05:12:48","modified_gmt":"2026-05-01T03:12:48","slug":"accounts-payable-3004691","status":"publish","type":"page","link":"https:\/\/vegaconsultants.no\/en\/jobbsoker\/ledige-stillinger\/accounts-payable-3004691\/","title":{"rendered":"Accounts Payable"},"content":{"rendered":"<div class='vacancy-detail'>\n<div class='bold'>Vega Consultants AS<\/div>\n<div class='bold'>Accounts Payable<\/div>\n<div class='vacancy-body'>\n<h3><strong>Job duties:<\/strong><\/h3>\n<ul>\n<li>Sikre at fakturaer blir behandlet og betalt innen forfallsdato ved \u00e5 st\u00f8tte og f\u00f8lge opp godkjenneren av faktura<\/li>\n<li>Sikre at fakturaer blir bokf\u00f8rt i riktig regnskapsperiode og i henhold til selskapets retningslinjer og god regnskapsskikk<\/li>\n<li>Oppf\u00f8lging av avvik, purringer og leverand\u00f8rhenvendelser<\/li>\n<li>Bist\u00e5 med andre ad hoc-foresp\u00f8rsler og prosjekter ved behov<\/li>\n<\/ul>\n<h3><strong>Qualifications:<\/strong><\/h3>\n<ul>\n<li>Bachelorgrad innen \u00f8konomi\/regnskap eller annen relevant utdanning<\/li>\n<li>Erfaring med SAP<\/li>\n<li>God systemforst\u00e5else og tallforst\u00e5else<\/li>\n<li>Flytende i norsk og engelsk<\/li>\n<li>Selvg\u00e5ende og ansvarsbevisst<\/li>\n<li>Structured and accurate<\/li>\n<li>Proaktiv tiln\u00e6rming til \u00e5 gjennomg\u00e5 prosesser og foresl\u00e5 samt gjennomf\u00f8re prosessforbedringer<\/li>\n<li>Trives med teamarbeid \u2013 evne til \u00e5 involvere andre i eget arbeid ved behov<\/li>\n<\/ul>\n<p>For mer informasjon om denne rollen, ta kontakt med Grethe Borg p\u00e5 905 21 929<\/p>\n<\/div>\n<div class='vega-button'><span><a href='https:\/\/secure.webtemp.no\/WebtempCVPortal\/startsession.aspx?page=stillingsingle&amp;k=169&amp;id_utleie=3004691'>More info\/search here<\/a><\/span><\/div>\n<p><\/p>\n<hr>\n<div>\n<h4>REFNR<\/h4>\n<p>403525<\/p><\/div>\n<div>\n<h4>POSITION TYPE<\/h4>\n<p>Full-time<br \/>Temporary position\/engagement<\/div>\n<div>\n<h4>APPLICATION DEADLINE<\/h4>\n<p>ASAP<\/p><\/div>\n<div class='vacancy-consultant'>\n<h4>CONTACT PERSON(S)<\/h4>\n<div>Grethe Borg<\/div>\n<div>90 52 19 29<\/div>\n<div>grethe.borg@vegaconsultants.no<\/div>\n<\/div>\n<\/div>","protected":false},"excerpt":{"rendered":"<p>Vega Consultants AS Accounts Payable Arbeidsoppgaver: Sikre at fakturaer blir behandlet og betalt innen forfallsdato ved \u00e5 st\u00f8tte og f\u00f8lge opp godkjenneren av faktura Sikre at fakturaer blir bokf\u00f8rt i riktig regnskapsperiode og i henhold til selskapets retningslinjer og god regnskapsskikk Oppf\u00f8lging av avvik, purringer og leverand\u00f8rhenvendelser Bist\u00e5 med andre ad hoc-foresp\u00f8rsler og prosjekter ved [&hellip;]<\/p>\n","protected":false},"author":1,"featured_media":0,"parent":4051,"menu_order":0,"comment_status":"closed","ping_status":"closed","template":"","meta":{"_et_pb_use_builder":"","_et_pb_old_content":"","_et_gb_content_width":"","footnotes":""},"class_list":["post-22840","page","type-page","status-publish","hentry"],"yoast_head":"<!-- This site is optimized with the Yoast SEO plugin v27.4 - https:\/\/yoast.com\/product\/yoast-seo-wordpress\/ -->\n<title>Accounts Payable - Vega Consultants<\/title>\n<meta name=\"robots\" content=\"index, follow, max-snippet:-1, max-image-preview:large, max-video-preview:-1\" \/>\n<link rel=\"canonical\" href=\"https:\/\/vegaconsultants.no\/en\/jobbsoker\/ledige-stillinger\/accounts-payable-3004691\/\" \/>\n<meta property=\"og:locale\" content=\"en_GB\" \/>\n<meta property=\"og:type\" content=\"article\" \/>\n<meta property=\"og:title\" content=\"Accounts Payable - Vega Consultants\" \/>\n<meta property=\"og:description\" content=\"Vega Consultants AS Accounts Payable Arbeidsoppgaver: Sikre at fakturaer blir behandlet og betalt innen forfallsdato ved \u00e5 st\u00f8tte og f\u00f8lge opp godkjenneren av faktura Sikre at fakturaer blir bokf\u00f8rt i riktig regnskapsperiode og i henhold til selskapets retningslinjer og god regnskapsskikk Oppf\u00f8lging av avvik, purringer og leverand\u00f8rhenvendelser Bist\u00e5 med andre ad hoc-foresp\u00f8rsler og prosjekter ved [&hellip;]\" \/>\n<meta property=\"og:url\" content=\"https:\/\/vegaconsultants.no\/en\/jobbsoker\/ledige-stillinger\/accounts-payable-3004691\/\" \/>\n<meta property=\"og:site_name\" content=\"Vega Consultants\" \/>\n<meta name=\"twitter:card\" content=\"summary_large_image\" \/>\n<meta name=\"twitter:label1\" content=\"Estimated reading time\" \/>\n\t<meta name=\"twitter:data1\" content=\"1 minute\" \/>\n<script type=\"application\/ld+json\" class=\"yoast-schema-graph\">{\"@context\":\"https:\\\/\\\/schema.org\",\"@graph\":[{\"@type\":\"WebPage\",\"@id\":\"https:\\\/\\\/vegaconsultants.no\\\/jobbsoker\\\/ledige-stillinger\\\/accounts-payable-3004691\\\/\",\"url\":\"https:\\\/\\\/vegaconsultants.no\\\/jobbsoker\\\/ledige-stillinger\\\/accounts-payable-3004691\\\/\",\"name\":\"Accounts Payable - Vega Consultants\",\"isPartOf\":{\"@id\":\"https:\\\/\\\/vegaconsultants.no\\\/#website\"},\"datePublished\":\"2026-05-01T03:12:48+00:00\",\"breadcrumb\":{\"@id\":\"https:\\\/\\\/vegaconsultants.no\\\/jobbsoker\\\/ledige-stillinger\\\/accounts-payable-3004691\\\/#breadcrumb\"},\"inLanguage\":\"en-GB\",\"potentialAction\":[{\"@type\":\"ReadAction\",\"target\":[\"https:\\\/\\\/vegaconsultants.no\\\/jobbsoker\\\/ledige-stillinger\\\/accounts-payable-3004691\\\/\"]}]},{\"@type\":\"BreadcrumbList\",\"@id\":\"https:\\\/\\\/vegaconsultants.no\\\/jobbsoker\\\/ledige-stillinger\\\/accounts-payable-3004691\\\/#breadcrumb\",\"itemListElement\":[{\"@type\":\"ListItem\",\"position\":1,\"name\":\"Home\",\"item\":\"https:\\\/\\\/vegaconsultants.no\\\/\"},{\"@type\":\"ListItem\",\"position\":2,\"name\":\"Jobbs\u00f8ker\",\"item\":\"https:\\\/\\\/vegaconsultants.no\\\/jobbsoker\\\/\"},{\"@type\":\"ListItem\",\"position\":3,\"name\":\"Ledige stillinger\",\"item\":\"https:\\\/\\\/vegaconsultants.no\\\/jobbsoker\\\/ledige-stillinger\\\/\"},{\"@type\":\"ListItem\",\"position\":4,\"name\":\"Accounts Payable\"}]},{\"@type\":\"WebSite\",\"@id\":\"https:\\\/\\\/vegaconsultants.no\\\/#website\",\"url\":\"https:\\\/\\\/vegaconsultants.no\\\/\",\"name\":\"Vega Consultants\",\"description\":\"Rett person p\u00e5 rett plass\",\"potentialAction\":[{\"@type\":\"SearchAction\",\"target\":{\"@type\":\"EntryPoint\",\"urlTemplate\":\"https:\\\/\\\/vegaconsultants.no\\\/?s={search_term_string}\"},\"query-input\":{\"@type\":\"PropertyValueSpecification\",\"valueRequired\":true,\"valueName\":\"search_term_string\"}}],\"inLanguage\":\"en-GB\"}]}<\/script>\n<!-- \/ Yoast SEO plugin. -->","yoast_head_json":{"title":"Accounts Payable - Vega Consultants","robots":{"index":"index","follow":"follow","max-snippet":"max-snippet:-1","max-image-preview":"max-image-preview:large","max-video-preview":"max-video-preview:-1"},"canonical":"https:\/\/vegaconsultants.no\/en\/jobbsoker\/ledige-stillinger\/accounts-payable-3004691\/","og_locale":"en_GB","og_type":"article","og_title":"Accounts Payable - Vega Consultants","og_description":"Vega Consultants AS Accounts Payable Arbeidsoppgaver: Sikre at fakturaer blir behandlet og betalt innen forfallsdato ved \u00e5 st\u00f8tte og f\u00f8lge opp godkjenneren av faktura Sikre at fakturaer blir bokf\u00f8rt i riktig regnskapsperiode og i henhold til selskapets retningslinjer og god regnskapsskikk Oppf\u00f8lging av avvik, purringer og leverand\u00f8rhenvendelser Bist\u00e5 med andre ad hoc-foresp\u00f8rsler og prosjekter ved [&hellip;]","og_url":"https:\/\/vegaconsultants.no\/en\/jobbsoker\/ledige-stillinger\/accounts-payable-3004691\/","og_site_name":"Vega Consultants","twitter_card":"summary_large_image","twitter_misc":{"Estimated reading time":"1 minute"},"schema":{"@context":"https:\/\/schema.org","@graph":[{"@type":"WebPage","@id":"https:\/\/vegaconsultants.no\/jobbsoker\/ledige-stillinger\/accounts-payable-3004691\/","url":"https:\/\/vegaconsultants.no\/jobbsoker\/ledige-stillinger\/accounts-payable-3004691\/","name":"Accounts Payable - Vega Consultants","isPartOf":{"@id":"https:\/\/vegaconsultants.no\/#website"},"datePublished":"2026-05-01T03:12:48+00:00","breadcrumb":{"@id":"https:\/\/vegaconsultants.no\/jobbsoker\/ledige-stillinger\/accounts-payable-3004691\/#breadcrumb"},"inLanguage":"en-GB","potentialAction":[{"@type":"ReadAction","target":["https:\/\/vegaconsultants.no\/jobbsoker\/ledige-stillinger\/accounts-payable-3004691\/"]}]},{"@type":"BreadcrumbList","@id":"https:\/\/vegaconsultants.no\/jobbsoker\/ledige-stillinger\/accounts-payable-3004691\/#breadcrumb","itemListElement":[{"@type":"ListItem","position":1,"name":"Home","item":"https:\/\/vegaconsultants.no\/"},{"@type":"ListItem","position":2,"name":"Jobbs\u00f8ker","item":"https:\/\/vegaconsultants.no\/jobbsoker\/"},{"@type":"ListItem","position":3,"name":"Ledige stillinger","item":"https:\/\/vegaconsultants.no\/jobbsoker\/ledige-stillinger\/"},{"@type":"ListItem","position":4,"name":"Accounts Payable"}]},{"@type":"WebSite","@id":"https:\/\/vegaconsultants.no\/#website","url":"https:\/\/vegaconsultants.no\/","name":"Vega Consultants","description":"The right person for the right job","potentialAction":[{"@type":"SearchAction","target":{"@type":"EntryPoint","urlTemplate":"https:\/\/vegaconsultants.no\/?s={search_term_string}"},"query-input":{"@type":"PropertyValueSpecification","valueRequired":true,"valueName":"search_term_string"}}],"inLanguage":"en-GB"}]}},"_links":{"self":[{"href":"https:\/\/vegaconsultants.no\/en\/wp-json\/wp\/v2\/pages\/22840","targetHints":{"allow":["GET"]}}],"collection":[{"href":"https:\/\/vegaconsultants.no\/en\/wp-json\/wp\/v2\/pages"}],"about":[{"href":"https:\/\/vegaconsultants.no\/en\/wp-json\/wp\/v2\/types\/page"}],"author":[{"embeddable":true,"href":"https:\/\/vegaconsultants.no\/en\/wp-json\/wp\/v2\/users\/1"}],"replies":[{"embeddable":true,"href":"https:\/\/vegaconsultants.no\/en\/wp-json\/wp\/v2\/comments?post=22840"}],"version-history":[{"count":0,"href":"https:\/\/vegaconsultants.no\/en\/wp-json\/wp\/v2\/pages\/22840\/revisions"}],"up":[{"embeddable":true,"href":"https:\/\/vegaconsultants.no\/en\/wp-json\/wp\/v2\/pages\/4051"}],"wp:attachment":[{"href":"https:\/\/vegaconsultants.no\/en\/wp-json\/wp\/v2\/media?parent=22840"}],"curies":[{"name":"wp","href":"https:\/\/api.w.org\/{rel}","templated":true}]}}