{"id":22854,"date":"2026-05-01T06:12:51","date_gmt":"2026-05-01T04:12:51","guid":{"rendered":"https:\/\/vegaconsultants.no\/jobbsoker\/ledige-stillinger\/regnskapsmedarbeider-3004693\/"},"modified":"2026-05-01T06:12:51","modified_gmt":"2026-05-01T04:12:51","slug":"regnskapsmedarbeider-3004693","status":"publish","type":"page","link":"https:\/\/vegaconsultants.no\/en\/jobbsoker\/ledige-stillinger\/regnskapsmedarbeider-3004693\/","title":{"rendered":"Accounting clerk"},"content":{"rendered":"<div class='vacancy-detail'>\n<div class='bold'>Vega Consultants AS<\/div>\n<div class='bold'>Accounting clerk<\/div>\n<div class='vacancy-body'>\n<h3><strong>Job duties:<\/strong>&nbsp;<\/h3>\n<ul>\n<li>Brukeradministrasjon og oppf\u00f8lging av flyt i Eyeshare<\/li>\n<li>Kontering, periodisering og avsetninger ved m\u00e5nedsavslutning<\/li>\n<li>Balanseavstemming og dokumentasjon av regnskapet<\/li>\n<li>Ajourhold av leverand\u00f8rer, purringer og inkasso<\/li>\n<li>Purreservice mot innkj\u00f8p (M3\/Star\/Eyeshare)<\/li>\n<li>Fakturering, oppgj\u00f8r og avstemming&nbsp;<\/li>\n<li>Oppgj\u00f8r og avstemming mot inntekter<\/li>\n<\/ul>\n<h3><strong>Desired competence:<\/strong><\/h3>\n<ul>\n<li>Erfaring med regnskap og leverand\u00f8rreskontro<\/li>\n<li>God systemforst\u00e5else av Eyeshare og gjerne ogs\u00e5 M3<\/li>\n<li>Strukturert, n\u00f8yaktig og selvg\u00e5ende<\/li>\n<\/ul>\n<p><strong><em>For more information about this position, please contact Grethe Borg on 905 21 929.<\/em><\/strong><\/p>\n<\/div>\n<div class='vega-button'><span><a href='https:\/\/secure.webtemp.no\/WebtempCVPortal\/startsession.aspx?page=stillingsingle&amp;k=169&amp;id_utleie=3004693'>More info\/search here<\/a><\/span><\/div>\n<p><\/p>\n<hr>\n<div>\n<h4>REFNR<\/h4>\n<p>403527<\/p><\/div>\n<div>\n<h4>POSITION TYPE<\/h4>\n<p>Full-time<br \/>Temporary position\/engagement<\/div>\n<div>\n<h4>APPLICATION DEADLINE<\/h4>\n<p>Candidates are assessed on an ongoing basis.<\/p><\/div>\n<div class='vacancy-consultant'>\n<h4>CONTACT PERSON(S)<\/h4>\n<div>Grethe Borg<\/div>\n<div>90 52 19 29<\/div>\n<div>grethe.borg@vegaconsultants.no<\/div>\n<\/div>\n<\/div>","protected":false},"excerpt":{"rendered":"<p>Vega Consultants AS Regnskapsmedarbeider Arbeidsoppgaver:&nbsp; Brukeradministrasjon og oppf\u00f8lging av flyt i Eyeshare Kontering, periodisering og avsetninger ved m\u00e5nedsavslutning Balanseavstemming og dokumentasjon av regnskapet Ajourhold av leverand\u00f8rer, purringer og inkasso Purreservice mot innkj\u00f8p (M3\/Star\/Eyeshare) Fakturering, oppgj\u00f8r og avstemming&nbsp; Oppgj\u00f8r og avstemming mot inntekter \u00d8nsket kompetanse: Erfaring med regnskap og leverand\u00f8rreskontro God systemforst\u00e5else av Eyeshare og gjerne [&hellip;]<\/p>\n","protected":false},"author":1,"featured_media":0,"parent":4051,"menu_order":0,"comment_status":"closed","ping_status":"closed","template":"","meta":{"_et_pb_use_builder":"","_et_pb_old_content":"","_et_gb_content_width":"","footnotes":""},"class_list":["post-22854","page","type-page","status-publish","hentry"],"yoast_head":"<!-- This site is optimized with the Yoast SEO plugin v27.4 - https:\/\/yoast.com\/product\/yoast-seo-wordpress\/ -->\n<title>Regnskapsmedarbeider - Vega Consultants<\/title>\n<meta name=\"robots\" content=\"index, follow, max-snippet:-1, max-image-preview:large, max-video-preview:-1\" \/>\n<link rel=\"canonical\" href=\"https:\/\/vegaconsultants.no\/en\/jobbsoker\/ledige-stillinger\/regnskapsmedarbeider-3004693\/\" \/>\n<meta property=\"og:locale\" content=\"en_GB\" \/>\n<meta property=\"og:type\" content=\"article\" \/>\n<meta property=\"og:title\" content=\"Regnskapsmedarbeider - Vega Consultants\" \/>\n<meta property=\"og:description\" content=\"Vega Consultants AS Regnskapsmedarbeider Arbeidsoppgaver:&nbsp; Brukeradministrasjon og oppf\u00f8lging av flyt i Eyeshare Kontering, periodisering og avsetninger ved m\u00e5nedsavslutning Balanseavstemming og dokumentasjon av regnskapet Ajourhold av leverand\u00f8rer, purringer og inkasso Purreservice mot innkj\u00f8p (M3\/Star\/Eyeshare) Fakturering, oppgj\u00f8r og avstemming&nbsp; Oppgj\u00f8r og avstemming mot inntekter \u00d8nsket kompetanse: Erfaring med regnskap og leverand\u00f8rreskontro God systemforst\u00e5else av Eyeshare og gjerne [&hellip;]\" \/>\n<meta property=\"og:url\" content=\"https:\/\/vegaconsultants.no\/en\/jobbsoker\/ledige-stillinger\/regnskapsmedarbeider-3004693\/\" \/>\n<meta property=\"og:site_name\" content=\"Vega Consultants\" \/>\n<meta name=\"twitter:card\" content=\"summary_large_image\" \/>\n<meta name=\"twitter:label1\" content=\"Estimated reading time\" \/>\n\t<meta name=\"twitter:data1\" content=\"1 minute\" \/>\n<script type=\"application\/ld+json\" class=\"yoast-schema-graph\">{\"@context\":\"https:\\\/\\\/schema.org\",\"@graph\":[{\"@type\":\"WebPage\",\"@id\":\"https:\\\/\\\/vegaconsultants.no\\\/jobbsoker\\\/ledige-stillinger\\\/regnskapsmedarbeider-3004693\\\/\",\"url\":\"https:\\\/\\\/vegaconsultants.no\\\/jobbsoker\\\/ledige-stillinger\\\/regnskapsmedarbeider-3004693\\\/\",\"name\":\"Regnskapsmedarbeider - Vega Consultants\",\"isPartOf\":{\"@id\":\"https:\\\/\\\/vegaconsultants.no\\\/#website\"},\"datePublished\":\"2026-05-01T04:12:51+00:00\",\"breadcrumb\":{\"@id\":\"https:\\\/\\\/vegaconsultants.no\\\/jobbsoker\\\/ledige-stillinger\\\/regnskapsmedarbeider-3004693\\\/#breadcrumb\"},\"inLanguage\":\"en-GB\",\"potentialAction\":[{\"@type\":\"ReadAction\",\"target\":[\"https:\\\/\\\/vegaconsultants.no\\\/jobbsoker\\\/ledige-stillinger\\\/regnskapsmedarbeider-3004693\\\/\"]}]},{\"@type\":\"BreadcrumbList\",\"@id\":\"https:\\\/\\\/vegaconsultants.no\\\/jobbsoker\\\/ledige-stillinger\\\/regnskapsmedarbeider-3004693\\\/#breadcrumb\",\"itemListElement\":[{\"@type\":\"ListItem\",\"position\":1,\"name\":\"Home\",\"item\":\"https:\\\/\\\/vegaconsultants.no\\\/\"},{\"@type\":\"ListItem\",\"position\":2,\"name\":\"Jobbs\u00f8ker\",\"item\":\"https:\\\/\\\/vegaconsultants.no\\\/jobbsoker\\\/\"},{\"@type\":\"ListItem\",\"position\":3,\"name\":\"Ledige stillinger\",\"item\":\"https:\\\/\\\/vegaconsultants.no\\\/jobbsoker\\\/ledige-stillinger\\\/\"},{\"@type\":\"ListItem\",\"position\":4,\"name\":\"Regnskapsmedarbeider\"}]},{\"@type\":\"WebSite\",\"@id\":\"https:\\\/\\\/vegaconsultants.no\\\/#website\",\"url\":\"https:\\\/\\\/vegaconsultants.no\\\/\",\"name\":\"Vega Consultants\",\"description\":\"Rett person p\u00e5 rett plass\",\"potentialAction\":[{\"@type\":\"SearchAction\",\"target\":{\"@type\":\"EntryPoint\",\"urlTemplate\":\"https:\\\/\\\/vegaconsultants.no\\\/?s={search_term_string}\"},\"query-input\":{\"@type\":\"PropertyValueSpecification\",\"valueRequired\":true,\"valueName\":\"search_term_string\"}}],\"inLanguage\":\"en-GB\"}]}<\/script>\n<!-- \/ Yoast SEO plugin. -->","yoast_head_json":{"title":"Accounting Assistant - Vega Consultants","robots":{"index":"index","follow":"follow","max-snippet":"max-snippet:-1","max-image-preview":"max-image-preview:large","max-video-preview":"max-video-preview:-1"},"canonical":"https:\/\/vegaconsultants.no\/en\/jobbsoker\/ledige-stillinger\/regnskapsmedarbeider-3004693\/","og_locale":"en_GB","og_type":"article","og_title":"Regnskapsmedarbeider - Vega Consultants","og_description":"Vega Consultants AS Regnskapsmedarbeider Arbeidsoppgaver:&nbsp; Brukeradministrasjon og oppf\u00f8lging av flyt i Eyeshare Kontering, periodisering og avsetninger ved m\u00e5nedsavslutning Balanseavstemming og dokumentasjon av regnskapet Ajourhold av leverand\u00f8rer, purringer og inkasso Purreservice mot innkj\u00f8p (M3\/Star\/Eyeshare) Fakturering, oppgj\u00f8r og avstemming&nbsp; Oppgj\u00f8r og avstemming mot inntekter \u00d8nsket kompetanse: Erfaring med regnskap og leverand\u00f8rreskontro God systemforst\u00e5else av Eyeshare og gjerne [&hellip;]","og_url":"https:\/\/vegaconsultants.no\/en\/jobbsoker\/ledige-stillinger\/regnskapsmedarbeider-3004693\/","og_site_name":"Vega Consultants","twitter_card":"summary_large_image","twitter_misc":{"Estimated reading time":"1 minute"},"schema":{"@context":"https:\/\/schema.org","@graph":[{"@type":"WebPage","@id":"https:\/\/vegaconsultants.no\/jobbsoker\/ledige-stillinger\/regnskapsmedarbeider-3004693\/","url":"https:\/\/vegaconsultants.no\/jobbsoker\/ledige-stillinger\/regnskapsmedarbeider-3004693\/","name":"Accounting Assistant - Vega Consultants","isPartOf":{"@id":"https:\/\/vegaconsultants.no\/#website"},"datePublished":"2026-05-01T04:12:51+00:00","breadcrumb":{"@id":"https:\/\/vegaconsultants.no\/jobbsoker\/ledige-stillinger\/regnskapsmedarbeider-3004693\/#breadcrumb"},"inLanguage":"en-GB","potentialAction":[{"@type":"ReadAction","target":["https:\/\/vegaconsultants.no\/jobbsoker\/ledige-stillinger\/regnskapsmedarbeider-3004693\/"]}]},{"@type":"BreadcrumbList","@id":"https:\/\/vegaconsultants.no\/jobbsoker\/ledige-stillinger\/regnskapsmedarbeider-3004693\/#breadcrumb","itemListElement":[{"@type":"ListItem","position":1,"name":"Home","item":"https:\/\/vegaconsultants.no\/"},{"@type":"ListItem","position":2,"name":"Jobbs\u00f8ker","item":"https:\/\/vegaconsultants.no\/jobbsoker\/"},{"@type":"ListItem","position":3,"name":"Ledige stillinger","item":"https:\/\/vegaconsultants.no\/jobbsoker\/ledige-stillinger\/"},{"@type":"ListItem","position":4,"name":"Regnskapsmedarbeider"}]},{"@type":"WebSite","@id":"https:\/\/vegaconsultants.no\/#website","url":"https:\/\/vegaconsultants.no\/","name":"Vega Consultants","description":"The right person for the right job","potentialAction":[{"@type":"SearchAction","target":{"@type":"EntryPoint","urlTemplate":"https:\/\/vegaconsultants.no\/?s={search_term_string}"},"query-input":{"@type":"PropertyValueSpecification","valueRequired":true,"valueName":"search_term_string"}}],"inLanguage":"en-GB"}]}},"_links":{"self":[{"href":"https:\/\/vegaconsultants.no\/en\/wp-json\/wp\/v2\/pages\/22854","targetHints":{"allow":["GET"]}}],"collection":[{"href":"https:\/\/vegaconsultants.no\/en\/wp-json\/wp\/v2\/pages"}],"about":[{"href":"https:\/\/vegaconsultants.no\/en\/wp-json\/wp\/v2\/types\/page"}],"author":[{"embeddable":true,"href":"https:\/\/vegaconsultants.no\/en\/wp-json\/wp\/v2\/users\/1"}],"replies":[{"embeddable":true,"href":"https:\/\/vegaconsultants.no\/en\/wp-json\/wp\/v2\/comments?post=22854"}],"version-history":[{"count":0,"href":"https:\/\/vegaconsultants.no\/en\/wp-json\/wp\/v2\/pages\/22854\/revisions"}],"up":[{"embeddable":true,"href":"https:\/\/vegaconsultants.no\/en\/wp-json\/wp\/v2\/pages\/4051"}],"wp:attachment":[{"href":"https:\/\/vegaconsultants.no\/en\/wp-json\/wp\/v2\/media?parent=22854"}],"curies":[{"name":"wp","href":"https:\/\/api.w.org\/{rel}","templated":true}]}}