{"id":22611,"date":"2026-03-06T13:41:44","date_gmt":"2026-03-06T12:41:44","guid":{"rendered":"https:\/\/vegaconsultants.no\/?post_type=product&#038;p=22611"},"modified":"2026-03-06T13:42:16","modified_gmt":"2026-03-06T12:42:16","slug":"karriereretning","status":"publish","type":"product","link":"https:\/\/vegaconsultants.no\/en\/product\/karriereretning\/","title":{"rendered":"Karriereretning"},"content":{"rendered":"<p><strong>\u00abFra usikkerhet til tydelig retning og plan\u00bb<\/strong><\/p>\n<p>Karriereretning er for deg som \u00f8nsker mer enn avklaring \u2013 og som vil lande konkrete valg og en realistisk plan videre. Vi har et objektivt blikk p\u00e5 mulighetene og vi hjelper deg med kursen fremover.<\/p>\n<p>Varighet:\u00a04\u20136 uker<\/p>\n<ul>\n<li>Kort digital introduksjon<\/li>\n<li>Innledende m\u00f8te \u00e0 45 min\n<ul>\n<li>Motivasjon, \u00f8nsker og situasjonsforst\u00e5else<\/li>\n<\/ul>\n<\/li>\n<li>1 arbeidsrelaterte tester<\/li>\n<li>2 individuelle veiledningssamtaler \u00e0 60 min<br \/>\nFokus:<\/p>\n<ul>\n<li>Testtilbakelesning<\/li>\n<li>Karrierealternativer (inkl. kurs\/etterutdanning)<\/li>\n<li>Jobbidentitet og posisjonering<\/li>\n<\/ul>\n<\/li>\n<li>Skriftlig karriere- og handlingsplan<\/li>\n<\/ul>","protected":false},"excerpt":{"rendered":"<p>\u00abFra usikkerhet til tydelig retning og plan\u00bb Karriereretning er for deg som \u00f8nsker mer enn avklaring \u2013 og som vil lande konkrete valg og en realistisk plan videre. Vi har et objektivt blikk p\u00e5 mulighetene og vi hjelper deg med kursen fremover. Varighet:\u00a04\u20136 uker Kort digital introduksjon Innledende m\u00f8te \u00e0 45 min Motivasjon, \u00f8nsker og [&hellip;]<\/p>\n","protected":false},"featured_media":4020,"comment_status":"open","ping_status":"closed","template":"","meta":{"_et_pb_use_builder":"","_et_pb_old_content":"","_et_gb_content_width":""},"product_brand":[],"product_cat":[85],"product_tag":[],"class_list":{"0":"post-22611","1":"product","2":"type-product","3":"status-publish","4":"has-post-thumbnail","6":"product_cat-karriereveiledning","8":"first","9":"instock","10":"downloadable","11":"virtual","12":"purchasable","13":"product-type-simple"},"yoast_head":"<!-- This site is optimized with the Yoast SEO plugin v27.3 - https:\/\/yoast.com\/product\/yoast-seo-wordpress\/ -->\n<title>Karriereretning - Vega Consultants<\/title>\n<meta name=\"robots\" content=\"index, follow, max-snippet:-1, max-image-preview:large, max-video-preview:-1\" \/>\n<link rel=\"canonical\" href=\"https:\/\/vegaconsultants.no\/en\/product\/karriereretning\/\" \/>\n<meta property=\"og:locale\" content=\"en_GB\" \/>\n<meta property=\"og:type\" content=\"article\" \/>\n<meta property=\"og:title\" content=\"Karriereretning - Vega Consultants\" \/>\n<meta property=\"og:description\" content=\"\u00abFra usikkerhet til tydelig retning og plan\u00bb Karriereretning er for deg som \u00f8nsker mer enn avklaring \u2013 og som vil lande konkrete valg og en realistisk plan videre. Vi har et objektivt blikk p\u00e5 mulighetene og vi hjelper deg med kursen fremover. Varighet:\u00a04\u20136 uker Kort digital introduksjon Innledende m\u00f8te \u00e0 45 min Motivasjon, \u00f8nsker og [&hellip;]\" \/>\n<meta property=\"og:url\" content=\"https:\/\/vegaconsultants.no\/en\/product\/karriereretning\/\" \/>\n<meta property=\"og:site_name\" content=\"Vega Consultants\" \/>\n<meta property=\"article:modified_time\" content=\"2026-03-06T12:42:16+00:00\" \/>\n<meta name=\"twitter:card\" content=\"summary_large_image\" \/>\n<meta name=\"twitter:label1\" content=\"Estimated reading time\" \/>\n\t<meta name=\"twitter:data1\" content=\"1 minute\" \/>\n<script type=\"application\/ld+json\" class=\"yoast-schema-graph\">{\"@context\":\"https:\\\/\\\/schema.org\",\"@graph\":[{\"@type\":\"WebPage\",\"@id\":\"https:\\\/\\\/vegaconsultants.no\\\/product\\\/karriereretning\\\/\",\"url\":\"https:\\\/\\\/vegaconsultants.no\\\/product\\\/karriereretning\\\/\",\"name\":\"Karriereretning - Vega Consultants\",\"isPartOf\":{\"@id\":\"https:\\\/\\\/vegaconsultants.no\\\/#website\"},\"primaryImageOfPage\":{\"@id\":\"https:\\\/\\\/vegaconsultants.no\\\/product\\\/karriereretning\\\/#primaryimage\"},\"image\":{\"@id\":\"https:\\\/\\\/vegaconsultants.no\\\/product\\\/karriereretning\\\/#primaryimage\"},\"thumbnailUrl\":\"https:\\\/\\\/vegaconsultants.no\\\/wp-content\\\/uploads\\\/2020\\\/02\\\/VegaConsultants_logo.svg\",\"datePublished\":\"2026-03-06T12:41:44+00:00\",\"dateModified\":\"2026-03-06T12:42:16+00:00\",\"breadcrumb\":{\"@id\":\"https:\\\/\\\/vegaconsultants.no\\\/product\\\/karriereretning\\\/#breadcrumb\"},\"inLanguage\":\"en-GB\",\"potentialAction\":[{\"@type\":\"ReadAction\",\"target\":[\"https:\\\/\\\/vegaconsultants.no\\\/product\\\/karriereretning\\\/\"]}]},{\"@type\":\"ImageObject\",\"inLanguage\":\"en-GB\",\"@id\":\"https:\\\/\\\/vegaconsultants.no\\\/product\\\/karriereretning\\\/#primaryimage\",\"url\":\"https:\\\/\\\/vegaconsultants.no\\\/wp-content\\\/uploads\\\/2020\\\/02\\\/VegaConsultants_logo.svg\",\"contentUrl\":\"https:\\\/\\\/vegaconsultants.no\\\/wp-content\\\/uploads\\\/2020\\\/02\\\/VegaConsultants_logo.svg\",\"caption\":\"Vega Consultants\"},{\"@type\":\"BreadcrumbList\",\"@id\":\"https:\\\/\\\/vegaconsultants.no\\\/product\\\/karriereretning\\\/#breadcrumb\",\"itemListElement\":[{\"@type\":\"ListItem\",\"position\":1,\"name\":\"Home\",\"item\":\"https:\\\/\\\/vegaconsultants.no\\\/\"},{\"@type\":\"ListItem\",\"position\":2,\"name\":\"Shop\",\"item\":\"https:\\\/\\\/vegaconsultants.no\\\/shop\\\/\"},{\"@type\":\"ListItem\",\"position\":3,\"name\":\"Karriereretning\"}]},{\"@type\":\"WebSite\",\"@id\":\"https:\\\/\\\/vegaconsultants.no\\\/#website\",\"url\":\"https:\\\/\\\/vegaconsultants.no\\\/\",\"name\":\"Vega Consultants\",\"description\":\"Rett person p\u00e5 rett plass\",\"potentialAction\":[{\"@type\":\"SearchAction\",\"target\":{\"@type\":\"EntryPoint\",\"urlTemplate\":\"https:\\\/\\\/vegaconsultants.no\\\/?s={search_term_string}\"},\"query-input\":{\"@type\":\"PropertyValueSpecification\",\"valueRequired\":true,\"valueName\":\"search_term_string\"}}],\"inLanguage\":\"en-GB\"}]}<\/script>\n<!-- \/ Yoast SEO plugin. -->","yoast_head_json":{"title":"Karriereretning - Vega Consultants","robots":{"index":"index","follow":"follow","max-snippet":"max-snippet:-1","max-image-preview":"max-image-preview:large","max-video-preview":"max-video-preview:-1"},"canonical":"https:\/\/vegaconsultants.no\/en\/product\/karriereretning\/","og_locale":"en_GB","og_type":"article","og_title":"Karriereretning - Vega Consultants","og_description":"\u00abFra usikkerhet til tydelig retning og plan\u00bb Karriereretning er for deg som \u00f8nsker mer enn avklaring \u2013 og som vil lande konkrete valg og en realistisk plan videre. Vi har et objektivt blikk p\u00e5 mulighetene og vi hjelper deg med kursen fremover. Varighet:\u00a04\u20136 uker Kort digital introduksjon Innledende m\u00f8te \u00e0 45 min Motivasjon, \u00f8nsker og [&hellip;]","og_url":"https:\/\/vegaconsultants.no\/en\/product\/karriereretning\/","og_site_name":"Vega Consultants","article_modified_time":"2026-03-06T12:42:16+00:00","twitter_card":"summary_large_image","twitter_misc":{"Estimated reading time":"1 minute"},"schema":{"@context":"https:\/\/schema.org","@graph":[{"@type":"WebPage","@id":"https:\/\/vegaconsultants.no\/product\/karriereretning\/","url":"https:\/\/vegaconsultants.no\/product\/karriereretning\/","name":"Karriereretning - Vega Consultants","isPartOf":{"@id":"https:\/\/vegaconsultants.no\/#website"},"primaryImageOfPage":{"@id":"https:\/\/vegaconsultants.no\/product\/karriereretning\/#primaryimage"},"image":{"@id":"https:\/\/vegaconsultants.no\/product\/karriereretning\/#primaryimage"},"thumbnailUrl":"https:\/\/vegaconsultants.no\/wp-content\/uploads\/2020\/02\/VegaConsultants_logo.svg","datePublished":"2026-03-06T12:41:44+00:00","dateModified":"2026-03-06T12:42:16+00:00","breadcrumb":{"@id":"https:\/\/vegaconsultants.no\/product\/karriereretning\/#breadcrumb"},"inLanguage":"en-GB","potentialAction":[{"@type":"ReadAction","target":["https:\/\/vegaconsultants.no\/product\/karriereretning\/"]}]},{"@type":"ImageObject","inLanguage":"en-GB","@id":"https:\/\/vegaconsultants.no\/product\/karriereretning\/#primaryimage","url":"https:\/\/vegaconsultants.no\/wp-content\/uploads\/2020\/02\/VegaConsultants_logo.svg","contentUrl":"https:\/\/vegaconsultants.no\/wp-content\/uploads\/2020\/02\/VegaConsultants_logo.svg","caption":"Vega Consultants"},{"@type":"BreadcrumbList","@id":"https:\/\/vegaconsultants.no\/product\/karriereretning\/#breadcrumb","itemListElement":[{"@type":"ListItem","position":1,"name":"Home","item":"https:\/\/vegaconsultants.no\/"},{"@type":"ListItem","position":2,"name":"Shop","item":"https:\/\/vegaconsultants.no\/shop\/"},{"@type":"ListItem","position":3,"name":"Karriereretning"}]},{"@type":"WebSite","@id":"https:\/\/vegaconsultants.no\/#website","url":"https:\/\/vegaconsultants.no\/","name":"Vega Consultants","description":"The right person for the right job","potentialAction":[{"@type":"SearchAction","target":{"@type":"EntryPoint","urlTemplate":"https:\/\/vegaconsultants.no\/?s={search_term_string}"},"query-input":{"@type":"PropertyValueSpecification","valueRequired":true,"valueName":"search_term_string"}}],"inLanguage":"en-GB"}]}},"_links":{"self":[{"href":"https:\/\/vegaconsultants.no\/en\/wp-json\/wp\/v2\/product\/22611","targetHints":{"allow":["GET"]}}],"collection":[{"href":"https:\/\/vegaconsultants.no\/en\/wp-json\/wp\/v2\/product"}],"about":[{"href":"https:\/\/vegaconsultants.no\/en\/wp-json\/wp\/v2\/types\/product"}],"replies":[{"embeddable":true,"href":"https:\/\/vegaconsultants.no\/en\/wp-json\/wp\/v2\/comments?post=22611"}],"wp:featuredmedia":[{"embeddable":true,"href":"https:\/\/vegaconsultants.no\/en\/wp-json\/wp\/v2\/media\/4020"}],"wp:attachment":[{"href":"https:\/\/vegaconsultants.no\/en\/wp-json\/wp\/v2\/media?parent=22611"}],"wp:term":[{"taxonomy":"product_brand","embeddable":true,"href":"https:\/\/vegaconsultants.no\/en\/wp-json\/wp\/v2\/product_brand?post=22611"},{"taxonomy":"product_cat","embeddable":true,"href":"https:\/\/vegaconsultants.no\/en\/wp-json\/wp\/v2\/product_cat?post=22611"},{"taxonomy":"product_tag","embeddable":true,"href":"https:\/\/vegaconsultants.no\/en\/wp-json\/wp\/v2\/product_tag?post=22611"}],"curies":[{"name":"wp","href":"https:\/\/api.w.org\/{rel}","templated":true}]}}