{"id":22612,"date":"2026-03-06T13:42:36","date_gmt":"2026-03-06T12:42:36","guid":{"rendered":"https:\/\/vegaconsultants.no\/?post_type=product&#038;p=22612"},"modified":"2026-03-06T13:43:15","modified_gmt":"2026-03-06T12:43:15","slug":"karriereendring","status":"publish","type":"product","link":"https:\/\/vegaconsultants.no\/en\/product\/karriereendring\/","title":{"rendered":"Karriereendring"},"content":{"rendered":"<p><strong>\u00abStrukturert st\u00f8tte i prosessen mot ny jobb eller ny retning\u00bb<\/strong><\/p>\n<p>Karriereendring er v\u00e5rt mest omfattende tilbud, for deg som st\u00e5r i en st\u00f8rre overgang og \u00f8nsker tett, profesjonell oppf\u00f8lging hele veien. Vi gir deg verkt\u00f8y for en trygg overgang, og gode veivalg.<\/p>\n<p>Varighet:\u00a08\u201310 uker<\/p>\n<ul>\n<li>Kort digital introduksjon<\/li>\n<li>Innledende m\u00f8te \u00e0 45 min\n<ul>\n<li>Motivasjon og m\u00e5l<\/li>\n<\/ul>\n<\/li>\n<li>2 arbeidsrelaterte tester<\/li>\n<li>4\u20135 individuelle samtaler \u00e0 45 min<br \/>\nInkluderer:<\/p>\n<ul>\n<li>Test tilbakelesning<\/li>\n<li>Beslutningsst\u00f8tte<\/li>\n<li>Psykologiske reaksjoner i omstilling<\/li>\n<li>Forberedelse til jobbmarkedet<\/li>\n<li>Sosiale medier og nettverk<\/li>\n<li>CV- og LinkedIn-strategi<\/li>\n<\/ul>\n<\/li>\n<li>Avsluttende utviklings- og handlingsplan<\/li>\n<li>30 min oppf\u00f8lgingssamtale etter avslutning<\/li>\n<\/ul>","protected":false},"excerpt":{"rendered":"<p>\u00abStrukturert st\u00f8tte i prosessen mot ny jobb eller ny retning\u00bb Karriereendring er v\u00e5rt mest omfattende tilbud, for deg som st\u00e5r i en st\u00f8rre overgang og \u00f8nsker tett, profesjonell oppf\u00f8lging hele veien. Vi gir deg verkt\u00f8y for en trygg overgang, og gode veivalg. Varighet:\u00a08\u201310 uker Kort digital introduksjon Innledende m\u00f8te \u00e0 45 min Motivasjon og m\u00e5l [&hellip;]<\/p>\n","protected":false},"featured_media":4020,"comment_status":"open","ping_status":"closed","template":"","meta":{"_et_pb_use_builder":"","_et_pb_old_content":"","_et_gb_content_width":""},"product_brand":[],"product_cat":[85],"product_tag":[],"class_list":{"0":"post-22612","1":"product","2":"type-product","3":"status-publish","4":"has-post-thumbnail","6":"product_cat-karriereveiledning","8":"first","9":"instock","10":"downloadable","11":"virtual","12":"purchasable","13":"product-type-simple"},"yoast_head":"<!-- This site is optimized with the Yoast SEO plugin v27.3 - https:\/\/yoast.com\/product\/yoast-seo-wordpress\/ -->\n<title>Karriereendring - Vega Consultants<\/title>\n<meta name=\"robots\" content=\"index, follow, max-snippet:-1, max-image-preview:large, max-video-preview:-1\" \/>\n<link rel=\"canonical\" href=\"https:\/\/vegaconsultants.no\/en\/product\/karriereendring\/\" \/>\n<meta property=\"og:locale\" content=\"en_GB\" \/>\n<meta property=\"og:type\" content=\"article\" \/>\n<meta property=\"og:title\" content=\"Karriereendring - Vega Consultants\" \/>\n<meta property=\"og:description\" content=\"\u00abStrukturert st\u00f8tte i prosessen mot ny jobb eller ny retning\u00bb Karriereendring er v\u00e5rt mest omfattende tilbud, for deg som st\u00e5r i en st\u00f8rre overgang og \u00f8nsker tett, profesjonell oppf\u00f8lging hele veien. Vi gir deg verkt\u00f8y for en trygg overgang, og gode veivalg. Varighet:\u00a08\u201310 uker Kort digital introduksjon Innledende m\u00f8te \u00e0 45 min Motivasjon og m\u00e5l [&hellip;]\" \/>\n<meta property=\"og:url\" content=\"https:\/\/vegaconsultants.no\/en\/product\/karriereendring\/\" \/>\n<meta property=\"og:site_name\" content=\"Vega Consultants\" \/>\n<meta property=\"article:modified_time\" content=\"2026-03-06T12:43:15+00:00\" \/>\n<meta name=\"twitter:card\" content=\"summary_large_image\" \/>\n<meta name=\"twitter:label1\" content=\"Estimated reading time\" \/>\n\t<meta name=\"twitter:data1\" content=\"1 minute\" \/>\n<script type=\"application\/ld+json\" class=\"yoast-schema-graph\">{\"@context\":\"https:\\\/\\\/schema.org\",\"@graph\":[{\"@type\":\"WebPage\",\"@id\":\"https:\\\/\\\/vegaconsultants.no\\\/product\\\/karriereendring\\\/\",\"url\":\"https:\\\/\\\/vegaconsultants.no\\\/product\\\/karriereendring\\\/\",\"name\":\"Karriereendring - Vega Consultants\",\"isPartOf\":{\"@id\":\"https:\\\/\\\/vegaconsultants.no\\\/#website\"},\"primaryImageOfPage\":{\"@id\":\"https:\\\/\\\/vegaconsultants.no\\\/product\\\/karriereendring\\\/#primaryimage\"},\"image\":{\"@id\":\"https:\\\/\\\/vegaconsultants.no\\\/product\\\/karriereendring\\\/#primaryimage\"},\"thumbnailUrl\":\"https:\\\/\\\/vegaconsultants.no\\\/wp-content\\\/uploads\\\/2020\\\/02\\\/VegaConsultants_logo.svg\",\"datePublished\":\"2026-03-06T12:42:36+00:00\",\"dateModified\":\"2026-03-06T12:43:15+00:00\",\"breadcrumb\":{\"@id\":\"https:\\\/\\\/vegaconsultants.no\\\/product\\\/karriereendring\\\/#breadcrumb\"},\"inLanguage\":\"en-GB\",\"potentialAction\":[{\"@type\":\"ReadAction\",\"target\":[\"https:\\\/\\\/vegaconsultants.no\\\/product\\\/karriereendring\\\/\"]}]},{\"@type\":\"ImageObject\",\"inLanguage\":\"en-GB\",\"@id\":\"https:\\\/\\\/vegaconsultants.no\\\/product\\\/karriereendring\\\/#primaryimage\",\"url\":\"https:\\\/\\\/vegaconsultants.no\\\/wp-content\\\/uploads\\\/2020\\\/02\\\/VegaConsultants_logo.svg\",\"contentUrl\":\"https:\\\/\\\/vegaconsultants.no\\\/wp-content\\\/uploads\\\/2020\\\/02\\\/VegaConsultants_logo.svg\",\"caption\":\"Vega Consultants\"},{\"@type\":\"BreadcrumbList\",\"@id\":\"https:\\\/\\\/vegaconsultants.no\\\/product\\\/karriereendring\\\/#breadcrumb\",\"itemListElement\":[{\"@type\":\"ListItem\",\"position\":1,\"name\":\"Home\",\"item\":\"https:\\\/\\\/vegaconsultants.no\\\/\"},{\"@type\":\"ListItem\",\"position\":2,\"name\":\"Shop\",\"item\":\"https:\\\/\\\/vegaconsultants.no\\\/shop\\\/\"},{\"@type\":\"ListItem\",\"position\":3,\"name\":\"Karriereendring\"}]},{\"@type\":\"WebSite\",\"@id\":\"https:\\\/\\\/vegaconsultants.no\\\/#website\",\"url\":\"https:\\\/\\\/vegaconsultants.no\\\/\",\"name\":\"Vega Consultants\",\"description\":\"Rett person p\u00e5 rett plass\",\"potentialAction\":[{\"@type\":\"SearchAction\",\"target\":{\"@type\":\"EntryPoint\",\"urlTemplate\":\"https:\\\/\\\/vegaconsultants.no\\\/?s={search_term_string}\"},\"query-input\":{\"@type\":\"PropertyValueSpecification\",\"valueRequired\":true,\"valueName\":\"search_term_string\"}}],\"inLanguage\":\"en-GB\"}]}<\/script>\n<!-- \/ Yoast SEO plugin. -->","yoast_head_json":{"title":"Karriereendring - Vega Consultants","robots":{"index":"index","follow":"follow","max-snippet":"max-snippet:-1","max-image-preview":"max-image-preview:large","max-video-preview":"max-video-preview:-1"},"canonical":"https:\/\/vegaconsultants.no\/en\/product\/karriereendring\/","og_locale":"en_GB","og_type":"article","og_title":"Karriereendring - Vega Consultants","og_description":"\u00abStrukturert st\u00f8tte i prosessen mot ny jobb eller ny retning\u00bb Karriereendring er v\u00e5rt mest omfattende tilbud, for deg som st\u00e5r i en st\u00f8rre overgang og \u00f8nsker tett, profesjonell oppf\u00f8lging hele veien. Vi gir deg verkt\u00f8y for en trygg overgang, og gode veivalg. Varighet:\u00a08\u201310 uker Kort digital introduksjon Innledende m\u00f8te \u00e0 45 min Motivasjon og m\u00e5l [&hellip;]","og_url":"https:\/\/vegaconsultants.no\/en\/product\/karriereendring\/","og_site_name":"Vega Consultants","article_modified_time":"2026-03-06T12:43:15+00:00","twitter_card":"summary_large_image","twitter_misc":{"Estimated reading time":"1 minute"},"schema":{"@context":"https:\/\/schema.org","@graph":[{"@type":"WebPage","@id":"https:\/\/vegaconsultants.no\/product\/karriereendring\/","url":"https:\/\/vegaconsultants.no\/product\/karriereendring\/","name":"Karriereendring - Vega Consultants","isPartOf":{"@id":"https:\/\/vegaconsultants.no\/#website"},"primaryImageOfPage":{"@id":"https:\/\/vegaconsultants.no\/product\/karriereendring\/#primaryimage"},"image":{"@id":"https:\/\/vegaconsultants.no\/product\/karriereendring\/#primaryimage"},"thumbnailUrl":"https:\/\/vegaconsultants.no\/wp-content\/uploads\/2020\/02\/VegaConsultants_logo.svg","datePublished":"2026-03-06T12:42:36+00:00","dateModified":"2026-03-06T12:43:15+00:00","breadcrumb":{"@id":"https:\/\/vegaconsultants.no\/product\/karriereendring\/#breadcrumb"},"inLanguage":"en-GB","potentialAction":[{"@type":"ReadAction","target":["https:\/\/vegaconsultants.no\/product\/karriereendring\/"]}]},{"@type":"ImageObject","inLanguage":"en-GB","@id":"https:\/\/vegaconsultants.no\/product\/karriereendring\/#primaryimage","url":"https:\/\/vegaconsultants.no\/wp-content\/uploads\/2020\/02\/VegaConsultants_logo.svg","contentUrl":"https:\/\/vegaconsultants.no\/wp-content\/uploads\/2020\/02\/VegaConsultants_logo.svg","caption":"Vega Consultants"},{"@type":"BreadcrumbList","@id":"https:\/\/vegaconsultants.no\/product\/karriereendring\/#breadcrumb","itemListElement":[{"@type":"ListItem","position":1,"name":"Home","item":"https:\/\/vegaconsultants.no\/"},{"@type":"ListItem","position":2,"name":"Shop","item":"https:\/\/vegaconsultants.no\/shop\/"},{"@type":"ListItem","position":3,"name":"Karriereendring"}]},{"@type":"WebSite","@id":"https:\/\/vegaconsultants.no\/#website","url":"https:\/\/vegaconsultants.no\/","name":"Vega Consultants","description":"The right person for the right job","potentialAction":[{"@type":"SearchAction","target":{"@type":"EntryPoint","urlTemplate":"https:\/\/vegaconsultants.no\/?s={search_term_string}"},"query-input":{"@type":"PropertyValueSpecification","valueRequired":true,"valueName":"search_term_string"}}],"inLanguage":"en-GB"}]}},"_links":{"self":[{"href":"https:\/\/vegaconsultants.no\/en\/wp-json\/wp\/v2\/product\/22612","targetHints":{"allow":["GET"]}}],"collection":[{"href":"https:\/\/vegaconsultants.no\/en\/wp-json\/wp\/v2\/product"}],"about":[{"href":"https:\/\/vegaconsultants.no\/en\/wp-json\/wp\/v2\/types\/product"}],"replies":[{"embeddable":true,"href":"https:\/\/vegaconsultants.no\/en\/wp-json\/wp\/v2\/comments?post=22612"}],"wp:featuredmedia":[{"embeddable":true,"href":"https:\/\/vegaconsultants.no\/en\/wp-json\/wp\/v2\/media\/4020"}],"wp:attachment":[{"href":"https:\/\/vegaconsultants.no\/en\/wp-json\/wp\/v2\/media?parent=22612"}],"wp:term":[{"taxonomy":"product_brand","embeddable":true,"href":"https:\/\/vegaconsultants.no\/en\/wp-json\/wp\/v2\/product_brand?post=22612"},{"taxonomy":"product_cat","embeddable":true,"href":"https:\/\/vegaconsultants.no\/en\/wp-json\/wp\/v2\/product_cat?post=22612"},{"taxonomy":"product_tag","embeddable":true,"href":"https:\/\/vegaconsultants.no\/en\/wp-json\/wp\/v2\/product_tag?post=22612"}],"curies":[{"name":"wp","href":"https:\/\/api.w.org\/{rel}","templated":true}]}}